{"id":394244,"date":"2025-05-18T22:18:00","date_gmt":"2025-05-18T22:18:00","guid":{"rendered":"https:\/\/staging2.stylingagenten.com\/no\/produkt\/wet-n-wild-megalast-lock-n-shine-lip-color-irresistable\/"},"modified":"2025-12-18T21:59:05","modified_gmt":"2025-12-18T21:59:05","slug":"wet-n-wild-megalast-lock-n-shine-lip-color-irresistable","status":"publish","type":"product","link":"https:\/\/stylingagenten.com\/no\/produkt\/wet-n-wild-megalast-lock-n-shine-lip-color-irresistable\/","title":{"rendered":"Wet n Wild Megalast Lock n&#8217; Shine Lip Color &#8211; Irresistable"},"content":{"rendered":"<p>Denne dobbeltsidige lipglossen f\u00e5r leppene dine til \u00e5 skinne i flere timer! Den ene siden inneholder en leppefarge, og den andre siden har en transparent glans. Formulert med ingredienser som E-vitaminacetat, jojobaolje og antioksidantrik pasjonsfruktfr\u00f8olje for \u00e5 fukte og pleie leppene. Velg din favorittfarge og l\u00e5s den deretter inn med glansen fra wet n wilds MegaLast Lock \u2019n\u2019 Shine!<\/p>\n<p>Farge: Irresistable<\/p>\n<p>8 ml<\/p>\n","protected":false},"excerpt":{"rendered":"<p>Denne dobbeltsidige lipglossen f\u00e5r leppene dine til \u00e5 skinne i flere timer! Den ene siden inneholder en leppefarge, og den andre siden har en transparent glans. Formulert med ingredienser som E-vitaminacetat, jojobaolje og antioksidantrik pasjonsfruktfr\u00f8olje for \u00e5 fukte og pleie leppene. Velg din favorittfarge og l\u00e5s den deretter inn med glansen fra wet n wilds [&hellip;]<\/p>\n","protected":false},"featured_media":394224,"comment_status":"open","ping_status":"closed","template":"","meta":{"_trash_the_other_posts":false},"product_brand":[],"product_cat":[599],"product_tag":[4099],"berocket_brand":[1035],"class_list":{"0":"post-394244","1":"product","2":"type-product","3":"status-publish","4":"has-post-thumbnail","6":"product_cat-lipgloss","7":"product_tag-wet-n-wild-megalast-lock-n-shine-lip-color","8":"pa_brand-wet-n-wild","9":"pa_variant-irresistable","10":"berocket_brand-wet-n-wild","12":"first","13":"instock","14":"sale","15":"taxable","16":"shipping-taxable","17":"purchasable","18":"product-type-simple"},"_links":{"self":[{"href":"https:\/\/stylingagenten.com\/no\/wp-json\/wp\/v2\/product\/394244","targetHints":{"allow":["GET"]}}],"collection":[{"href":"https:\/\/stylingagenten.com\/no\/wp-json\/wp\/v2\/product"}],"about":[{"href":"https:\/\/stylingagenten.com\/no\/wp-json\/wp\/v2\/types\/product"}],"replies":[{"embeddable":true,"href":"https:\/\/stylingagenten.com\/no\/wp-json\/wp\/v2\/comments?post=394244"}],"version-history":[{"count":0,"href":"https:\/\/stylingagenten.com\/no\/wp-json\/wp\/v2\/product\/394244\/revisions"}],"wp:featuredmedia":[{"embeddable":true,"href":"https:\/\/stylingagenten.com\/no\/wp-json\/wp\/v2\/media\/394224"}],"wp:attachment":[{"href":"https:\/\/stylingagenten.com\/no\/wp-json\/wp\/v2\/media?parent=394244"}],"wp:term":[{"taxonomy":"product_brand","embeddable":true,"href":"https:\/\/stylingagenten.com\/no\/wp-json\/wp\/v2\/product_brand?post=394244"},{"taxonomy":"product_cat","embeddable":true,"href":"https:\/\/stylingagenten.com\/no\/wp-json\/wp\/v2\/product_cat?post=394244"},{"taxonomy":"product_tag","embeddable":true,"href":"https:\/\/stylingagenten.com\/no\/wp-json\/wp\/v2\/product_tag?post=394244"},{"taxonomy":"berocket_brand","embeddable":true,"href":"https:\/\/stylingagenten.com\/no\/wp-json\/wp\/v2\/berocket_brand?post=394244"}],"curies":[{"name":"wp","href":"https:\/\/api.w.org\/{rel}","templated":true}]}}