{"id":394229,"date":"2025-05-18T22:17:58","date_gmt":"2025-05-18T22:17:58","guid":{"rendered":"https:\/\/staging2.stylingagenten.com\/no\/produkt\/beauty-uk-glacier-gloss-no-11-clear\/"},"modified":"2026-02-19T08:46:39","modified_gmt":"2026-02-19T08:46:39","slug":"beauty-uk-glacier-gloss-no-11-clear","status":"publish","type":"product","link":"https:\/\/stylingagenten.com\/no\/produkt\/beauty-uk-glacier-gloss-no-11-clear\/","title":{"rendered":"Beauty UK Glacier Gloss no.11 &#8211; Clear"},"content":{"rendered":"<p>Glacier Gloss &#8211; en lipglosskolleksjon som lover h\u00f8yintensitetsglans og intens farge!<br \/>Glacier Gloss dekker sjener\u00f8st leppene i en rekke nyanser med en sofistikert og intens glans. Den silkeaktige teksturen og den elegante applikatoren gj\u00f8r p\u00e5f\u00f8ringen enkel, noe som resulterer i lengre og mer behagelig bruk. Kolleksjonen inkluderer et utvalg av trendy nyanser og ikoniske favoritter for et bredt spekter av effekter, fra ren glans til dristig glans. Den nydesignede emballasjen har et gjennomsiktig r\u00f8r for forbedret fargesynlighet.<\/p>\n","protected":false},"excerpt":{"rendered":"<p>Glacier Gloss &#8211; en lipglosskolleksjon som lover h\u00f8yintensitetsglans og intens farge!Glacier Gloss dekker sjener\u00f8st leppene i en rekke nyanser med en sofistikert og intens glans. Den silkeaktige teksturen og den elegante applikatoren gj\u00f8r p\u00e5f\u00f8ringen enkel, noe som resulterer i lengre og mer behagelig bruk. Kolleksjonen inkluderer et utvalg av trendy nyanser og ikoniske favoritter for [&hellip;]<\/p>\n","protected":false},"featured_media":394225,"comment_status":"open","ping_status":"closed","template":"","meta":{"_trash_the_other_posts":false},"product_brand":[],"product_cat":[599],"product_tag":[2491],"berocket_brand":[1059],"class_list":{"0":"post-394229","1":"product","2":"type-product","3":"status-publish","4":"has-post-thumbnail","6":"product_cat-lipgloss","7":"product_tag-beauty-uk-glacier-gloss","8":"pa_brand-beautyuk","9":"pa_variant-no-11-clear","10":"berocket_brand-beautyuk","12":"first","13":"instock","14":"sale","15":"taxable","16":"shipping-taxable","17":"purchasable","18":"product-type-simple"},"_links":{"self":[{"href":"https:\/\/stylingagenten.com\/no\/wp-json\/wp\/v2\/product\/394229","targetHints":{"allow":["GET"]}}],"collection":[{"href":"https:\/\/stylingagenten.com\/no\/wp-json\/wp\/v2\/product"}],"about":[{"href":"https:\/\/stylingagenten.com\/no\/wp-json\/wp\/v2\/types\/product"}],"replies":[{"embeddable":true,"href":"https:\/\/stylingagenten.com\/no\/wp-json\/wp\/v2\/comments?post=394229"}],"version-history":[{"count":0,"href":"https:\/\/stylingagenten.com\/no\/wp-json\/wp\/v2\/product\/394229\/revisions"}],"wp:featuredmedia":[{"embeddable":true,"href":"https:\/\/stylingagenten.com\/no\/wp-json\/wp\/v2\/media\/394225"}],"wp:attachment":[{"href":"https:\/\/stylingagenten.com\/no\/wp-json\/wp\/v2\/media?parent=394229"}],"wp:term":[{"taxonomy":"product_brand","embeddable":true,"href":"https:\/\/stylingagenten.com\/no\/wp-json\/wp\/v2\/product_brand?post=394229"},{"taxonomy":"product_cat","embeddable":true,"href":"https:\/\/stylingagenten.com\/no\/wp-json\/wp\/v2\/product_cat?post=394229"},{"taxonomy":"product_tag","embeddable":true,"href":"https:\/\/stylingagenten.com\/no\/wp-json\/wp\/v2\/product_tag?post=394229"},{"taxonomy":"berocket_brand","embeddable":true,"href":"https:\/\/stylingagenten.com\/no\/wp-json\/wp\/v2\/berocket_brand?post=394229"}],"curies":[{"name":"wp","href":"https:\/\/api.w.org\/{rel}","templated":true}]}}