{"id":394208,"date":"2025-05-18T22:17:54","date_gmt":"2025-05-18T22:17:54","guid":{"rendered":"https:\/\/staging2.stylingagenten.com\/no\/produkt\/wet-n-wild-mega-glo-lipcheek-berry-true\/"},"modified":"2025-12-18T21:58:59","modified_gmt":"2025-12-18T21:58:59","slug":"wet-n-wild-mega-glo-lipcheek-berry-true","status":"publish","type":"product","link":"https:\/\/stylingagenten.com\/no\/produkt\/wet-n-wild-mega-glo-lipcheek-berry-true\/","title":{"rendered":"Wet n Wild Mega Glo Lip&amp;Cheek &#8211; Berry True"},"content":{"rendered":"<p>Sammetsmyk, lett, kremet og byggbar, denne leppe- og kinnfargen gir en umiddelbar naturlig r\u00f8dme og kan bygges opp p\u00e5 lepper og kinn for en intens gl\u00f8d. Den gir en praktisk fargeklikk eller en glamor\u00f8s r\u00f8dme i en diffundert, myk-matt finish.<\/p>\n<p>For lepper og kinn: Tilsett s\u00f8ml\u00f8s farge til leppene og kinnene dine med myk fargekraft. Lett \u00e5 p\u00e5f\u00f8re: Den kremete teksturen kan umiddelbart p\u00e5f\u00f8res med fingrene, en pensel eller en svamp. Byggbar og blandbar: Superbyggbar og lett \u00e5 blande for en feilfri finish. Vakre utseender: Denne vektl\u00f8se leppe- og kinnfargen er tilgjengelig i dr\u00f8mmeaktige b\u00e6rbare farger som naturlig forbedrer trekkene dine. Kvalitet uten dyretesting: wet n wilds sminkeprodukter testes aldri p\u00e5 dyr og er alltid cruelty-free.<\/p>\n","protected":false},"excerpt":{"rendered":"<p>Sammetsmyk, lett, kremet og byggbar, denne leppe- og kinnfargen gir en umiddelbar naturlig r\u00f8dme og kan bygges opp p\u00e5 lepper og kinn for en intens gl\u00f8d. Den gir en praktisk fargeklikk eller en glamor\u00f8s r\u00f8dme i en diffundert, myk-matt finish. For lepper og kinn: Tilsett s\u00f8ml\u00f8s farge til leppene og kinnene dine med myk fargekraft. [&hellip;]<\/p>\n","protected":false},"featured_media":394191,"comment_status":"open","ping_status":"closed","template":"","meta":{"_trash_the_other_posts":false},"product_brand":[],"product_cat":[599],"product_tag":[4087],"berocket_brand":[1035],"class_list":{"0":"post-394208","1":"product","2":"type-product","3":"status-publish","4":"has-post-thumbnail","6":"product_cat-lipgloss","7":"product_tag-wet-n-wild-mega-glo-lipcheek","8":"pa_brand-wet-n-wild","9":"pa_variant-berry-true","10":"berocket_brand-wet-n-wild","12":"first","13":"instock","14":"sale","15":"taxable","16":"shipping-taxable","17":"purchasable","18":"product-type-simple"},"_links":{"self":[{"href":"https:\/\/stylingagenten.com\/no\/wp-json\/wp\/v2\/product\/394208","targetHints":{"allow":["GET"]}}],"collection":[{"href":"https:\/\/stylingagenten.com\/no\/wp-json\/wp\/v2\/product"}],"about":[{"href":"https:\/\/stylingagenten.com\/no\/wp-json\/wp\/v2\/types\/product"}],"replies":[{"embeddable":true,"href":"https:\/\/stylingagenten.com\/no\/wp-json\/wp\/v2\/comments?post=394208"}],"version-history":[{"count":0,"href":"https:\/\/stylingagenten.com\/no\/wp-json\/wp\/v2\/product\/394208\/revisions"}],"wp:featuredmedia":[{"embeddable":true,"href":"https:\/\/stylingagenten.com\/no\/wp-json\/wp\/v2\/media\/394191"}],"wp:attachment":[{"href":"https:\/\/stylingagenten.com\/no\/wp-json\/wp\/v2\/media?parent=394208"}],"wp:term":[{"taxonomy":"product_brand","embeddable":true,"href":"https:\/\/stylingagenten.com\/no\/wp-json\/wp\/v2\/product_brand?post=394208"},{"taxonomy":"product_cat","embeddable":true,"href":"https:\/\/stylingagenten.com\/no\/wp-json\/wp\/v2\/product_cat?post=394208"},{"taxonomy":"product_tag","embeddable":true,"href":"https:\/\/stylingagenten.com\/no\/wp-json\/wp\/v2\/product_tag?post=394208"},{"taxonomy":"berocket_brand","embeddable":true,"href":"https:\/\/stylingagenten.com\/no\/wp-json\/wp\/v2\/berocket_brand?post=394208"}],"curies":[{"name":"wp","href":"https:\/\/api.w.org\/{rel}","templated":true}]}}