{"id":394164,"date":"2025-05-18T22:17:47","date_gmt":"2025-05-18T22:17:47","guid":{"rendered":"https:\/\/staging2.stylingagenten.com\/no\/produkt\/bareminerals-dewy-lip-gloss-balm-devotion\/"},"modified":"2026-01-23T11:30:00","modified_gmt":"2026-01-23T11:30:00","slug":"bareminerals-dewy-lip-gloss-balm-devotion","status":"publish","type":"product","link":"https:\/\/stylingagenten.com\/no\/produkt\/bareminerals-dewy-lip-gloss-balm-devotion\/","title":{"rendered":"BareMinerals Dewy Lip Gloss-Balm Devotion"},"content":{"rendered":"<p>BareMinerals Dewy Lip Gloss-Balm er en leppeglans-balm som pleier leppene med deilig glans hele dagen* + 24 timers fuktighet** for synlig sunnere, jevnere og mykere lepper.<\/p>\n<p>Fordyp leppene i en uimotst\u00e5elig, saftig glans med transparent farge som holder leppene fuktige hele dagen*. Denne fyldige, ikke-klissete leppeglans-balmen smelter p\u00e5 leppene ved p\u00e5f\u00f8ring og er fylt med b\u00e6rekraftig produserte ingredienser som f\u00e5r leppene til \u00e5 f\u00f8les mykere, jevnere og mer hydrert umiddelbart ved p\u00e5f\u00f8ring og over tid. Leppeglansen er helt vegansk.<\/p>\n<p>HVA GJ\u00d8R DEN?<br \/>-Leppeglans-balm som gir leppene en lett, jevn farge med bare ett str\u00f8k \u2013 finnes i 8 inkluderende nyanser.<br \/>-Klinisk bevist \u00e5 gi 8 timers kontinuerlig glans*.<br \/>-Klinisk bevist \u00e5 gi 24 timers kontinuerlig fuktighet*.<br \/>-Lepper ser mykere, jevnere og friskere ut p\u00e5 bare en uke**.<\/p>\n<p>HVA MER B\u00d8R DU VITE?<br \/>-94 % leppevennlige ingredienser. Vegansk.<br \/>-Resirkulerbar, helt i aluminiumsinnpakning.<br \/>-Formulert uten syntetiske duftstoffer, PEG og mer.<\/p>\n<p>Farge: Devotion<\/p>\n","protected":false},"excerpt":{"rendered":"<p>BareMinerals Dewy Lip Gloss-Balm er en leppeglans-balm som pleier leppene med deilig glans hele dagen* + 24 timers fuktighet** for synlig sunnere, jevnere og mykere lepper. Fordyp leppene i en uimotst\u00e5elig, saftig glans med transparent farge som holder leppene fuktige hele dagen*. Denne fyldige, ikke-klissete leppeglans-balmen smelter p\u00e5 leppene ved p\u00e5f\u00f8ring og er fylt med [&hellip;]<\/p>\n","protected":false},"featured_media":394127,"comment_status":"open","ping_status":"closed","template":"","meta":{"_trash_the_other_posts":false},"product_brand":[],"product_cat":[599],"product_tag":[2469],"berocket_brand":[1256],"class_list":{"0":"post-394164","1":"product","2":"type-product","3":"status-publish","4":"has-post-thumbnail","6":"product_cat-lipgloss","7":"product_tag-bareminerals-dewy-lip-gloss-balm","8":"pa_brand-bareminerals","9":"pa_variant-devotion","10":"berocket_brand-bareminerals","12":"first","13":"instock","14":"sale","15":"taxable","16":"shipping-taxable","17":"purchasable","18":"product-type-simple"},"_links":{"self":[{"href":"https:\/\/stylingagenten.com\/no\/wp-json\/wp\/v2\/product\/394164","targetHints":{"allow":["GET"]}}],"collection":[{"href":"https:\/\/stylingagenten.com\/no\/wp-json\/wp\/v2\/product"}],"about":[{"href":"https:\/\/stylingagenten.com\/no\/wp-json\/wp\/v2\/types\/product"}],"replies":[{"embeddable":true,"href":"https:\/\/stylingagenten.com\/no\/wp-json\/wp\/v2\/comments?post=394164"}],"version-history":[{"count":0,"href":"https:\/\/stylingagenten.com\/no\/wp-json\/wp\/v2\/product\/394164\/revisions"}],"wp:featuredmedia":[{"embeddable":true,"href":"https:\/\/stylingagenten.com\/no\/wp-json\/wp\/v2\/media\/394127"}],"wp:attachment":[{"href":"https:\/\/stylingagenten.com\/no\/wp-json\/wp\/v2\/media?parent=394164"}],"wp:term":[{"taxonomy":"product_brand","embeddable":true,"href":"https:\/\/stylingagenten.com\/no\/wp-json\/wp\/v2\/product_brand?post=394164"},{"taxonomy":"product_cat","embeddable":true,"href":"https:\/\/stylingagenten.com\/no\/wp-json\/wp\/v2\/product_cat?post=394164"},{"taxonomy":"product_tag","embeddable":true,"href":"https:\/\/stylingagenten.com\/no\/wp-json\/wp\/v2\/product_tag?post=394164"},{"taxonomy":"berocket_brand","embeddable":true,"href":"https:\/\/stylingagenten.com\/no\/wp-json\/wp\/v2\/berocket_brand?post=394164"}],"curies":[{"name":"wp","href":"https:\/\/api.w.org\/{rel}","templated":true}]}}