{"id":394135,"date":"2025-05-18T22:17:44","date_gmt":"2025-05-18T22:17:44","guid":{"rendered":"https:\/\/staging2.stylingagenten.com\/no\/produkt\/wet-n-wild-cloud-pout-marshmallow-lip-mousse-3ml-pour-some-suga-on-me\/"},"modified":"2025-12-18T21:58:54","modified_gmt":"2025-12-18T21:58:54","slug":"wet-n-wild-cloud-pout-marshmallow-lip-mousse-3ml-pour-some-suga-on-me","status":"publish","type":"product","link":"https:\/\/stylingagenten.com\/no\/produkt\/wet-n-wild-cloud-pout-marshmallow-lip-mousse-3ml-pour-some-suga-on-me\/","title":{"rendered":"Wet n Wild Cloud Pout Marshmallow Lip Mousse 3ml &#8211; Pour Some Suga On Me"},"content":{"rendered":"<p>Wet n Wild Cloud Pout Marshmallow Lip Mousse er en magisk lipgloss som f\u00f8les som en herlig myk marshmallow-sky. Beriket med arganolje, avokadoolje og E-vitamin for \u00e5 gi n\u00e6ring og fuktighet til leppene, med en duft av s\u00f8t marshmallow. Lipglossen gir en naturlig farge, men kan ogs\u00e5 bygges opp for mer dekkende, matt finish. Inneholder natriumhyaluronat som fukter og jevner ut fine linjer for et jevnt utseende.<\/p>\n<p>Farge: Pour Some Suga On Me<\/p>\n<p>3ml<\/p>\n","protected":false},"excerpt":{"rendered":"<p>Wet n Wild Cloud Pout Marshmallow Lip Mousse er en magisk lipgloss som f\u00f8les som en herlig myk marshmallow-sky. Beriket med arganolje, avokadoolje og E-vitamin for \u00e5 gi n\u00e6ring og fuktighet til leppene, med en duft av s\u00f8t marshmallow. Lipglossen gir en naturlig farge, men kan ogs\u00e5 bygges opp for mer dekkende, matt finish. Inneholder [&hellip;]<\/p>\n","protected":false},"featured_media":394120,"comment_status":"open","ping_status":"closed","template":"","meta":{"_trash_the_other_posts":false},"product_brand":[],"product_cat":[599],"product_tag":[4078],"berocket_brand":[1035],"class_list":{"0":"post-394135","1":"product","2":"type-product","3":"status-publish","4":"has-post-thumbnail","6":"product_cat-lipgloss","7":"product_tag-wet-n-wild-cloud-pout-marshmallow-lip-mousse-3ml","8":"pa_brand-wet-n-wild","9":"pa_variant-pour-some-suga-on-me","10":"berocket_brand-wet-n-wild","12":"first","13":"instock","14":"taxable","15":"shipping-taxable","16":"purchasable","17":"product-type-simple"},"_links":{"self":[{"href":"https:\/\/stylingagenten.com\/no\/wp-json\/wp\/v2\/product\/394135","targetHints":{"allow":["GET"]}}],"collection":[{"href":"https:\/\/stylingagenten.com\/no\/wp-json\/wp\/v2\/product"}],"about":[{"href":"https:\/\/stylingagenten.com\/no\/wp-json\/wp\/v2\/types\/product"}],"replies":[{"embeddable":true,"href":"https:\/\/stylingagenten.com\/no\/wp-json\/wp\/v2\/comments?post=394135"}],"version-history":[{"count":0,"href":"https:\/\/stylingagenten.com\/no\/wp-json\/wp\/v2\/product\/394135\/revisions"}],"wp:featuredmedia":[{"embeddable":true,"href":"https:\/\/stylingagenten.com\/no\/wp-json\/wp\/v2\/media\/394120"}],"wp:attachment":[{"href":"https:\/\/stylingagenten.com\/no\/wp-json\/wp\/v2\/media?parent=394135"}],"wp:term":[{"taxonomy":"product_brand","embeddable":true,"href":"https:\/\/stylingagenten.com\/no\/wp-json\/wp\/v2\/product_brand?post=394135"},{"taxonomy":"product_cat","embeddable":true,"href":"https:\/\/stylingagenten.com\/no\/wp-json\/wp\/v2\/product_cat?post=394135"},{"taxonomy":"product_tag","embeddable":true,"href":"https:\/\/stylingagenten.com\/no\/wp-json\/wp\/v2\/product_tag?post=394135"},{"taxonomy":"berocket_brand","embeddable":true,"href":"https:\/\/stylingagenten.com\/no\/wp-json\/wp\/v2\/berocket_brand?post=394135"}],"curies":[{"name":"wp","href":"https:\/\/api.w.org\/{rel}","templated":true}]}}