{"id":394021,"date":"2025-05-18T22:17:27","date_gmt":"2025-05-18T22:17:27","guid":{"rendered":"https:\/\/staging2.stylingagenten.com\/no\/produkt\/bareminerals-mineralist-lip-gloss-balm-love\/"},"modified":"2026-01-23T11:31:11","modified_gmt":"2026-01-23T11:31:11","slug":"bareminerals-mineralist-lip-gloss-balm-love","status":"publish","type":"product","link":"https:\/\/stylingagenten.com\/no\/produkt\/bareminerals-mineralist-lip-gloss-balm-love\/","title":{"rendered":"BareMinerals Mineralist Lip Gloss Balm Love"},"content":{"rendered":"<p>BareMinerals Mineralist Lip Gloss Balm er en hybrid mellom leppeglans og leppebalm, fylt med kaldpressede fruktoljer for transparent farge, glansfull finish og uimotst\u00e5elig myke lepper.<\/p>\n<p>DETTE GJ\u00d8R DEN:<br \/>-Gir lett farge og glans uten \u00e5 f\u00f8les klissete.<br \/>-Behagelig balmtekstur som n\u00e6rer og jevner ut leppene.<br \/>-F\u00e5r leppene til \u00e5 f\u00f8les mykere, glattere og mer fuktede \u2013 umiddelbart og over tid.<\/p>\n<p>FORBRUKERTESTET:<br \/>-Klinisk bevist \u00e5 forbedre leppenes glatthet, b\u00e5de umiddelbart og over tid.<br \/>-Gir opptil 50 % glattere lepper p\u00e5 bare \u00e9n uke*.<br \/>-90 % oppga at leppene deres f\u00f8ltes umiddelbart fuktet*.<\/p>\n<p>DERFOR KOMMER DU TIL \u00c5 ELSKE DEN:<br \/>-Kombinerer pleiende egenskaper fra en balm med glansen fra en gloss.<br \/>-Vegansk formel laget med naturlige og b\u00e6rekraftig utvunne kaldpressede fruktoljer.<br \/>-Dermatologisk testet.<br \/>-Lokk og flaske laget av resirkulert plast.<br \/>-Vegansk.<br \/>-Fri for parabener + formulert uten syntetisk duft, SLS, gluten m.m.<\/p>\n<p>Farge: Love<\/p>\n","protected":false},"excerpt":{"rendered":"<p>BareMinerals Mineralist Lip Gloss Balm er en hybrid mellom leppeglans og leppebalm, fylt med kaldpressede fruktoljer for transparent farge, glansfull finish og uimotst\u00e5elig myke lepper. DETTE GJ\u00d8R DEN:-Gir lett farge og glans uten \u00e5 f\u00f8les klissete.-Behagelig balmtekstur som n\u00e6rer og jevner ut leppene.-F\u00e5r leppene til \u00e5 f\u00f8les mykere, glattere og mer fuktede \u2013 umiddelbart og [&hellip;]<\/p>\n","protected":false},"featured_media":394013,"comment_status":"open","ping_status":"closed","template":"","meta":{"_trash_the_other_posts":false},"product_brand":[],"product_cat":[599],"product_tag":[2473],"berocket_brand":[1256],"class_list":{"0":"post-394021","1":"product","2":"type-product","3":"status-publish","4":"has-post-thumbnail","6":"product_cat-lipgloss","7":"product_tag-bareminerals-mineralist-lip-gloss-balm","8":"pa_brand-bareminerals","9":"pa_variant-love","10":"berocket_brand-bareminerals","12":"first","13":"instock","14":"sale","15":"taxable","16":"shipping-taxable","17":"purchasable","18":"product-type-simple"},"_links":{"self":[{"href":"https:\/\/stylingagenten.com\/no\/wp-json\/wp\/v2\/product\/394021","targetHints":{"allow":["GET"]}}],"collection":[{"href":"https:\/\/stylingagenten.com\/no\/wp-json\/wp\/v2\/product"}],"about":[{"href":"https:\/\/stylingagenten.com\/no\/wp-json\/wp\/v2\/types\/product"}],"replies":[{"embeddable":true,"href":"https:\/\/stylingagenten.com\/no\/wp-json\/wp\/v2\/comments?post=394021"}],"version-history":[{"count":0,"href":"https:\/\/stylingagenten.com\/no\/wp-json\/wp\/v2\/product\/394021\/revisions"}],"wp:featuredmedia":[{"embeddable":true,"href":"https:\/\/stylingagenten.com\/no\/wp-json\/wp\/v2\/media\/394013"}],"wp:attachment":[{"href":"https:\/\/stylingagenten.com\/no\/wp-json\/wp\/v2\/media?parent=394021"}],"wp:term":[{"taxonomy":"product_brand","embeddable":true,"href":"https:\/\/stylingagenten.com\/no\/wp-json\/wp\/v2\/product_brand?post=394021"},{"taxonomy":"product_cat","embeddable":true,"href":"https:\/\/stylingagenten.com\/no\/wp-json\/wp\/v2\/product_cat?post=394021"},{"taxonomy":"product_tag","embeddable":true,"href":"https:\/\/stylingagenten.com\/no\/wp-json\/wp\/v2\/product_tag?post=394021"},{"taxonomy":"berocket_brand","embeddable":true,"href":"https:\/\/stylingagenten.com\/no\/wp-json\/wp\/v2\/berocket_brand?post=394021"}],"curies":[{"name":"wp","href":"https:\/\/api.w.org\/{rel}","templated":true}]}}