{"id":393933,"date":"2025-05-18T22:17:11","date_gmt":"2025-05-18T22:17:11","guid":{"rendered":"https:\/\/staging2.stylingagenten.com\/no\/produkt\/kokie-retractable-lip-liner-bright-fuchsia\/"},"modified":"2025-12-18T21:49:25","modified_gmt":"2025-12-18T21:49:25","slug":"kokie-retractable-lip-liner-bright-fuchsia","status":"publish","type":"product","link":"https:\/\/stylingagenten.com\/no\/produkt\/kokie-retractable-lip-liner-bright-fuchsia\/","title":{"rendered":"Kokie Retractable Lip Liner &#8211; Bright Fuchsia"},"content":{"rendered":"<p>Kokie Retractable Lip Liner er en uttrekkbar lipliner som gj\u00f8r det enkelt \u00e5 definere og forme leppene dine.<\/p>\n<p>Disse myke, kremete leppeforingene er vanntette og ligger superfint p\u00e5 leppene med en halvmatt finish. Tilgjengelig i flere glatte nyanser som komplimenterer din naturlige hudfarge s\u00e5 vel som de fleste leppestiftfarger. Bruk alene eller med leppestift.<\/p>\n","protected":false},"excerpt":{"rendered":"<p>Kokie Retractable Lip Liner er en uttrekkbar lipliner som gj\u00f8r det enkelt \u00e5 definere og forme leppene dine. Disse myke, kremete leppeforingene er vanntette og ligger superfint p\u00e5 leppene med en halvmatt finish. Tilgjengelig i flere glatte nyanser som komplimenterer din naturlige hudfarge s\u00e5 vel som de fleste leppestiftfarger. Bruk alene eller med leppestift.<\/p>\n","protected":false},"featured_media":393925,"comment_status":"open","ping_status":"closed","template":"","meta":{"_trash_the_other_posts":false},"product_brand":[],"product_cat":[592],"product_tag":[3159],"berocket_brand":[1198],"class_list":{"0":"post-393933","1":"product","2":"type-product","3":"status-publish","4":"has-post-thumbnail","6":"product_cat-lipliner","7":"product_tag-kokie-retractable-lip-liner","8":"pa_brand-kokie-cosmetics","9":"pa_variant-bright-fuchsia","10":"berocket_brand-kokie-cosmetics","12":"first","13":"instock","14":"taxable","15":"shipping-taxable","16":"purchasable","17":"product-type-simple"},"_links":{"self":[{"href":"https:\/\/stylingagenten.com\/no\/wp-json\/wp\/v2\/product\/393933","targetHints":{"allow":["GET"]}}],"collection":[{"href":"https:\/\/stylingagenten.com\/no\/wp-json\/wp\/v2\/product"}],"about":[{"href":"https:\/\/stylingagenten.com\/no\/wp-json\/wp\/v2\/types\/product"}],"replies":[{"embeddable":true,"href":"https:\/\/stylingagenten.com\/no\/wp-json\/wp\/v2\/comments?post=393933"}],"version-history":[{"count":0,"href":"https:\/\/stylingagenten.com\/no\/wp-json\/wp\/v2\/product\/393933\/revisions"}],"wp:featuredmedia":[{"embeddable":true,"href":"https:\/\/stylingagenten.com\/no\/wp-json\/wp\/v2\/media\/393925"}],"wp:attachment":[{"href":"https:\/\/stylingagenten.com\/no\/wp-json\/wp\/v2\/media?parent=393933"}],"wp:term":[{"taxonomy":"product_brand","embeddable":true,"href":"https:\/\/stylingagenten.com\/no\/wp-json\/wp\/v2\/product_brand?post=393933"},{"taxonomy":"product_cat","embeddable":true,"href":"https:\/\/stylingagenten.com\/no\/wp-json\/wp\/v2\/product_cat?post=393933"},{"taxonomy":"product_tag","embeddable":true,"href":"https:\/\/stylingagenten.com\/no\/wp-json\/wp\/v2\/product_tag?post=393933"},{"taxonomy":"berocket_brand","embeddable":true,"href":"https:\/\/stylingagenten.com\/no\/wp-json\/wp\/v2\/berocket_brand?post=393933"}],"curies":[{"name":"wp","href":"https:\/\/api.w.org\/{rel}","templated":true}]}}