{"id":393901,"date":"2025-05-18T22:17:04","date_gmt":"2025-05-18T22:17:04","guid":{"rendered":"https:\/\/staging2.stylingagenten.com\/no\/produkt\/max-factor-colour-elixir-lipliner-04-pink-princess\/"},"modified":"2026-03-29T21:28:45","modified_gmt":"2026-03-29T21:28:45","slug":"max-factor-colour-elixir-lipliner-04-pink-princess","status":"publish","type":"product","link":"https:\/\/stylingagenten.com\/no\/produkt\/max-factor-colour-elixir-lipliner-04-pink-princess\/","title":{"rendered":"Max Factor Colour Elixir Lipliner &#8211; 04 Pink princess"},"content":{"rendered":"<p>Max Factor Color Elixir Lipliner har perfekt struktur for \u00e5 gi en enkel p\u00e5f\u00f8ring. Definerer leppekonturen og forhindrer at leppestift eller lipgloss flekker. Fantastisk pigmentering, enkel \u00e5 bruke og langvarig.<\/p>\n","protected":false},"excerpt":{"rendered":"<p>Max Factor Color Elixir Lipliner har perfekt struktur for \u00e5 gi en enkel p\u00e5f\u00f8ring. Definerer leppekonturen og forhindrer at leppestift eller lipgloss flekker. Fantastisk pigmentering, enkel \u00e5 bruke og langvarig.<\/p>\n","protected":false},"featured_media":393885,"comment_status":"open","ping_status":"closed","template":"","meta":{"_trash_the_other_posts":false},"product_brand":[],"product_cat":[592],"product_tag":[3463],"berocket_brand":[1013],"class_list":{"0":"post-393901","1":"product","2":"type-product","3":"status-publish","4":"has-post-thumbnail","6":"product_cat-lipliner","7":"product_tag-max-factor-colour-elixir-lipliner","8":"pa_brand-max-factor","9":"pa_variant-04-pink-princess","10":"berocket_brand-max-factor","12":"first","13":"instock","14":"sale","15":"taxable","16":"shipping-taxable","17":"purchasable","18":"product-type-simple"},"_links":{"self":[{"href":"https:\/\/stylingagenten.com\/no\/wp-json\/wp\/v2\/product\/393901","targetHints":{"allow":["GET"]}}],"collection":[{"href":"https:\/\/stylingagenten.com\/no\/wp-json\/wp\/v2\/product"}],"about":[{"href":"https:\/\/stylingagenten.com\/no\/wp-json\/wp\/v2\/types\/product"}],"replies":[{"embeddable":true,"href":"https:\/\/stylingagenten.com\/no\/wp-json\/wp\/v2\/comments?post=393901"}],"version-history":[{"count":0,"href":"https:\/\/stylingagenten.com\/no\/wp-json\/wp\/v2\/product\/393901\/revisions"}],"wp:featuredmedia":[{"embeddable":true,"href":"https:\/\/stylingagenten.com\/no\/wp-json\/wp\/v2\/media\/393885"}],"wp:attachment":[{"href":"https:\/\/stylingagenten.com\/no\/wp-json\/wp\/v2\/media?parent=393901"}],"wp:term":[{"taxonomy":"product_brand","embeddable":true,"href":"https:\/\/stylingagenten.com\/no\/wp-json\/wp\/v2\/product_brand?post=393901"},{"taxonomy":"product_cat","embeddable":true,"href":"https:\/\/stylingagenten.com\/no\/wp-json\/wp\/v2\/product_cat?post=393901"},{"taxonomy":"product_tag","embeddable":true,"href":"https:\/\/stylingagenten.com\/no\/wp-json\/wp\/v2\/product_tag?post=393901"},{"taxonomy":"berocket_brand","embeddable":true,"href":"https:\/\/stylingagenten.com\/no\/wp-json\/wp\/v2\/berocket_brand?post=393901"}],"curies":[{"name":"wp","href":"https:\/\/api.w.org\/{rel}","templated":true}]}}