{"id":393870,"date":"2025-05-18T22:16:59","date_gmt":"2025-05-18T22:16:59","guid":{"rendered":"https:\/\/staging2.stylingagenten.com\/no\/produkt\/make-up-store-lippencil-the-perfect-pink\/"},"modified":"2026-03-23T08:19:39","modified_gmt":"2026-03-23T08:19:39","slug":"make-up-store-lippencil-the-perfect-pink","status":"publish","type":"product","link":"https:\/\/stylingagenten.com\/no\/produkt\/make-up-store-lippencil-the-perfect-pink\/","title":{"rendered":"Make Up Store Lippencil The Perfect Pink"},"content":{"rendered":"<p>H\u00f8ypigmentert leppeblyant med myk tekstur. P\u00e5f\u00f8r rundt leppen for \u00e5 definere eller over leppen for en fyldigere leppefarge.<\/p>\n","protected":false},"excerpt":{"rendered":"<p>H\u00f8ypigmentert leppeblyant med myk tekstur. P\u00e5f\u00f8r rundt leppen for \u00e5 definere eller over leppen for en fyldigere leppefarge.<\/p>\n","protected":false},"featured_media":393869,"comment_status":"open","ping_status":"closed","template":"","meta":{"_trash_the_other_posts":false},"product_brand":[],"product_cat":[592],"product_tag":[3278],"berocket_brand":[1271],"class_list":{"0":"post-393870","1":"product","2":"type-product","3":"status-publish","4":"has-post-thumbnail","6":"product_cat-lipliner","7":"product_tag-make-up-store-lippencil","8":"pa_brand-make-up-store","9":"pa_variant-the-perfect-pink","10":"berocket_brand-make-up-store","12":"first","13":"instock","14":"sale","15":"taxable","16":"shipping-taxable","17":"purchasable","18":"product-type-simple"},"_links":{"self":[{"href":"https:\/\/stylingagenten.com\/no\/wp-json\/wp\/v2\/product\/393870","targetHints":{"allow":["GET"]}}],"collection":[{"href":"https:\/\/stylingagenten.com\/no\/wp-json\/wp\/v2\/product"}],"about":[{"href":"https:\/\/stylingagenten.com\/no\/wp-json\/wp\/v2\/types\/product"}],"replies":[{"embeddable":true,"href":"https:\/\/stylingagenten.com\/no\/wp-json\/wp\/v2\/comments?post=393870"}],"version-history":[{"count":0,"href":"https:\/\/stylingagenten.com\/no\/wp-json\/wp\/v2\/product\/393870\/revisions"}],"wp:featuredmedia":[{"embeddable":true,"href":"https:\/\/stylingagenten.com\/no\/wp-json\/wp\/v2\/media\/393869"}],"wp:attachment":[{"href":"https:\/\/stylingagenten.com\/no\/wp-json\/wp\/v2\/media?parent=393870"}],"wp:term":[{"taxonomy":"product_brand","embeddable":true,"href":"https:\/\/stylingagenten.com\/no\/wp-json\/wp\/v2\/product_brand?post=393870"},{"taxonomy":"product_cat","embeddable":true,"href":"https:\/\/stylingagenten.com\/no\/wp-json\/wp\/v2\/product_cat?post=393870"},{"taxonomy":"product_tag","embeddable":true,"href":"https:\/\/stylingagenten.com\/no\/wp-json\/wp\/v2\/product_tag?post=393870"},{"taxonomy":"berocket_brand","embeddable":true,"href":"https:\/\/stylingagenten.com\/no\/wp-json\/wp\/v2\/berocket_brand?post=393870"}],"curies":[{"name":"wp","href":"https:\/\/api.w.org\/{rel}","templated":true}]}}