{"id":393789,"date":"2025-05-18T22:16:42","date_gmt":"2025-05-18T22:16:42","guid":{"rendered":"https:\/\/staging2.stylingagenten.com\/no\/produkt\/wet-n-wild-color-icon-lipliner-pencil-chestnut\/"},"modified":"2026-03-16T15:58:41","modified_gmt":"2026-03-16T15:58:41","slug":"wet-n-wild-color-icon-lipliner-pencil-chestnut","status":"publish","type":"product","link":"https:\/\/stylingagenten.com\/no\/produkt\/wet-n-wild-color-icon-lipliner-pencil-chestnut\/","title":{"rendered":"Wet n Wild Color Icon Lipliner Pencil Chestnut"},"content":{"rendered":"<p>Wet n Wild Color Icon Lipliner Pencil Chestnut. Lipliner med en rik, kremaktig formel som glir p\u00e5 silkemyk og sikrer at leppefargen ikke bl\u00f8r. Med denne leppeblyanten fra wet n wild har du derfor alltid en veldefinert trutmunn. Makeupartister elsker \u00e5 bruke denne leppeblyanten som en leppestift ved \u00e5 p\u00e5f\u00f8re den over hele leppene, men du kan ogs\u00e5 bruke den til \u00e5 definere og skyggelegge leppelinjene dine eller tone den ut som en ombre. Tilgjengelig i 6 nydelige nyanser.<\/p>\n","protected":false},"excerpt":{"rendered":"<p>Wet n Wild Color Icon Lipliner Pencil Chestnut. Lipliner med en rik, kremaktig formel som glir p\u00e5 silkemyk og sikrer at leppefargen ikke bl\u00f8r. Med denne leppeblyanten fra wet n wild har du derfor alltid en veldefinert trutmunn. Makeupartister elsker \u00e5 bruke denne leppeblyanten som en leppestift ved \u00e5 p\u00e5f\u00f8re den over hele leppene, men [&hellip;]<\/p>\n","protected":false},"featured_media":393788,"comment_status":"open","ping_status":"closed","template":"","meta":{"_trash_the_other_posts":false},"product_brand":[],"product_cat":[592],"product_tag":[4084],"berocket_brand":[1035],"class_list":{"0":"post-393789","1":"product","2":"type-product","3":"status-publish","4":"has-post-thumbnail","6":"product_cat-lipliner","7":"product_tag-wet-n-wild-color-icon-lipliner-pencil","8":"pa_brand-wet-n-wild","9":"pa_variant-chestnut","10":"berocket_brand-wet-n-wild","12":"first","13":"instock","14":"sale","15":"taxable","16":"shipping-taxable","17":"purchasable","18":"product-type-simple"},"_links":{"self":[{"href":"https:\/\/stylingagenten.com\/no\/wp-json\/wp\/v2\/product\/393789","targetHints":{"allow":["GET"]}}],"collection":[{"href":"https:\/\/stylingagenten.com\/no\/wp-json\/wp\/v2\/product"}],"about":[{"href":"https:\/\/stylingagenten.com\/no\/wp-json\/wp\/v2\/types\/product"}],"replies":[{"embeddable":true,"href":"https:\/\/stylingagenten.com\/no\/wp-json\/wp\/v2\/comments?post=393789"}],"version-history":[{"count":0,"href":"https:\/\/stylingagenten.com\/no\/wp-json\/wp\/v2\/product\/393789\/revisions"}],"wp:featuredmedia":[{"embeddable":true,"href":"https:\/\/stylingagenten.com\/no\/wp-json\/wp\/v2\/media\/393788"}],"wp:attachment":[{"href":"https:\/\/stylingagenten.com\/no\/wp-json\/wp\/v2\/media?parent=393789"}],"wp:term":[{"taxonomy":"product_brand","embeddable":true,"href":"https:\/\/stylingagenten.com\/no\/wp-json\/wp\/v2\/product_brand?post=393789"},{"taxonomy":"product_cat","embeddable":true,"href":"https:\/\/stylingagenten.com\/no\/wp-json\/wp\/v2\/product_cat?post=393789"},{"taxonomy":"product_tag","embeddable":true,"href":"https:\/\/stylingagenten.com\/no\/wp-json\/wp\/v2\/product_tag?post=393789"},{"taxonomy":"berocket_brand","embeddable":true,"href":"https:\/\/stylingagenten.com\/no\/wp-json\/wp\/v2\/berocket_brand?post=393789"}],"curies":[{"name":"wp","href":"https:\/\/api.w.org\/{rel}","templated":true}]}}