{"id":393758,"date":"2025-05-18T22:16:34","date_gmt":"2025-05-18T22:16:34","guid":{"rendered":"https:\/\/staging2.stylingagenten.com\/no\/produkt\/max-factor-colour-elixir-lipliner-060-red-ruby\/"},"modified":"2026-03-03T19:57:47","modified_gmt":"2026-03-03T19:57:47","slug":"max-factor-colour-elixir-lipliner-060-red-ruby","status":"publish","type":"product","link":"https:\/\/stylingagenten.com\/no\/produkt\/max-factor-colour-elixir-lipliner-060-red-ruby\/","title":{"rendered":"Max Factor Colour Elixir Lipliner 060 Red Ruby"},"content":{"rendered":"<p>Max Factor Color Elixir Lipliner 060 Red Ruby<br \/>Ta leppene dine til neste niv\u00e5. Omform, legg til definisjon eller fyll opp volum med Color Elixir Lip Liner. Denne n\u00e6rende leppeforingen glir lett over leppene og skaper din perfekte leppelook. Linje leppene f\u00f8r du p\u00e5f\u00f8rer leppestift for en presis p\u00e5f\u00f8ring, eller blend p\u00e5 leppene for en varig base som gj\u00f8r at leppestiften varer lenger.<\/p>\n<p>Colour Elixir Lip Liner er glatt \u00e5 p\u00e5f\u00f8re og fantastisk lett \u00e5 blande &#8211; et must for leppesminken din. Produktet kommer i en rekke sv\u00e6rt pigmenterte nyanser, fra dristige og intense til friske og naturlige.<\/p>\n","protected":false},"excerpt":{"rendered":"<p>Max Factor Color Elixir Lipliner 060 Red RubyTa leppene dine til neste niv\u00e5. Omform, legg til definisjon eller fyll opp volum med Color Elixir Lip Liner. Denne n\u00e6rende leppeforingen glir lett over leppene og skaper din perfekte leppelook. Linje leppene f\u00f8r du p\u00e5f\u00f8rer leppestift for en presis p\u00e5f\u00f8ring, eller blend p\u00e5 leppene for en varig [&hellip;]<\/p>\n","protected":false},"featured_media":393740,"comment_status":"open","ping_status":"closed","template":"","meta":{"_trash_the_other_posts":false},"product_brand":[],"product_cat":[592,1005],"product_tag":[3463],"berocket_brand":[1013],"class_list":{"0":"post-393758","1":"product","2":"type-product","3":"status-publish","4":"has-post-thumbnail","6":"product_cat-lipliner","7":"product_cat-outlet","8":"product_tag-max-factor-colour-elixir-lipliner","9":"pa_brand-max-factor","10":"pa_variant-060-red-ruby","11":"berocket_brand-max-factor","13":"first","14":"instock","15":"sale","16":"taxable","17":"shipping-taxable","18":"purchasable","19":"product-type-simple"},"_links":{"self":[{"href":"https:\/\/stylingagenten.com\/no\/wp-json\/wp\/v2\/product\/393758","targetHints":{"allow":["GET"]}}],"collection":[{"href":"https:\/\/stylingagenten.com\/no\/wp-json\/wp\/v2\/product"}],"about":[{"href":"https:\/\/stylingagenten.com\/no\/wp-json\/wp\/v2\/types\/product"}],"replies":[{"embeddable":true,"href":"https:\/\/stylingagenten.com\/no\/wp-json\/wp\/v2\/comments?post=393758"}],"version-history":[{"count":0,"href":"https:\/\/stylingagenten.com\/no\/wp-json\/wp\/v2\/product\/393758\/revisions"}],"wp:featuredmedia":[{"embeddable":true,"href":"https:\/\/stylingagenten.com\/no\/wp-json\/wp\/v2\/media\/393740"}],"wp:attachment":[{"href":"https:\/\/stylingagenten.com\/no\/wp-json\/wp\/v2\/media?parent=393758"}],"wp:term":[{"taxonomy":"product_brand","embeddable":true,"href":"https:\/\/stylingagenten.com\/no\/wp-json\/wp\/v2\/product_brand?post=393758"},{"taxonomy":"product_cat","embeddable":true,"href":"https:\/\/stylingagenten.com\/no\/wp-json\/wp\/v2\/product_cat?post=393758"},{"taxonomy":"product_tag","embeddable":true,"href":"https:\/\/stylingagenten.com\/no\/wp-json\/wp\/v2\/product_tag?post=393758"},{"taxonomy":"berocket_brand","embeddable":true,"href":"https:\/\/stylingagenten.com\/no\/wp-json\/wp\/v2\/berocket_brand?post=393758"}],"curies":[{"name":"wp","href":"https:\/\/api.w.org\/{rel}","templated":true}]}}