{"id":393677,"date":"2025-05-18T22:16:15","date_gmt":"2025-05-18T22:16:15","guid":{"rendered":"https:\/\/staging2.stylingagenten.com\/no\/produkt\/max-factor-colour-elixir-lip-cushion-010-starlight-coral-lip-gloss\/"},"modified":"2026-04-14T07:08:33","modified_gmt":"2026-04-14T07:08:33","slug":"max-factor-colour-elixir-lip-cushion-010-starlight-coral-lip-gloss","status":"publish","type":"product","link":"https:\/\/stylingagenten.com\/no\/produkt\/max-factor-colour-elixir-lip-cushion-010-starlight-coral-lip-gloss\/","title":{"rendered":"Max Factor Colour Elixir Lip Cushion &#8211; 010 Starlight Coral Lip Gloss"},"content":{"rendered":"<p>Color Elixir Lip Cushion fra Max Factor er en pleiende lipgloss med diskret farge. Ved hjelp av lipglossens puteapplikator blir p\u00e5f\u00f8ringen myk og glatt.<\/p>\n<p>Colour Elixir Lip Cushion er en pleiende lipgloss med vitamin E og antioksidanter som motvirker utt\u00f8rking av leppene. Med flere flatterende farger pleier Max Facors Lip Cushion leppene ved hver bruk og resultatet blir naturlig sunt og glansfullt. Den tubeformede emballasjen gj\u00f8r det mulig \u00e5 presse ut hver eneste dr\u00e5pe f\u00f8r det er p\u00e5 tide \u00e5 f\u00e5 en ny. Tilgjengelig i flere farger.<br \/>\u2022Pleiende lipgloss med vitamin E og antioksidanter<br \/>\u2022Myk puteapplikator<br \/>\u2022Naturlig glans<\/p>\n","protected":false},"excerpt":{"rendered":"<p>Color Elixir Lip Cushion fra Max Factor er en pleiende lipgloss med diskret farge. Ved hjelp av lipglossens puteapplikator blir p\u00e5f\u00f8ringen myk og glatt. Colour Elixir Lip Cushion er en pleiende lipgloss med vitamin E og antioksidanter som motvirker utt\u00f8rking av leppene. Med flere flatterende farger pleier Max Facors Lip Cushion leppene ved hver bruk [&hellip;]<\/p>\n","protected":false},"featured_media":393671,"comment_status":"open","ping_status":"closed","template":"","meta":{"_trash_the_other_posts":false},"product_brand":[],"product_cat":[599],"product_tag":[3461],"berocket_brand":[1013],"class_list":{"0":"post-393677","1":"product","2":"type-product","3":"status-publish","4":"has-post-thumbnail","6":"product_cat-lipgloss","7":"product_tag-max-factor-colour-elixir-lip-cushion-lip-gloss","8":"pa_brand-max-factor","9":"pa_variant-010-starlight-coral","10":"berocket_brand-max-factor","12":"first","13":"instock","14":"sale","15":"taxable","16":"shipping-taxable","17":"purchasable","18":"product-type-simple"},"_links":{"self":[{"href":"https:\/\/stylingagenten.com\/no\/wp-json\/wp\/v2\/product\/393677","targetHints":{"allow":["GET"]}}],"collection":[{"href":"https:\/\/stylingagenten.com\/no\/wp-json\/wp\/v2\/product"}],"about":[{"href":"https:\/\/stylingagenten.com\/no\/wp-json\/wp\/v2\/types\/product"}],"replies":[{"embeddable":true,"href":"https:\/\/stylingagenten.com\/no\/wp-json\/wp\/v2\/comments?post=393677"}],"version-history":[{"count":0,"href":"https:\/\/stylingagenten.com\/no\/wp-json\/wp\/v2\/product\/393677\/revisions"}],"wp:featuredmedia":[{"embeddable":true,"href":"https:\/\/stylingagenten.com\/no\/wp-json\/wp\/v2\/media\/393671"}],"wp:attachment":[{"href":"https:\/\/stylingagenten.com\/no\/wp-json\/wp\/v2\/media?parent=393677"}],"wp:term":[{"taxonomy":"product_brand","embeddable":true,"href":"https:\/\/stylingagenten.com\/no\/wp-json\/wp\/v2\/product_brand?post=393677"},{"taxonomy":"product_cat","embeddable":true,"href":"https:\/\/stylingagenten.com\/no\/wp-json\/wp\/v2\/product_cat?post=393677"},{"taxonomy":"product_tag","embeddable":true,"href":"https:\/\/stylingagenten.com\/no\/wp-json\/wp\/v2\/product_tag?post=393677"},{"taxonomy":"berocket_brand","embeddable":true,"href":"https:\/\/stylingagenten.com\/no\/wp-json\/wp\/v2\/berocket_brand?post=393677"}],"curies":[{"name":"wp","href":"https:\/\/api.w.org\/{rel}","templated":true}]}}