{"id":393618,"date":"2025-05-18T22:16:00","date_gmt":"2025-05-18T22:16:00","guid":{"rendered":"https:\/\/staging2.stylingagenten.com\/no\/produkt\/babyliss-c332e-pro-180-sublim-touch-curling-iron-32mm\/"},"modified":"2026-02-25T17:05:48","modified_gmt":"2026-02-25T17:05:48","slug":"babyliss-c332e-pro-180-sublim-touch-curling-iron-32mm","status":"publish","type":"product","link":"https:\/\/stylingagenten.com\/no\/produkt\/babyliss-c332e-pro-180-sublim-touch-curling-iron-32mm\/","title":{"rendered":"Babyliss C332E Pro 180 Sublim Touch Curling Iron 32mm"},"content":{"rendered":"<p>Babyliss Sublime&rsquo; Touch er den profesjonelle kr\u00f8lltangen for mellomstore kr\u00f8ller.<br \/> Kr\u00f8lltangen har en diameter p\u00e5 32 mm og er utmerket for \u00e5 lage mellomstore til store kr\u00f8ller. <br \/>Sublimt&rsquo; ber\u00f8ringsbelegg gir sk\u00e5nsom styling og et langvarig resultat.<\/p>\n<p>Teknisk informasjon:<br \/>32 mm i diameter &ndash; perfekt for \u00e5 lage mellomstore til store kr\u00f8ller<br \/>Sublim&rsquo; ber\u00f8ringsbelegg gir sk\u00e5nsom styling og et langvarig resultat<br \/>10 forskjellige temperaturinnstillinger (150 &#8211; 180 grader)<br \/>Passer alle h\u00e5rtyper<br \/>Varmeisolerende topp for sikker bruk<br \/>Garanti: 2 &aring;r <\/p>\n","protected":false},"excerpt":{"rendered":"<p>Babyliss Sublime&rsquo; Touch er den profesjonelle kr\u00f8lltangen for mellomstore kr\u00f8ller. Kr\u00f8lltangen har en diameter p\u00e5 32 mm og er utmerket for \u00e5 lage mellomstore til store kr\u00f8ller. Sublimt&rsquo; ber\u00f8ringsbelegg gir sk\u00e5nsom styling og et langvarig resultat. Teknisk informasjon:32 mm i diameter &ndash; perfekt for \u00e5 lage mellomstore til store kr\u00f8llerSublim&rsquo; ber\u00f8ringsbelegg gir sk\u00e5nsom styling og [&hellip;]<\/p>\n","protected":false},"featured_media":393615,"comment_status":"open","ping_status":"closed","template":"","meta":{"_trash_the_other_posts":false},"product_brand":[],"product_cat":[596],"product_tag":[],"berocket_brand":[1166],"class_list":{"0":"post-393618","1":"product","2":"type-product","3":"status-publish","4":"has-post-thumbnail","6":"product_cat-krolltang","7":"pa_brand-babyliss","8":"berocket_brand-babyliss","10":"first","11":"instock","12":"sale","13":"taxable","14":"shipping-taxable","15":"purchasable","16":"product-type-simple"},"_links":{"self":[{"href":"https:\/\/stylingagenten.com\/no\/wp-json\/wp\/v2\/product\/393618","targetHints":{"allow":["GET"]}}],"collection":[{"href":"https:\/\/stylingagenten.com\/no\/wp-json\/wp\/v2\/product"}],"about":[{"href":"https:\/\/stylingagenten.com\/no\/wp-json\/wp\/v2\/types\/product"}],"replies":[{"embeddable":true,"href":"https:\/\/stylingagenten.com\/no\/wp-json\/wp\/v2\/comments?post=393618"}],"version-history":[{"count":0,"href":"https:\/\/stylingagenten.com\/no\/wp-json\/wp\/v2\/product\/393618\/revisions"}],"wp:featuredmedia":[{"embeddable":true,"href":"https:\/\/stylingagenten.com\/no\/wp-json\/wp\/v2\/media\/393615"}],"wp:attachment":[{"href":"https:\/\/stylingagenten.com\/no\/wp-json\/wp\/v2\/media?parent=393618"}],"wp:term":[{"taxonomy":"product_brand","embeddable":true,"href":"https:\/\/stylingagenten.com\/no\/wp-json\/wp\/v2\/product_brand?post=393618"},{"taxonomy":"product_cat","embeddable":true,"href":"https:\/\/stylingagenten.com\/no\/wp-json\/wp\/v2\/product_cat?post=393618"},{"taxonomy":"product_tag","embeddable":true,"href":"https:\/\/stylingagenten.com\/no\/wp-json\/wp\/v2\/product_tag?post=393618"},{"taxonomy":"berocket_brand","embeddable":true,"href":"https:\/\/stylingagenten.com\/no\/wp-json\/wp\/v2\/berocket_brand?post=393618"}],"curies":[{"name":"wp","href":"https:\/\/api.w.org\/{rel}","templated":true}]}}