{"id":393609,"date":"2025-05-18T22:15:57","date_gmt":"2025-05-18T22:15:57","guid":{"rendered":"https:\/\/staging2.stylingagenten.com\/no\/produkt\/babyliss-hair-waver-the-crimper-2165ce\/"},"modified":"2026-02-25T17:05:33","modified_gmt":"2026-02-25T17:05:33","slug":"babyliss-hair-waver-the-crimper-2165ce","status":"publish","type":"product","link":"https:\/\/stylingagenten.com\/no\/produkt\/babyliss-hair-waver-the-crimper-2165ce\/","title":{"rendered":"Babyliss Hair Waver &#8211; The Crimper 2165CE"},"content":{"rendered":"<p>Fit i full st\u00f8rrelse er det perfekte verkt\u00f8yet for \u00e5 skape volum og perfekt definert og langvarig tekstur<\/p>\n<p>Filteffekten er unik og kan ikke gjenskapes med andre stylingprodukter. Med brede turmalin-keramiske belagte plater gir tangen et raskt resultat med en jevn finish.<\/p>\n<p>10 temperaturinnstillinger 120\u00b0C &#8211; 210\u00b0C.<\/p>\n","protected":false},"excerpt":{"rendered":"<p>Fit i full st\u00f8rrelse er det perfekte verkt\u00f8yet for \u00e5 skape volum og perfekt definert og langvarig tekstur Filteffekten er unik og kan ikke gjenskapes med andre stylingprodukter. Med brede turmalin-keramiske belagte plater gir tangen et raskt resultat med en jevn finish. 10 temperaturinnstillinger 120\u00b0C &#8211; 210\u00b0C.<\/p>\n","protected":false},"featured_media":393602,"comment_status":"open","ping_status":"closed","template":"","meta":{"_trash_the_other_posts":false},"product_brand":[],"product_cat":[596,646],"product_tag":[],"berocket_brand":[1166],"class_list":{"0":"post-393609","1":"product","2":"type-product","3":"status-publish","4":"has-post-thumbnail","6":"product_cat-krolltang","7":"product_cat-varmeverktoy","8":"pa_brand-babyliss","9":"berocket_brand-babyliss","11":"first","12":"instock","13":"sale","14":"taxable","15":"shipping-taxable","16":"purchasable","17":"product-type-simple"},"_links":{"self":[{"href":"https:\/\/stylingagenten.com\/no\/wp-json\/wp\/v2\/product\/393609","targetHints":{"allow":["GET"]}}],"collection":[{"href":"https:\/\/stylingagenten.com\/no\/wp-json\/wp\/v2\/product"}],"about":[{"href":"https:\/\/stylingagenten.com\/no\/wp-json\/wp\/v2\/types\/product"}],"replies":[{"embeddable":true,"href":"https:\/\/stylingagenten.com\/no\/wp-json\/wp\/v2\/comments?post=393609"}],"version-history":[{"count":0,"href":"https:\/\/stylingagenten.com\/no\/wp-json\/wp\/v2\/product\/393609\/revisions"}],"wp:featuredmedia":[{"embeddable":true,"href":"https:\/\/stylingagenten.com\/no\/wp-json\/wp\/v2\/media\/393602"}],"wp:attachment":[{"href":"https:\/\/stylingagenten.com\/no\/wp-json\/wp\/v2\/media?parent=393609"}],"wp:term":[{"taxonomy":"product_brand","embeddable":true,"href":"https:\/\/stylingagenten.com\/no\/wp-json\/wp\/v2\/product_brand?post=393609"},{"taxonomy":"product_cat","embeddable":true,"href":"https:\/\/stylingagenten.com\/no\/wp-json\/wp\/v2\/product_cat?post=393609"},{"taxonomy":"product_tag","embeddable":true,"href":"https:\/\/stylingagenten.com\/no\/wp-json\/wp\/v2\/product_tag?post=393609"},{"taxonomy":"berocket_brand","embeddable":true,"href":"https:\/\/stylingagenten.com\/no\/wp-json\/wp\/v2\/berocket_brand?post=393609"}],"curies":[{"name":"wp","href":"https:\/\/api.w.org\/{rel}","templated":true}]}}