{"id":393567,"date":"2025-05-18T22:15:47","date_gmt":"2025-05-18T22:15:47","guid":{"rendered":"https:\/\/staging2.stylingagenten.com\/no\/produkt\/remington-pro-big-curl-38mm-tong\/"},"modified":"2026-03-22T06:57:35","modified_gmt":"2026-03-22T06:57:35","slug":"remington-pro-big-curl-38mm-tong","status":"publish","type":"product","link":"https:\/\/stylingagenten.com\/no\/produkt\/remington-pro-big-curl-38mm-tong\/","title":{"rendered":"Remington Pro Big Curl (38mm Tong)"},"content":{"rendered":"<p>PRO BIG CURL 38 mm kr\u00f8lltang CI5538<br \/>Lag store b\u00f8lgete kr\u00f8ller med Remington Pro Big Curl 38 mm kr\u00f8lltang med justerbar temperatur.<\/p>\n<p>Denne kr\u00f8lltangen med en 38 mm bred sylinder er det perfekte verkt\u00f8yet n\u00e5r du vil lage b\u00f8lgete kr\u00f8ller eller legg volum til h\u00e5ret ditt. <br \/>Takket v\u00e6re det keramiske belegget med titan som gir 4 ganger mer beskyttelse* enn standard keramisk overflate, kan du lage skinnende vakre kr\u00f8ller p\u00e5 kort tid. <br \/>Ved \u00e5 kombinere turmalinteknologi med en overflate som gir bedre glideegenskaper og redusert frizz, er det n\u00e5 enklere enn noen gang \u00e5 style h\u00e5ret. <br \/>Klar til bruk p\u00e5 bare 30 sekunder og med \u00e5tte forskjellige temperaturinnstillinger, kan du f\u00f8le deg trygg p\u00e5 at stylingen din ikke bare vil v\u00e6re rask, men du vil ogs\u00e5 enkelt finne en temperatur som passer h\u00e5ret ditt.<br \/>Det smarte temperaturbryteren plassert ved ledningsfestet er enkel \u00e5 justere og minimerer risikoen for utilsiktet endring av temperaturen under bruk. <br \/>\u2022Keramisk belegg med titan<br \/>\u20224X beskyttelse* takket v\u00e6re antistatisk, turmalinionisk og overflate for bedre glid<br \/>\u202238 mm l\u00f8p for store b\u00f8lgete kr\u00f8ller<br \/>\u20228 temperaturer: 140-210\u00b0C som kan justeres med en knott ved ledningsfestet<br \/>\u2022Klar til bruk p\u00e5 30 sekunder<br \/>\u2022Indikatorlampe<br \/>\u2022Automatisk avsl\u00e5ing etter 60 minutter<br \/>\u2022Dreibar ledning<br \/>\u2022Varmebestandig stativ<br \/>\u2022Kj\u00f8lerspiss<br \/>\u2022Spenningskonvertering for hele verden<br \/>\u20223 \u00e5rs garanti (+1 \u00e5r ved nettregistrering) <\/p>\n<p>*sammenlignet med et standard keramisk belegg<\/p>\n","protected":false},"excerpt":{"rendered":"<p>PRO BIG CURL 38 mm kr\u00f8lltang CI5538Lag store b\u00f8lgete kr\u00f8ller med Remington Pro Big Curl 38 mm kr\u00f8lltang med justerbar temperatur. Denne kr\u00f8lltangen med en 38 mm bred sylinder er det perfekte verkt\u00f8yet n\u00e5r du vil lage b\u00f8lgete kr\u00f8ller eller legg volum til h\u00e5ret ditt. Takket v\u00e6re det keramiske belegget med titan som gir 4 [&hellip;]<\/p>\n","protected":false},"featured_media":393555,"comment_status":"open","ping_status":"closed","template":"","meta":{"_trash_the_other_posts":false},"product_brand":[],"product_cat":[596],"product_tag":[],"berocket_brand":[1272],"class_list":{"0":"post-393567","1":"product","2":"type-product","3":"status-publish","4":"has-post-thumbnail","6":"product_cat-krolltang","7":"pa_brand-remington","8":"berocket_brand-remington","10":"first","11":"instock","12":"sale","13":"taxable","14":"shipping-taxable","15":"purchasable","16":"product-type-simple"},"_links":{"self":[{"href":"https:\/\/stylingagenten.com\/no\/wp-json\/wp\/v2\/product\/393567","targetHints":{"allow":["GET"]}}],"collection":[{"href":"https:\/\/stylingagenten.com\/no\/wp-json\/wp\/v2\/product"}],"about":[{"href":"https:\/\/stylingagenten.com\/no\/wp-json\/wp\/v2\/types\/product"}],"replies":[{"embeddable":true,"href":"https:\/\/stylingagenten.com\/no\/wp-json\/wp\/v2\/comments?post=393567"}],"version-history":[{"count":0,"href":"https:\/\/stylingagenten.com\/no\/wp-json\/wp\/v2\/product\/393567\/revisions"}],"wp:featuredmedia":[{"embeddable":true,"href":"https:\/\/stylingagenten.com\/no\/wp-json\/wp\/v2\/media\/393555"}],"wp:attachment":[{"href":"https:\/\/stylingagenten.com\/no\/wp-json\/wp\/v2\/media?parent=393567"}],"wp:term":[{"taxonomy":"product_brand","embeddable":true,"href":"https:\/\/stylingagenten.com\/no\/wp-json\/wp\/v2\/product_brand?post=393567"},{"taxonomy":"product_cat","embeddable":true,"href":"https:\/\/stylingagenten.com\/no\/wp-json\/wp\/v2\/product_cat?post=393567"},{"taxonomy":"product_tag","embeddable":true,"href":"https:\/\/stylingagenten.com\/no\/wp-json\/wp\/v2\/product_tag?post=393567"},{"taxonomy":"berocket_brand","embeddable":true,"href":"https:\/\/stylingagenten.com\/no\/wp-json\/wp\/v2\/berocket_brand?post=393567"}],"curies":[{"name":"wp","href":"https:\/\/api.w.org\/{rel}","templated":true}]}}