{"id":393525,"date":"2025-05-18T22:15:39","date_gmt":"2025-05-18T22:15:39","guid":{"rendered":"https:\/\/staging2.stylingagenten.com\/no\/produkt\/remington-jumbo-rollers\/"},"modified":"2026-03-26T20:07:52","modified_gmt":"2026-03-26T20:07:52","slug":"remington-jumbo-rollers","status":"publish","type":"product","link":"https:\/\/stylingagenten.com\/no\/produkt\/remington-jumbo-rollers\/","title":{"rendered":"Remington Jumbo Rollers"},"content":{"rendered":"<p>Varmespiraler for \u00e5 lage store kr\u00f8ller og volum. En vokskjerne er designet for \u00e5 varme opp og opprettholde en h\u00f8y temperatur (10 min oppvarmingstid) og et ytre fl\u00f8yelsbelegg gj\u00f8r det enkelt \u00e5 rulle sammen rullene.&nbsp;<br \/>12 ruller i 2 st\u00f8rrelser: 4 x 40 mm, 8 x 35 mm samt 12 fargekodede klips og 12 pinner for enkel feste<br \/>Rullene har Cool Touch-ender for \u00e5 sikre at varmen kun p\u00e5f\u00f8res h\u00e5ret, noe som gj\u00f8r rullene komfortable og enkle \u00e5 bruke.<br \/>12 ruller i to jumbost\u00f8rrelser: 4 stk. 40 mm, 8 stk. 35 mm<br \/>Belagt med luksuri\u00f8s fl\u00f8yel for fine resultater<br \/>Innovativ vokskjerne for \u00e5 opprettholde h\u00f8y varme<br \/>Cool Touch-ender for mer komfortabel styling<br \/>12 fargekodede klips og pinner for enkel feste<br \/>Indikatorlys<\/p>\n","protected":false},"excerpt":{"rendered":"<p>Varmespiraler for \u00e5 lage store kr\u00f8ller og volum. En vokskjerne er designet for \u00e5 varme opp og opprettholde en h\u00f8y temperatur (10 min oppvarmingstid) og et ytre fl\u00f8yelsbelegg gj\u00f8r det enkelt \u00e5 rulle sammen rullene.&nbsp;12 ruller i 2 st\u00f8rrelser: 4 x 40 mm, 8 x 35 mm samt 12 fargekodede klips og 12 pinner for [&hellip;]<\/p>\n","protected":false},"featured_media":393520,"comment_status":"open","ping_status":"closed","template":"","meta":{"_trash_the_other_posts":false},"product_brand":[],"product_cat":[596],"product_tag":[],"berocket_brand":[1272],"class_list":{"0":"post-393525","1":"product","2":"type-product","3":"status-publish","4":"has-post-thumbnail","6":"product_cat-krolltang","7":"pa_brand-remington","8":"berocket_brand-remington","10":"first","11":"instock","12":"taxable","13":"shipping-taxable","14":"purchasable","15":"product-type-simple"},"_links":{"self":[{"href":"https:\/\/stylingagenten.com\/no\/wp-json\/wp\/v2\/product\/393525","targetHints":{"allow":["GET"]}}],"collection":[{"href":"https:\/\/stylingagenten.com\/no\/wp-json\/wp\/v2\/product"}],"about":[{"href":"https:\/\/stylingagenten.com\/no\/wp-json\/wp\/v2\/types\/product"}],"replies":[{"embeddable":true,"href":"https:\/\/stylingagenten.com\/no\/wp-json\/wp\/v2\/comments?post=393525"}],"version-history":[{"count":0,"href":"https:\/\/stylingagenten.com\/no\/wp-json\/wp\/v2\/product\/393525\/revisions"}],"wp:featuredmedia":[{"embeddable":true,"href":"https:\/\/stylingagenten.com\/no\/wp-json\/wp\/v2\/media\/393520"}],"wp:attachment":[{"href":"https:\/\/stylingagenten.com\/no\/wp-json\/wp\/v2\/media?parent=393525"}],"wp:term":[{"taxonomy":"product_brand","embeddable":true,"href":"https:\/\/stylingagenten.com\/no\/wp-json\/wp\/v2\/product_brand?post=393525"},{"taxonomy":"product_cat","embeddable":true,"href":"https:\/\/stylingagenten.com\/no\/wp-json\/wp\/v2\/product_cat?post=393525"},{"taxonomy":"product_tag","embeddable":true,"href":"https:\/\/stylingagenten.com\/no\/wp-json\/wp\/v2\/product_tag?post=393525"},{"taxonomy":"berocket_brand","embeddable":true,"href":"https:\/\/stylingagenten.com\/no\/wp-json\/wp\/v2\/berocket_brand?post=393525"}],"curies":[{"name":"wp","href":"https:\/\/api.w.org\/{rel}","templated":true}]}}