{"id":393519,"date":"2025-05-18T22:15:37","date_gmt":"2025-05-18T22:15:37","guid":{"rendered":"https:\/\/staging2.stylingagenten.com\/no\/produkt\/remington-pearl-tong\/"},"modified":"2026-04-14T07:58:36","modified_gmt":"2026-04-14T07:58:36","slug":"remington-pearl-tong","status":"publish","type":"product","link":"https:\/\/stylingagenten.com\/no\/produkt\/remington-pearl-tong\/","title":{"rendered":"Remington Pearl Tong"},"content":{"rendered":"<p>Konisk kr\u00f8lltang p\u00e5 13-25mm og har et avansert keramisk belegg for jevn varmefordeling.<br \/>Kr\u00f8lltangen har en rask oppvarming p\u00e5 30 sekunder og digitalt display som justerbar temperatur mellom 130-210\u00b0C. For \u00e5 l\u00e5se temperaturen under bruk gj\u00f8r du dette ved \u00e5 holde nede minustegnet i noen sekunder til du ser en hengel\u00e5s p\u00e5 displayet, oppl\u00e5sing gj\u00f8res ved \u00e5 trykke p\u00e5 minusknappen igjen. Den har en ekstra lang ledning p\u00e5 3 meter som gj\u00f8r det enklere om du ikke har str\u00f8muttaket rett ved siden av. Det f\u00f8lger med en varmebeskyttende hanske som letter bruken og reduserer risikoen for forbrenning.<\/p>\n<p>\u2022Luksuri\u00f8st perlemor-keramisk belegg: 8 x glattere *, 5 x lengre levetid *<br \/>\u2022Konisk form for vakre kr\u00f8ller<br \/>\u2022 Digital LCD-skjerm 130\u00b0C til 210\u00b0C<br \/>\u2022Rask oppvarming p\u00e5 30 sekunder<br \/>\u2022Automatisk avsl\u00e5ing etter 60 minutter<br \/>\u2022Knapl\u00e5st temperatur for \u00e5 forhindre utilsiktet temperaturendring<br \/> \u2022Cold end<br \/>\u2022 Verdensspenning<br \/>\u20223m svingbar ledning<br \/>\u2022Varmebeskyttende bag<br \/>\u2022Beskyttende hanske<br \/>*sammenlignet med tidligere modell fra Remington<\/p>\n","protected":false},"excerpt":{"rendered":"<p>Konisk kr\u00f8lltang p\u00e5 13-25mm og har et avansert keramisk belegg for jevn varmefordeling.Kr\u00f8lltangen har en rask oppvarming p\u00e5 30 sekunder og digitalt display som justerbar temperatur mellom 130-210\u00b0C. For \u00e5 l\u00e5se temperaturen under bruk gj\u00f8r du dette ved \u00e5 holde nede minustegnet i noen sekunder til du ser en hengel\u00e5s p\u00e5 displayet, oppl\u00e5sing gj\u00f8res ved [&hellip;]<\/p>\n","protected":false},"featured_media":393515,"comment_status":"open","ping_status":"closed","template":"","meta":{"_trash_the_other_posts":false},"product_brand":[],"product_cat":[596],"product_tag":[],"berocket_brand":[1272],"class_list":{"0":"post-393519","1":"product","2":"type-product","3":"status-publish","4":"has-post-thumbnail","6":"product_cat-krolltang","7":"pa_brand-remington","8":"berocket_brand-remington","10":"first","11":"instock","12":"sale","13":"taxable","14":"shipping-taxable","15":"purchasable","16":"product-type-simple"},"_links":{"self":[{"href":"https:\/\/stylingagenten.com\/no\/wp-json\/wp\/v2\/product\/393519","targetHints":{"allow":["GET"]}}],"collection":[{"href":"https:\/\/stylingagenten.com\/no\/wp-json\/wp\/v2\/product"}],"about":[{"href":"https:\/\/stylingagenten.com\/no\/wp-json\/wp\/v2\/types\/product"}],"replies":[{"embeddable":true,"href":"https:\/\/stylingagenten.com\/no\/wp-json\/wp\/v2\/comments?post=393519"}],"version-history":[{"count":0,"href":"https:\/\/stylingagenten.com\/no\/wp-json\/wp\/v2\/product\/393519\/revisions"}],"wp:featuredmedia":[{"embeddable":true,"href":"https:\/\/stylingagenten.com\/no\/wp-json\/wp\/v2\/media\/393515"}],"wp:attachment":[{"href":"https:\/\/stylingagenten.com\/no\/wp-json\/wp\/v2\/media?parent=393519"}],"wp:term":[{"taxonomy":"product_brand","embeddable":true,"href":"https:\/\/stylingagenten.com\/no\/wp-json\/wp\/v2\/product_brand?post=393519"},{"taxonomy":"product_cat","embeddable":true,"href":"https:\/\/stylingagenten.com\/no\/wp-json\/wp\/v2\/product_cat?post=393519"},{"taxonomy":"product_tag","embeddable":true,"href":"https:\/\/stylingagenten.com\/no\/wp-json\/wp\/v2\/product_tag?post=393519"},{"taxonomy":"berocket_brand","embeddable":true,"href":"https:\/\/stylingagenten.com\/no\/wp-json\/wp\/v2\/berocket_brand?post=393519"}],"curies":[{"name":"wp","href":"https:\/\/api.w.org\/{rel}","templated":true}]}}