{"id":393410,"date":"2025-05-18T22:15:09","date_gmt":"2025-05-18T22:15:09","guid":{"rendered":"https:\/\/staging2.stylingagenten.com\/no\/produkt\/aveeno-skin-relief-body-oil-spray-200ml\/"},"modified":"2026-03-29T21:07:35","modified_gmt":"2026-03-29T21:07:35","slug":"aveeno-skin-relief-body-oil-spray-200ml","status":"publish","type":"product","link":"https:\/\/stylingagenten.com\/no\/produkt\/aveeno-skin-relief-body-oil-spray-200ml\/","title":{"rendered":"Aveeno Skin Relief Body Oil Spray 200ml"},"content":{"rendered":"<p>Aveeno Skin Relief Body Oil Spray er en mildt parfymert kroppsolje (spray) med havre- og jojobaolje. Oljen er klinisk bevist \u00e5 fukte huden og gi n\u00e6ring til sv\u00e6rt t\u00f8rr hud.<\/p>\n<p>Aveeno Skin Relief oljespray absorberes raskt av huden og har en hypoallergen formulering (utviklet for \u00e5 minimere risikoen for allergier). Den gir huden en silkemyk finish, hjelper til med \u00e5 gjenopprette hudbarrieren og forbedrer hudens elastisitet og tekstur.<\/p>\n<p>Dermatologisk testet. Hypoallergen* (*formulert for \u00e5 minimere risikoen for allergier). Vegansk formulering (inneholder ingen ingredienser av animalsk opprinnelse). Med 98 % ingredienser av naturlig opprinnelse.<\/p>\n<p>200ml<\/p>\n","protected":false},"excerpt":{"rendered":"<p>Aveeno Skin Relief Body Oil Spray er en mildt parfymert kroppsolje (spray) med havre- og jojobaolje. Oljen er klinisk bevist \u00e5 fukte huden og gi n\u00e6ring til sv\u00e6rt t\u00f8rr hud. Aveeno Skin Relief oljespray absorberes raskt av huden og har en hypoallergen formulering (utviklet for \u00e5 minimere risikoen for allergier). Den gir huden en silkemyk [&hellip;]<\/p>\n","protected":false},"featured_media":393403,"comment_status":"open","ping_status":"closed","template":"","meta":{"_trash_the_other_posts":false},"product_brand":[],"product_cat":[655],"product_tag":[],"berocket_brand":[1410],"class_list":{"0":"post-393410","1":"product","2":"type-product","3":"status-publish","4":"has-post-thumbnail","6":"product_cat-kroppsolje","7":"pa_brand-aveeno","8":"berocket_brand-aveeno","10":"first","11":"instock","12":"taxable","13":"shipping-taxable","14":"purchasable","15":"product-type-simple"},"_links":{"self":[{"href":"https:\/\/stylingagenten.com\/no\/wp-json\/wp\/v2\/product\/393410","targetHints":{"allow":["GET"]}}],"collection":[{"href":"https:\/\/stylingagenten.com\/no\/wp-json\/wp\/v2\/product"}],"about":[{"href":"https:\/\/stylingagenten.com\/no\/wp-json\/wp\/v2\/types\/product"}],"replies":[{"embeddable":true,"href":"https:\/\/stylingagenten.com\/no\/wp-json\/wp\/v2\/comments?post=393410"}],"version-history":[{"count":0,"href":"https:\/\/stylingagenten.com\/no\/wp-json\/wp\/v2\/product\/393410\/revisions"}],"wp:featuredmedia":[{"embeddable":true,"href":"https:\/\/stylingagenten.com\/no\/wp-json\/wp\/v2\/media\/393403"}],"wp:attachment":[{"href":"https:\/\/stylingagenten.com\/no\/wp-json\/wp\/v2\/media?parent=393410"}],"wp:term":[{"taxonomy":"product_brand","embeddable":true,"href":"https:\/\/stylingagenten.com\/no\/wp-json\/wp\/v2\/product_brand?post=393410"},{"taxonomy":"product_cat","embeddable":true,"href":"https:\/\/stylingagenten.com\/no\/wp-json\/wp\/v2\/product_cat?post=393410"},{"taxonomy":"product_tag","embeddable":true,"href":"https:\/\/stylingagenten.com\/no\/wp-json\/wp\/v2\/product_tag?post=393410"},{"taxonomy":"berocket_brand","embeddable":true,"href":"https:\/\/stylingagenten.com\/no\/wp-json\/wp\/v2\/berocket_brand?post=393410"}],"curies":[{"name":"wp","href":"https:\/\/api.w.org\/{rel}","templated":true}]}}