{"id":393402,"date":"2025-05-18T22:15:07","date_gmt":"2025-05-18T22:15:07","guid":{"rendered":"https:\/\/staging2.stylingagenten.com\/no\/produkt\/nuxe-huile-prodigieuse-neroli-oil-100ml\/"},"modified":"2026-04-13T17:38:38","modified_gmt":"2026-04-13T17:38:38","slug":"nuxe-huile-prodigieuse-neroli-oil-100ml","status":"publish","type":"product","link":"https:\/\/stylingagenten.com\/no\/produkt\/nuxe-huile-prodigieuse-neroli-oil-100ml\/","title":{"rendered":"Nuxe Huile Prodigieuse Neroli Oil 100ml"},"content":{"rendered":"<p>Nuxe Huile Prodigieuse\u00ae Neroli Oil er en sertifisert \u00f8kologisk t\u00f8rolje som gir n\u00e6ring til huden, gj\u00f8r den glattere og vakrere, samtidig som den gir n\u00e6ring til h\u00e5ret og gir en vakker glans. Den beroligende duften med noter av Neroli virker avslappende for b\u00e5de kropp og sjel. Dokumentert antioksidant-effekt og bidrar til \u00e5 redusere synligheten av strekkmerker. 100% naturlig opprinnelse i alt. 42% av de totale ingrediensene er fra \u00f8kologisk jordbruk. *Formel uten ingredienser eller derivater av animalsk opprinnelse.<\/p>\n<p>100ml<\/p>\n","protected":false},"excerpt":{"rendered":"<p>Nuxe Huile Prodigieuse\u00ae Neroli Oil er en sertifisert \u00f8kologisk t\u00f8rolje som gir n\u00e6ring til huden, gj\u00f8r den glattere og vakrere, samtidig som den gir n\u00e6ring til h\u00e5ret og gir en vakker glans. Den beroligende duften med noter av Neroli virker avslappende for b\u00e5de kropp og sjel. Dokumentert antioksidant-effekt og bidrar til \u00e5 redusere synligheten av [&hellip;]<\/p>\n","protected":false},"featured_media":393394,"comment_status":"open","ping_status":"closed","template":"","meta":{"_trash_the_other_posts":false},"product_brand":[],"product_cat":[655],"product_tag":[],"berocket_brand":[1024],"class_list":{"0":"post-393402","1":"product","2":"type-product","3":"status-publish","4":"has-post-thumbnail","6":"product_cat-kroppsolje","7":"pa_brand-nuxe","8":"berocket_brand-nuxe","10":"first","11":"instock","12":"sale","13":"taxable","14":"shipping-taxable","15":"purchasable","16":"product-type-simple"},"_links":{"self":[{"href":"https:\/\/stylingagenten.com\/no\/wp-json\/wp\/v2\/product\/393402","targetHints":{"allow":["GET"]}}],"collection":[{"href":"https:\/\/stylingagenten.com\/no\/wp-json\/wp\/v2\/product"}],"about":[{"href":"https:\/\/stylingagenten.com\/no\/wp-json\/wp\/v2\/types\/product"}],"replies":[{"embeddable":true,"href":"https:\/\/stylingagenten.com\/no\/wp-json\/wp\/v2\/comments?post=393402"}],"version-history":[{"count":0,"href":"https:\/\/stylingagenten.com\/no\/wp-json\/wp\/v2\/product\/393402\/revisions"}],"wp:featuredmedia":[{"embeddable":true,"href":"https:\/\/stylingagenten.com\/no\/wp-json\/wp\/v2\/media\/393394"}],"wp:attachment":[{"href":"https:\/\/stylingagenten.com\/no\/wp-json\/wp\/v2\/media?parent=393402"}],"wp:term":[{"taxonomy":"product_brand","embeddable":true,"href":"https:\/\/stylingagenten.com\/no\/wp-json\/wp\/v2\/product_brand?post=393402"},{"taxonomy":"product_cat","embeddable":true,"href":"https:\/\/stylingagenten.com\/no\/wp-json\/wp\/v2\/product_cat?post=393402"},{"taxonomy":"product_tag","embeddable":true,"href":"https:\/\/stylingagenten.com\/no\/wp-json\/wp\/v2\/product_tag?post=393402"},{"taxonomy":"berocket_brand","embeddable":true,"href":"https:\/\/stylingagenten.com\/no\/wp-json\/wp\/v2\/berocket_brand?post=393402"}],"curies":[{"name":"wp","href":"https:\/\/api.w.org\/{rel}","templated":true}]}}