{"id":393367,"date":"2025-05-18T22:14:58","date_gmt":"2025-05-18T22:14:58","guid":{"rendered":"https:\/\/staging2.stylingagenten.com\/no\/produkt\/brave-new-hair-liquid-light-hair-oil-50ml\/"},"modified":"2026-03-11T21:59:48","modified_gmt":"2026-03-11T21:59:48","slug":"brave-new-hair-liquid-light-hair-oil-50ml","status":"publish","type":"product","link":"https:\/\/stylingagenten.com\/no\/produkt\/brave-new-hair-liquid-light-hair-oil-50ml\/","title":{"rendered":"Brave. New. Hair. Liquid Light Hair Oil 50ml"},"content":{"rendered":"<p>Brave New Hair Liquid Light Hair Oil 50ml. Lett 2-i-1 serum og olje beriket med aktiverte oljer for \u00e5 gi n\u00e6ring og speillignende glans. V\u00e5r rike kokosbaserte formel blandet med argan- og jojobaoljer gj\u00f8r h\u00e5ret lett \u00e5 filtre, beskytter mot h\u00e5rtap og etterlater det mykt og silkemykt. Passer for alle h\u00e5rtyper. 0% Silikoner<br \/>P\u00e5f\u00f8r noen dr\u00e5per i h\u00e5ret fra midten og ned til tuppene f\u00f8r du t\u00f8rker h\u00e5ret og bruk eventuelt mer p\u00e5 t\u00f8rt h\u00e5r f\u00f8r styling. Ikke skyll.<\/p>\n","protected":false},"excerpt":{"rendered":"<p>Brave New Hair Liquid Light Hair Oil 50ml. Lett 2-i-1 serum og olje beriket med aktiverte oljer for \u00e5 gi n\u00e6ring og speillignende glans. V\u00e5r rike kokosbaserte formel blandet med argan- og jojobaoljer gj\u00f8r h\u00e5ret lett \u00e5 filtre, beskytter mot h\u00e5rtap og etterlater det mykt og silkemykt. Passer for alle h\u00e5rtyper. 0% SilikonerP\u00e5f\u00f8r noen dr\u00e5per [&hellip;]<\/p>\n","protected":false},"featured_media":393361,"comment_status":"open","ping_status":"closed","template":"","meta":{"_trash_the_other_posts":false},"product_brand":[],"product_cat":[610],"product_tag":[],"berocket_brand":[1211],"class_list":{"0":"post-393367","1":"product","2":"type-product","3":"status-publish","4":"has-post-thumbnail","6":"product_cat-hare-olje","7":"pa_brand-brave-new-hair","8":"berocket_brand-brave-new-hair","10":"first","11":"instock","12":"taxable","13":"shipping-taxable","14":"purchasable","15":"product-type-simple"},"_links":{"self":[{"href":"https:\/\/stylingagenten.com\/no\/wp-json\/wp\/v2\/product\/393367","targetHints":{"allow":["GET"]}}],"collection":[{"href":"https:\/\/stylingagenten.com\/no\/wp-json\/wp\/v2\/product"}],"about":[{"href":"https:\/\/stylingagenten.com\/no\/wp-json\/wp\/v2\/types\/product"}],"replies":[{"embeddable":true,"href":"https:\/\/stylingagenten.com\/no\/wp-json\/wp\/v2\/comments?post=393367"}],"version-history":[{"count":0,"href":"https:\/\/stylingagenten.com\/no\/wp-json\/wp\/v2\/product\/393367\/revisions"}],"wp:featuredmedia":[{"embeddable":true,"href":"https:\/\/stylingagenten.com\/no\/wp-json\/wp\/v2\/media\/393361"}],"wp:attachment":[{"href":"https:\/\/stylingagenten.com\/no\/wp-json\/wp\/v2\/media?parent=393367"}],"wp:term":[{"taxonomy":"product_brand","embeddable":true,"href":"https:\/\/stylingagenten.com\/no\/wp-json\/wp\/v2\/product_brand?post=393367"},{"taxonomy":"product_cat","embeddable":true,"href":"https:\/\/stylingagenten.com\/no\/wp-json\/wp\/v2\/product_cat?post=393367"},{"taxonomy":"product_tag","embeddable":true,"href":"https:\/\/stylingagenten.com\/no\/wp-json\/wp\/v2\/product_tag?post=393367"},{"taxonomy":"berocket_brand","embeddable":true,"href":"https:\/\/stylingagenten.com\/no\/wp-json\/wp\/v2\/berocket_brand?post=393367"}],"curies":[{"name":"wp","href":"https:\/\/api.w.org\/{rel}","templated":true}]}}