{"id":393327,"date":"2025-05-18T22:14:45","date_gmt":"2025-05-18T22:14:45","guid":{"rendered":"https:\/\/staging2.stylingagenten.com\/no\/produkt\/paul-mitchell-dry-wax-50ml\/"},"modified":"2026-03-11T21:50:36","modified_gmt":"2026-03-11T21:50:36","slug":"paul-mitchell-dry-wax-50ml","status":"publish","type":"product","link":"https:\/\/stylingagenten.com\/no\/produkt\/paul-mitchell-dry-wax-50ml\/","title":{"rendered":"Paul Mitchell Dry Wax 50ml"},"content":{"rendered":"<p>For visse former.<br \/>Passer for \u00e5 forme en streng eller<br \/>en ustrukturert frisyre. Enkel \u00e5 p\u00e5f\u00f8re, enkel \u00e5 bruke.<\/p>\n","protected":false},"excerpt":{"rendered":"<p>For visse former.Passer for \u00e5 forme en streng elleren ustrukturert frisyre. Enkel \u00e5 p\u00e5f\u00f8re, enkel \u00e5 bruke.<\/p>\n","protected":false},"featured_media":393323,"comment_status":"open","ping_status":"closed","template":"","meta":{"_trash_the_other_posts":false},"product_brand":[],"product_cat":[700],"product_tag":[],"berocket_brand":[1053],"class_list":{"0":"post-393327","1":"product","2":"type-product","3":"status-publish","4":"has-post-thumbnail","6":"product_cat-voks","7":"pa_brand-paul-mitchell","8":"berocket_brand-paul-mitchell","10":"first","11":"instock","12":"sale","13":"taxable","14":"shipping-taxable","15":"purchasable","16":"product-type-simple"},"_links":{"self":[{"href":"https:\/\/stylingagenten.com\/no\/wp-json\/wp\/v2\/product\/393327","targetHints":{"allow":["GET"]}}],"collection":[{"href":"https:\/\/stylingagenten.com\/no\/wp-json\/wp\/v2\/product"}],"about":[{"href":"https:\/\/stylingagenten.com\/no\/wp-json\/wp\/v2\/types\/product"}],"replies":[{"embeddable":true,"href":"https:\/\/stylingagenten.com\/no\/wp-json\/wp\/v2\/comments?post=393327"}],"version-history":[{"count":0,"href":"https:\/\/stylingagenten.com\/no\/wp-json\/wp\/v2\/product\/393327\/revisions"}],"wp:featuredmedia":[{"embeddable":true,"href":"https:\/\/stylingagenten.com\/no\/wp-json\/wp\/v2\/media\/393323"}],"wp:attachment":[{"href":"https:\/\/stylingagenten.com\/no\/wp-json\/wp\/v2\/media?parent=393327"}],"wp:term":[{"taxonomy":"product_brand","embeddable":true,"href":"https:\/\/stylingagenten.com\/no\/wp-json\/wp\/v2\/product_brand?post=393327"},{"taxonomy":"product_cat","embeddable":true,"href":"https:\/\/stylingagenten.com\/no\/wp-json\/wp\/v2\/product_cat?post=393327"},{"taxonomy":"product_tag","embeddable":true,"href":"https:\/\/stylingagenten.com\/no\/wp-json\/wp\/v2\/product_tag?post=393327"},{"taxonomy":"berocket_brand","embeddable":true,"href":"https:\/\/stylingagenten.com\/no\/wp-json\/wp\/v2\/berocket_brand?post=393327"}],"curies":[{"name":"wp","href":"https:\/\/api.w.org\/{rel}","templated":true}]}}