{"id":393313,"date":"2025-05-18T22:14:42","date_gmt":"2025-05-18T22:14:42","guid":{"rendered":"https:\/\/staging2.stylingagenten.com\/no\/produkt\/paul-mitchell-wax-works-200ml\/"},"modified":"2026-03-23T08:23:31","modified_gmt":"2026-03-23T08:23:31","slug":"paul-mitchell-wax-works-200ml","status":"publish","type":"product","link":"https:\/\/stylingagenten.com\/no\/produkt\/paul-mitchell-wax-works-200ml\/","title":{"rendered":"Paul Mitchell Wax Works 200ml"},"content":{"rendered":"<p>Gir sterk tekstur og mye glans.<br \/>Gir middels til grovt h\u00e5r. Utmerket selv for d\u00e5rlig formet h\u00e5r.<\/p>\n","protected":false},"excerpt":{"rendered":"<p>Gir sterk tekstur og mye glans.Gir middels til grovt h\u00e5r. Utmerket selv for d\u00e5rlig formet h\u00e5r.<\/p>\n","protected":false},"featured_media":393311,"comment_status":"open","ping_status":"closed","template":"","meta":{"_trash_the_other_posts":false},"product_brand":[],"product_cat":[700],"product_tag":[],"berocket_brand":[1053],"class_list":{"0":"post-393313","1":"product","2":"type-product","3":"status-publish","4":"has-post-thumbnail","6":"product_cat-voks","7":"pa_brand-paul-mitchell","8":"berocket_brand-paul-mitchell","10":"first","11":"instock","12":"sale","13":"taxable","14":"shipping-taxable","15":"purchasable","16":"product-type-simple"},"_links":{"self":[{"href":"https:\/\/stylingagenten.com\/no\/wp-json\/wp\/v2\/product\/393313","targetHints":{"allow":["GET"]}}],"collection":[{"href":"https:\/\/stylingagenten.com\/no\/wp-json\/wp\/v2\/product"}],"about":[{"href":"https:\/\/stylingagenten.com\/no\/wp-json\/wp\/v2\/types\/product"}],"replies":[{"embeddable":true,"href":"https:\/\/stylingagenten.com\/no\/wp-json\/wp\/v2\/comments?post=393313"}],"version-history":[{"count":0,"href":"https:\/\/stylingagenten.com\/no\/wp-json\/wp\/v2\/product\/393313\/revisions"}],"wp:featuredmedia":[{"embeddable":true,"href":"https:\/\/stylingagenten.com\/no\/wp-json\/wp\/v2\/media\/393311"}],"wp:attachment":[{"href":"https:\/\/stylingagenten.com\/no\/wp-json\/wp\/v2\/media?parent=393313"}],"wp:term":[{"taxonomy":"product_brand","embeddable":true,"href":"https:\/\/stylingagenten.com\/no\/wp-json\/wp\/v2\/product_brand?post=393313"},{"taxonomy":"product_cat","embeddable":true,"href":"https:\/\/stylingagenten.com\/no\/wp-json\/wp\/v2\/product_cat?post=393313"},{"taxonomy":"product_tag","embeddable":true,"href":"https:\/\/stylingagenten.com\/no\/wp-json\/wp\/v2\/product_tag?post=393313"},{"taxonomy":"berocket_brand","embeddable":true,"href":"https:\/\/stylingagenten.com\/no\/wp-json\/wp\/v2\/berocket_brand?post=393313"}],"curies":[{"name":"wp","href":"https:\/\/api.w.org\/{rel}","templated":true}]}}