{"id":393306,"date":"2025-05-18T22:14:40","date_gmt":"2025-05-18T22:14:40","guid":{"rendered":"https:\/\/staging2.stylingagenten.com\/no\/produkt\/paul-mitchell-flexible-style-re-works-150ml\/"},"modified":"2026-03-23T08:37:34","modified_gmt":"2026-03-23T08:37:34","slug":"paul-mitchell-flexible-style-re-works-150ml","status":"publish","type":"product","link":"https:\/\/stylingagenten.com\/no\/produkt\/paul-mitchell-flexible-style-re-works-150ml\/","title":{"rendered":"Paul Mitchell Flexible Style Re-works 150ml"},"content":{"rendered":"<p>Teksturkrem for alle h\u00e5rtyper.<br \/>Gir sterk tekstur og separasjon.<br \/>I fuktig h\u00e5r for en mykere finish.<br \/>I t\u00f8rt h\u00e5r for separasjon.<\/ p><\/p>\n","protected":false},"excerpt":{"rendered":"<p>Teksturkrem for alle h\u00e5rtyper.Gir sterk tekstur og separasjon.I fuktig h\u00e5r for en mykere finish.I t\u00f8rt h\u00e5r for separasjon.<\/p>\n","protected":false},"featured_media":393304,"comment_status":"open","ping_status":"closed","template":"","meta":{"_trash_the_other_posts":false},"product_brand":[],"product_cat":[1003,700],"product_tag":[],"berocket_brand":[1053],"class_list":{"0":"post-393306","1":"product","2":"type-product","3":"status-publish","4":"has-post-thumbnail","6":"product_cat-bestselgere","7":"product_cat-voks","8":"pa_brand-paul-mitchell","9":"berocket_brand-paul-mitchell","11":"first","12":"instock","13":"sale","14":"taxable","15":"shipping-taxable","16":"purchasable","17":"product-type-simple"},"_links":{"self":[{"href":"https:\/\/stylingagenten.com\/no\/wp-json\/wp\/v2\/product\/393306","targetHints":{"allow":["GET"]}}],"collection":[{"href":"https:\/\/stylingagenten.com\/no\/wp-json\/wp\/v2\/product"}],"about":[{"href":"https:\/\/stylingagenten.com\/no\/wp-json\/wp\/v2\/types\/product"}],"replies":[{"embeddable":true,"href":"https:\/\/stylingagenten.com\/no\/wp-json\/wp\/v2\/comments?post=393306"}],"version-history":[{"count":0,"href":"https:\/\/stylingagenten.com\/no\/wp-json\/wp\/v2\/product\/393306\/revisions"}],"wp:featuredmedia":[{"embeddable":true,"href":"https:\/\/stylingagenten.com\/no\/wp-json\/wp\/v2\/media\/393304"}],"wp:attachment":[{"href":"https:\/\/stylingagenten.com\/no\/wp-json\/wp\/v2\/media?parent=393306"}],"wp:term":[{"taxonomy":"product_brand","embeddable":true,"href":"https:\/\/stylingagenten.com\/no\/wp-json\/wp\/v2\/product_brand?post=393306"},{"taxonomy":"product_cat","embeddable":true,"href":"https:\/\/stylingagenten.com\/no\/wp-json\/wp\/v2\/product_cat?post=393306"},{"taxonomy":"product_tag","embeddable":true,"href":"https:\/\/stylingagenten.com\/no\/wp-json\/wp\/v2\/product_tag?post=393306"},{"taxonomy":"berocket_brand","embeddable":true,"href":"https:\/\/stylingagenten.com\/no\/wp-json\/wp\/v2\/berocket_brand?post=393306"}],"curies":[{"name":"wp","href":"https:\/\/api.w.org\/{rel}","templated":true}]}}