{"id":393302,"date":"2025-05-18T22:14:39","date_gmt":"2025-05-18T22:14:39","guid":{"rendered":"https:\/\/staging2.stylingagenten.com\/no\/produkt\/paul-mitchell-tea-tree-styling-wax-200ml\/"},"modified":"2026-04-07T13:58:55","modified_gmt":"2026-04-07T13:58:55","slug":"paul-mitchell-tea-tree-styling-wax-200ml","status":"publish","type":"product","link":"https:\/\/stylingagenten.com\/no\/produkt\/paul-mitchell-tea-tree-styling-wax-200ml\/","title":{"rendered":"Paul Mitchell Tea Tree Styling Wax 150ml"},"content":{"rendered":"<p>Styling Wax er en parabenfri og fargebevarende voks som gir tekstur og kontroll for alle h\u00e5rtyper.<br \/>Voksen har en forfriskende duft og gir ogs\u00e5 fleksibelt hold, definisjon og glans.<br \/>Innhold Ogs\u00e5 tea tree olje, peppermynte og lavendel. Spesielt perfekt for kort h\u00e5r.<\/p>\n","protected":false},"excerpt":{"rendered":"<p>Styling Wax er en parabenfri og fargebevarende voks som gir tekstur og kontroll for alle h\u00e5rtyper.Voksen har en forfriskende duft og gir ogs\u00e5 fleksibelt hold, definisjon og glans.Innhold Ogs\u00e5 tea tree olje, peppermynte og lavendel. Spesielt perfekt for kort h\u00e5r.<\/p>\n","protected":false},"featured_media":393300,"comment_status":"open","ping_status":"closed","template":"","meta":{"_trash_the_other_posts":false},"product_brand":[],"product_cat":[700],"product_tag":[],"berocket_brand":[1053],"class_list":{"0":"post-393302","1":"product","2":"type-product","3":"status-publish","4":"has-post-thumbnail","6":"product_cat-voks","7":"pa_brand-paul-mitchell","8":"berocket_brand-paul-mitchell","10":"first","11":"outofstock","12":"sale","13":"taxable","14":"shipping-taxable","15":"purchasable","16":"product-type-simple"},"_links":{"self":[{"href":"https:\/\/stylingagenten.com\/no\/wp-json\/wp\/v2\/product\/393302","targetHints":{"allow":["GET"]}}],"collection":[{"href":"https:\/\/stylingagenten.com\/no\/wp-json\/wp\/v2\/product"}],"about":[{"href":"https:\/\/stylingagenten.com\/no\/wp-json\/wp\/v2\/types\/product"}],"replies":[{"embeddable":true,"href":"https:\/\/stylingagenten.com\/no\/wp-json\/wp\/v2\/comments?post=393302"}],"version-history":[{"count":0,"href":"https:\/\/stylingagenten.com\/no\/wp-json\/wp\/v2\/product\/393302\/revisions"}],"wp:featuredmedia":[{"embeddable":true,"href":"https:\/\/stylingagenten.com\/no\/wp-json\/wp\/v2\/media\/393300"}],"wp:attachment":[{"href":"https:\/\/stylingagenten.com\/no\/wp-json\/wp\/v2\/media?parent=393302"}],"wp:term":[{"taxonomy":"product_brand","embeddable":true,"href":"https:\/\/stylingagenten.com\/no\/wp-json\/wp\/v2\/product_brand?post=393302"},{"taxonomy":"product_cat","embeddable":true,"href":"https:\/\/stylingagenten.com\/no\/wp-json\/wp\/v2\/product_cat?post=393302"},{"taxonomy":"product_tag","embeddable":true,"href":"https:\/\/stylingagenten.com\/no\/wp-json\/wp\/v2\/product_tag?post=393302"},{"taxonomy":"berocket_brand","embeddable":true,"href":"https:\/\/stylingagenten.com\/no\/wp-json\/wp\/v2\/berocket_brand?post=393302"}],"curies":[{"name":"wp","href":"https:\/\/api.w.org\/{rel}","templated":true}]}}