{"id":393280,"date":"2025-05-18T22:14:33","date_gmt":"2025-05-18T22:14:33","guid":{"rendered":"https:\/\/staging2.stylingagenten.com\/no\/produkt\/american-crew-molding-clay-85g\/"},"modified":"2026-04-06T09:20:05","modified_gmt":"2026-04-06T09:20:05","slug":"american-crew-molding-clay-85g","status":"publish","type":"product","link":"https:\/\/stylingagenten.com\/no\/produkt\/american-crew-molding-clay-85g\/","title":{"rendered":"American Crew Molding Clay 85g"},"content":{"rendered":"<p>American Crew Moulding Clay er en leirvoks med h\u00f8y fasthet og middels glans, perfekt for korte frisyrer. Basert p\u00e5 naturlige ingredienser og bivoks, lett \u00e5 skylle ut av h\u00e5ret. T\u00f8rr fibervoks som gir uendelige muligheter.<\/p>\n<p>Varm produktet mellom h\u00e5ndflatene. Bruk i h\u00e5ndklet\u00f8rt h\u00e5r.<\/p>\n","protected":false},"excerpt":{"rendered":"<p>American Crew Moulding Clay er en leirvoks med h\u00f8y fasthet og middels glans, perfekt for korte frisyrer. Basert p\u00e5 naturlige ingredienser og bivoks, lett \u00e5 skylle ut av h\u00e5ret. T\u00f8rr fibervoks som gir uendelige muligheter. Varm produktet mellom h\u00e5ndflatene. Bruk i h\u00e5ndklet\u00f8rt h\u00e5r.<\/p>\n","protected":false},"featured_media":393279,"comment_status":"open","ping_status":"closed","template":"","meta":{"_trash_the_other_posts":false},"product_brand":[],"product_cat":[702],"product_tag":[],"berocket_brand":[1071],"class_list":{"0":"post-393280","1":"product","2":"type-product","3":"status-publish","4":"has-post-thumbnail","6":"product_cat-clay","7":"pa_brand-american-crew","8":"berocket_brand-american-crew","10":"first","11":"instock","12":"sale","13":"taxable","14":"shipping-taxable","15":"purchasable","16":"product-type-simple"},"_links":{"self":[{"href":"https:\/\/stylingagenten.com\/no\/wp-json\/wp\/v2\/product\/393280","targetHints":{"allow":["GET"]}}],"collection":[{"href":"https:\/\/stylingagenten.com\/no\/wp-json\/wp\/v2\/product"}],"about":[{"href":"https:\/\/stylingagenten.com\/no\/wp-json\/wp\/v2\/types\/product"}],"replies":[{"embeddable":true,"href":"https:\/\/stylingagenten.com\/no\/wp-json\/wp\/v2\/comments?post=393280"}],"version-history":[{"count":0,"href":"https:\/\/stylingagenten.com\/no\/wp-json\/wp\/v2\/product\/393280\/revisions"}],"wp:featuredmedia":[{"embeddable":true,"href":"https:\/\/stylingagenten.com\/no\/wp-json\/wp\/v2\/media\/393279"}],"wp:attachment":[{"href":"https:\/\/stylingagenten.com\/no\/wp-json\/wp\/v2\/media?parent=393280"}],"wp:term":[{"taxonomy":"product_brand","embeddable":true,"href":"https:\/\/stylingagenten.com\/no\/wp-json\/wp\/v2\/product_brand?post=393280"},{"taxonomy":"product_cat","embeddable":true,"href":"https:\/\/stylingagenten.com\/no\/wp-json\/wp\/v2\/product_cat?post=393280"},{"taxonomy":"product_tag","embeddable":true,"href":"https:\/\/stylingagenten.com\/no\/wp-json\/wp\/v2\/product_tag?post=393280"},{"taxonomy":"berocket_brand","embeddable":true,"href":"https:\/\/stylingagenten.com\/no\/wp-json\/wp\/v2\/berocket_brand?post=393280"}],"curies":[{"name":"wp","href":"https:\/\/api.w.org\/{rel}","templated":true}]}}