{"id":393271,"date":"2025-05-18T22:14:30","date_gmt":"2025-05-18T22:14:30","guid":{"rendered":"https:\/\/staging2.stylingagenten.com\/no\/produkt\/american-crew-forming-cream-85g\/"},"modified":"2026-04-13T12:35:30","modified_gmt":"2026-04-13T12:35:30","slug":"american-crew-forming-cream-85g","status":"publish","type":"product","link":"https:\/\/stylingagenten.com\/no\/produkt\/american-crew-forming-cream-85g\/","title":{"rendered":"American Crew Forming Cream 85g"},"content":{"rendered":"<p>American Crew Forming Cream &nbsp;med h\u00f8yt hold som gir et n\u00f8ytralt utseende.<br \/>Passer alle h\u00e5rtyper.<\/p>\n","protected":false},"excerpt":{"rendered":"<p>American Crew Forming Cream &nbsp;med h\u00f8yt hold som gir et n\u00f8ytralt utseende.Passer alle h\u00e5rtyper.<\/p>\n","protected":false},"featured_media":393270,"comment_status":"open","ping_status":"closed","template":"","meta":{"_trash_the_other_posts":false},"product_brand":[],"product_cat":[700],"product_tag":[],"berocket_brand":[1071],"class_list":{"0":"post-393271","1":"product","2":"type-product","3":"status-publish","4":"has-post-thumbnail","6":"product_cat-voks","7":"pa_brand-american-crew","8":"berocket_brand-american-crew","10":"first","11":"instock","12":"sale","13":"taxable","14":"shipping-taxable","15":"purchasable","16":"product-type-simple"},"_links":{"self":[{"href":"https:\/\/stylingagenten.com\/no\/wp-json\/wp\/v2\/product\/393271","targetHints":{"allow":["GET"]}}],"collection":[{"href":"https:\/\/stylingagenten.com\/no\/wp-json\/wp\/v2\/product"}],"about":[{"href":"https:\/\/stylingagenten.com\/no\/wp-json\/wp\/v2\/types\/product"}],"replies":[{"embeddable":true,"href":"https:\/\/stylingagenten.com\/no\/wp-json\/wp\/v2\/comments?post=393271"}],"version-history":[{"count":0,"href":"https:\/\/stylingagenten.com\/no\/wp-json\/wp\/v2\/product\/393271\/revisions"}],"wp:featuredmedia":[{"embeddable":true,"href":"https:\/\/stylingagenten.com\/no\/wp-json\/wp\/v2\/media\/393270"}],"wp:attachment":[{"href":"https:\/\/stylingagenten.com\/no\/wp-json\/wp\/v2\/media?parent=393271"}],"wp:term":[{"taxonomy":"product_brand","embeddable":true,"href":"https:\/\/stylingagenten.com\/no\/wp-json\/wp\/v2\/product_brand?post=393271"},{"taxonomy":"product_cat","embeddable":true,"href":"https:\/\/stylingagenten.com\/no\/wp-json\/wp\/v2\/product_cat?post=393271"},{"taxonomy":"product_tag","embeddable":true,"href":"https:\/\/stylingagenten.com\/no\/wp-json\/wp\/v2\/product_tag?post=393271"},{"taxonomy":"berocket_brand","embeddable":true,"href":"https:\/\/stylingagenten.com\/no\/wp-json\/wp\/v2\/berocket_brand?post=393271"}],"curies":[{"name":"wp","href":"https:\/\/api.w.org\/{rel}","templated":true}]}}