{"id":393251,"date":"2025-05-18T22:14:22","date_gmt":"2025-05-18T22:14:22","guid":{"rendered":"https:\/\/staging2.stylingagenten.com\/no\/produkt\/dfi-dstruct-molding-cream-75g\/"},"modified":"2026-04-12T16:58:41","modified_gmt":"2026-04-12T16:58:41","slug":"dfi-dstruct-molding-cream-75g","status":"publish","type":"product","link":"https:\/\/stylingagenten.com\/no\/produkt\/dfi-dstruct-molding-cream-75g\/","title":{"rendered":"D:fi D:struct Molding Cream 75g"},"content":{"rendered":"<p>Cremewax for \u00e5 forme h\u00e5ret slik du vil.<br \/>H\u00f8y fasthet og uendelige muligheter.<br \/>Passer alle h\u00e5rtyper.<\/p>\n","protected":false},"excerpt":{"rendered":"<p>Cremewax for \u00e5 forme h\u00e5ret slik du vil.H\u00f8y fasthet og uendelige muligheter.Passer alle h\u00e5rtyper.<\/p>\n","protected":false},"featured_media":393247,"comment_status":"open","ping_status":"closed","template":"","meta":{"_trash_the_other_posts":false},"product_brand":[],"product_cat":[1003,700],"product_tag":[2752],"berocket_brand":[1073],"class_list":{"0":"post-393251","1":"product","2":"type-product","3":"status-publish","4":"has-post-thumbnail","6":"product_cat-bestselgere","7":"product_cat-voks","8":"product_tag-dfi-dstruct-molding-cream","9":"pa_brand-dfi","10":"pa_variant-75g","11":"berocket_brand-dfi","13":"first","14":"instock","15":"sale","16":"taxable","17":"shipping-taxable","18":"purchasable","19":"product-type-simple"},"_links":{"self":[{"href":"https:\/\/stylingagenten.com\/no\/wp-json\/wp\/v2\/product\/393251","targetHints":{"allow":["GET"]}}],"collection":[{"href":"https:\/\/stylingagenten.com\/no\/wp-json\/wp\/v2\/product"}],"about":[{"href":"https:\/\/stylingagenten.com\/no\/wp-json\/wp\/v2\/types\/product"}],"replies":[{"embeddable":true,"href":"https:\/\/stylingagenten.com\/no\/wp-json\/wp\/v2\/comments?post=393251"}],"version-history":[{"count":0,"href":"https:\/\/stylingagenten.com\/no\/wp-json\/wp\/v2\/product\/393251\/revisions"}],"wp:featuredmedia":[{"embeddable":true,"href":"https:\/\/stylingagenten.com\/no\/wp-json\/wp\/v2\/media\/393247"}],"wp:attachment":[{"href":"https:\/\/stylingagenten.com\/no\/wp-json\/wp\/v2\/media?parent=393251"}],"wp:term":[{"taxonomy":"product_brand","embeddable":true,"href":"https:\/\/stylingagenten.com\/no\/wp-json\/wp\/v2\/product_brand?post=393251"},{"taxonomy":"product_cat","embeddable":true,"href":"https:\/\/stylingagenten.com\/no\/wp-json\/wp\/v2\/product_cat?post=393251"},{"taxonomy":"product_tag","embeddable":true,"href":"https:\/\/stylingagenten.com\/no\/wp-json\/wp\/v2\/product_tag?post=393251"},{"taxonomy":"berocket_brand","embeddable":true,"href":"https:\/\/stylingagenten.com\/no\/wp-json\/wp\/v2\/berocket_brand?post=393251"}],"curies":[{"name":"wp","href":"https:\/\/api.w.org\/{rel}","templated":true}]}}