{"id":393217,"date":"2025-05-18T22:14:08","date_gmt":"2025-05-18T22:14:08","guid":{"rendered":"https:\/\/staging2.stylingagenten.com\/no\/produkt\/american-crew-matte-clay-85g\/"},"modified":"2026-03-30T07:31:02","modified_gmt":"2026-03-30T07:31:02","slug":"american-crew-matte-clay-85g","status":"publish","type":"product","link":"https:\/\/stylingagenten.com\/no\/produkt\/american-crew-matte-clay-85g\/","title":{"rendered":"American Crew Matte Clay 85g"},"content":{"rendered":"<p>American Crew Matte Clay er en h\u00e5rvoks med middels\/h\u00f8y hold og lav glans som lar deg forme h\u00e5ret slik du vil. <br \/>Gir en naturlig kontrollert matt finish og gj\u00f8r h\u00e5ret og hodebunnen mykt og glatt. Egnet for sensitiv hud og hodebunn. Ideell for kortere til middels h\u00e5r.<\/p>\n","protected":false},"excerpt":{"rendered":"<p>American Crew Matte Clay er en h\u00e5rvoks med middels\/h\u00f8y hold og lav glans som lar deg forme h\u00e5ret slik du vil. Gir en naturlig kontrollert matt finish og gj\u00f8r h\u00e5ret og hodebunnen mykt og glatt. Egnet for sensitiv hud og hodebunn. Ideell for kortere til middels h\u00e5r.<\/p>\n","protected":false},"featured_media":393216,"comment_status":"open","ping_status":"closed","template":"","meta":{"_trash_the_other_posts":false},"product_brand":[],"product_cat":[1003,702],"product_tag":[],"berocket_brand":[1071],"class_list":{"0":"post-393217","1":"product","2":"type-product","3":"status-publish","4":"has-post-thumbnail","6":"product_cat-bestselgere","7":"product_cat-clay","8":"pa_brand-american-crew","9":"berocket_brand-american-crew","11":"first","12":"outofstock","13":"sale","14":"taxable","15":"shipping-taxable","16":"purchasable","17":"product-type-simple"},"_links":{"self":[{"href":"https:\/\/stylingagenten.com\/no\/wp-json\/wp\/v2\/product\/393217","targetHints":{"allow":["GET"]}}],"collection":[{"href":"https:\/\/stylingagenten.com\/no\/wp-json\/wp\/v2\/product"}],"about":[{"href":"https:\/\/stylingagenten.com\/no\/wp-json\/wp\/v2\/types\/product"}],"replies":[{"embeddable":true,"href":"https:\/\/stylingagenten.com\/no\/wp-json\/wp\/v2\/comments?post=393217"}],"version-history":[{"count":0,"href":"https:\/\/stylingagenten.com\/no\/wp-json\/wp\/v2\/product\/393217\/revisions"}],"wp:featuredmedia":[{"embeddable":true,"href":"https:\/\/stylingagenten.com\/no\/wp-json\/wp\/v2\/media\/393216"}],"wp:attachment":[{"href":"https:\/\/stylingagenten.com\/no\/wp-json\/wp\/v2\/media?parent=393217"}],"wp:term":[{"taxonomy":"product_brand","embeddable":true,"href":"https:\/\/stylingagenten.com\/no\/wp-json\/wp\/v2\/product_brand?post=393217"},{"taxonomy":"product_cat","embeddable":true,"href":"https:\/\/stylingagenten.com\/no\/wp-json\/wp\/v2\/product_cat?post=393217"},{"taxonomy":"product_tag","embeddable":true,"href":"https:\/\/stylingagenten.com\/no\/wp-json\/wp\/v2\/product_tag?post=393217"},{"taxonomy":"berocket_brand","embeddable":true,"href":"https:\/\/stylingagenten.com\/no\/wp-json\/wp\/v2\/berocket_brand?post=393217"}],"curies":[{"name":"wp","href":"https:\/\/api.w.org\/{rel}","templated":true}]}}