{"id":393152,"date":"2025-05-18T22:13:35","date_gmt":"2025-05-18T22:13:35","guid":{"rendered":"https:\/\/staging2.stylingagenten.com\/no\/produkt\/american-crew-grooming-cream-85g\/"},"modified":"2026-04-09T19:19:05","modified_gmt":"2026-04-09T19:19:05","slug":"american-crew-grooming-cream-85g","status":"publish","type":"product","link":"https:\/\/stylingagenten.com\/no\/produkt\/american-crew-grooming-cream-85g\/","title":{"rendered":"American Crew Grooming Cream 85g"},"content":{"rendered":"<p>American Crew Grooming Cream 85g &#8211; En kremvoks som hjelper deg med \u00e5 forme h\u00e5ret slik du vil. Den gir maksimal hold og glans. Brukes til \u00e5 lage en glatt frisyre eller for \u00e5 fremheve naturlig kr\u00f8llete eller b\u00f8lgete h\u00e5r. Avviser fuktighet for \u00e5 forsegle charteret. Lett \u00e5 vaske ut. Egnet for normalt og grovt h\u00e5r.<\/p>\n<p>Bruk<br \/>Spre en liten mengde mellom h\u00e5ndflatene og jobb den inn i v\u00e5tt eller t\u00f8rt h\u00e5r.&nbsp;<\/p>\n","protected":false},"excerpt":{"rendered":"<p>American Crew Grooming Cream 85g &#8211; En kremvoks som hjelper deg med \u00e5 forme h\u00e5ret slik du vil. Den gir maksimal hold og glans. Brukes til \u00e5 lage en glatt frisyre eller for \u00e5 fremheve naturlig kr\u00f8llete eller b\u00f8lgete h\u00e5r. Avviser fuktighet for \u00e5 forsegle charteret. Lett \u00e5 vaske ut. Egnet for normalt og grovt [&hellip;]<\/p>\n","protected":false},"featured_media":393151,"comment_status":"open","ping_status":"closed","template":"","meta":{"_trash_the_other_posts":false},"product_brand":[],"product_cat":[700],"product_tag":[],"berocket_brand":[1071],"class_list":{"0":"post-393152","1":"product","2":"type-product","3":"status-publish","4":"has-post-thumbnail","6":"product_cat-voks","7":"pa_brand-american-crew","8":"berocket_brand-american-crew","10":"first","11":"instock","12":"sale","13":"taxable","14":"shipping-taxable","15":"purchasable","16":"product-type-simple"},"_links":{"self":[{"href":"https:\/\/stylingagenten.com\/no\/wp-json\/wp\/v2\/product\/393152","targetHints":{"allow":["GET"]}}],"collection":[{"href":"https:\/\/stylingagenten.com\/no\/wp-json\/wp\/v2\/product"}],"about":[{"href":"https:\/\/stylingagenten.com\/no\/wp-json\/wp\/v2\/types\/product"}],"replies":[{"embeddable":true,"href":"https:\/\/stylingagenten.com\/no\/wp-json\/wp\/v2\/comments?post=393152"}],"version-history":[{"count":0,"href":"https:\/\/stylingagenten.com\/no\/wp-json\/wp\/v2\/product\/393152\/revisions"}],"wp:featuredmedia":[{"embeddable":true,"href":"https:\/\/stylingagenten.com\/no\/wp-json\/wp\/v2\/media\/393151"}],"wp:attachment":[{"href":"https:\/\/stylingagenten.com\/no\/wp-json\/wp\/v2\/media?parent=393152"}],"wp:term":[{"taxonomy":"product_brand","embeddable":true,"href":"https:\/\/stylingagenten.com\/no\/wp-json\/wp\/v2\/product_brand?post=393152"},{"taxonomy":"product_cat","embeddable":true,"href":"https:\/\/stylingagenten.com\/no\/wp-json\/wp\/v2\/product_cat?post=393152"},{"taxonomy":"product_tag","embeddable":true,"href":"https:\/\/stylingagenten.com\/no\/wp-json\/wp\/v2\/product_tag?post=393152"},{"taxonomy":"berocket_brand","embeddable":true,"href":"https:\/\/stylingagenten.com\/no\/wp-json\/wp\/v2\/berocket_brand?post=393152"}],"curies":[{"name":"wp","href":"https:\/\/api.w.org\/{rel}","templated":true}]}}