{"id":393113,"date":"2025-05-18T22:13:05","date_gmt":"2025-05-18T22:13:05","guid":{"rendered":"https:\/\/staging2.stylingagenten.com\/no\/produkt\/its-a-10-miracle-matte-molding-paste-59ml\/"},"modified":"2025-12-18T21:45:11","modified_gmt":"2025-12-18T21:45:11","slug":"its-a-10-miracle-matte-molding-paste-59ml","status":"publish","type":"product","link":"https:\/\/stylingagenten.com\/no\/produkt\/its-a-10-miracle-matte-molding-paste-59ml\/","title":{"rendered":"It&#8217;s A 10 Miracle Matte Molding Paste 59ml"},"content":{"rendered":"<p>En myk, lavglans og ikke-klebrig stylingpasta<br \/>Fuktighetsgivende formel hjelper til med \u00e5 definere, skille og kontrollere h\u00e5ret<br \/>Gir enkel p\u00e5f\u00f8ring for flere typer stiler<br \/>Gir et sterkt hold hele dagen samtidig som det tilf\u00f8rer tykkelse<br \/>Skaper et matt utseende med trendy tekstur<br \/>&nbsp;Parabenfri, sulfatfri og fargebeskyttet<\/p>\n","protected":false},"excerpt":{"rendered":"<p>En myk, lavglans og ikke-klebrig stylingpastaFuktighetsgivende formel hjelper til med \u00e5 definere, skille og kontrollere h\u00e5retGir enkel p\u00e5f\u00f8ring for flere typer stilerGir et sterkt hold hele dagen samtidig som det tilf\u00f8rer tykkelseSkaper et matt utseende med trendy tekstur&nbsp;Parabenfri, sulfatfri og fargebeskyttet<\/p>\n","protected":false},"featured_media":393112,"comment_status":"open","ping_status":"closed","template":"","meta":{"_trash_the_other_posts":false},"product_brand":[],"product_cat":[705],"product_tag":[],"berocket_brand":[1349],"class_list":{"0":"post-393113","1":"product","2":"type-product","3":"status-publish","4":"has-post-thumbnail","6":"product_cat-paste","7":"pa_brand-its-a-10","8":"berocket_brand-its-a-10","10":"first","11":"instock","12":"sale","13":"taxable","14":"shipping-taxable","15":"purchasable","16":"product-type-simple"},"_links":{"self":[{"href":"https:\/\/stylingagenten.com\/no\/wp-json\/wp\/v2\/product\/393113","targetHints":{"allow":["GET"]}}],"collection":[{"href":"https:\/\/stylingagenten.com\/no\/wp-json\/wp\/v2\/product"}],"about":[{"href":"https:\/\/stylingagenten.com\/no\/wp-json\/wp\/v2\/types\/product"}],"replies":[{"embeddable":true,"href":"https:\/\/stylingagenten.com\/no\/wp-json\/wp\/v2\/comments?post=393113"}],"version-history":[{"count":0,"href":"https:\/\/stylingagenten.com\/no\/wp-json\/wp\/v2\/product\/393113\/revisions"}],"wp:featuredmedia":[{"embeddable":true,"href":"https:\/\/stylingagenten.com\/no\/wp-json\/wp\/v2\/media\/393112"}],"wp:attachment":[{"href":"https:\/\/stylingagenten.com\/no\/wp-json\/wp\/v2\/media?parent=393113"}],"wp:term":[{"taxonomy":"product_brand","embeddable":true,"href":"https:\/\/stylingagenten.com\/no\/wp-json\/wp\/v2\/product_brand?post=393113"},{"taxonomy":"product_cat","embeddable":true,"href":"https:\/\/stylingagenten.com\/no\/wp-json\/wp\/v2\/product_cat?post=393113"},{"taxonomy":"product_tag","embeddable":true,"href":"https:\/\/stylingagenten.com\/no\/wp-json\/wp\/v2\/product_tag?post=393113"},{"taxonomy":"berocket_brand","embeddable":true,"href":"https:\/\/stylingagenten.com\/no\/wp-json\/wp\/v2\/berocket_brand?post=393113"}],"curies":[{"name":"wp","href":"https:\/\/api.w.org\/{rel}","templated":true}]}}