{"id":393105,"date":"2025-05-18T22:12:59","date_gmt":"2025-05-18T22:12:59","guid":{"rendered":"https:\/\/staging2.stylingagenten.com\/no\/produkt\/balmain-matt-clay-strong-100ml\/"},"modified":"2026-03-11T21:58:40","modified_gmt":"2026-03-11T21:58:40","slug":"balmain-matt-clay-strong-100ml","status":"publish","type":"product","link":"https:\/\/stylingagenten.com\/no\/produkt\/balmain-matt-clay-strong-100ml\/","title":{"rendered":"Balmain Matt Clay Strong 100ml"},"content":{"rendered":"<p>Dette magiske produktet er det ultimate for deg som \u00f8nsker \u00e5 ta maksimal kontroll over frisyren din! Det gir et naturlig og matt utseende p\u00e5 bare sekunder. Matt Clay Strong temmer selv de vanskeligste h\u00e5rtypene. Produktet er laget for \u00e5 gi en definert frisyre med maksimalt volum. Produktet f\u00f8les som en hard leire i glasset, men n\u00e5r du masserer det lett mellom fingrene, blir det utrolig lett \u00e5 jobbe med og fjerner all krus og gir h\u00e5ret et naturlig utseende. Med sin signatur Balmain-duft er Matt Clay Strong et must-have for trendbevisste menn og kvinner!<\/p>\n<p>Silkeproteiner og arganolje bidrar til \u00e5 opprettholde cellens naturlige fuktighetsbalanse og beskytter hvert h\u00e5rstr\u00e5. Gelen gjenoppretter og beskytter h\u00e5ret mot ytre p\u00e5virkninger.<\/p>\n<p>Maksimalt volum<br \/>Holder frisyren p\u00e5 plass i lang tid<br \/>Naturlig, matt finish<\/p>\n<p>Bruk:<br \/>Lett gni produktet i hendene og p\u00e5f\u00f8r i t\u00f8rt eller fuktig h\u00e5r og form umiddelbart den frisyren du \u00f8nsker.<\/p>\n","protected":false},"excerpt":{"rendered":"<p>Dette magiske produktet er det ultimate for deg som \u00f8nsker \u00e5 ta maksimal kontroll over frisyren din! Det gir et naturlig og matt utseende p\u00e5 bare sekunder. Matt Clay Strong temmer selv de vanskeligste h\u00e5rtypene. Produktet er laget for \u00e5 gi en definert frisyre med maksimalt volum. Produktet f\u00f8les som en hard leire i glasset, [&hellip;]<\/p>\n","protected":false},"featured_media":393104,"comment_status":"open","ping_status":"closed","template":"","meta":{"_trash_the_other_posts":false},"product_brand":[],"product_cat":[702],"product_tag":[],"berocket_brand":[1144],"class_list":{"0":"post-393105","1":"product","2":"type-product","3":"status-publish","4":"has-post-thumbnail","6":"product_cat-clay","7":"pa_brand-balmain","8":"berocket_brand-balmain","10":"first","11":"instock","12":"sale","13":"taxable","14":"shipping-taxable","15":"purchasable","16":"product-type-simple"},"_links":{"self":[{"href":"https:\/\/stylingagenten.com\/no\/wp-json\/wp\/v2\/product\/393105","targetHints":{"allow":["GET"]}}],"collection":[{"href":"https:\/\/stylingagenten.com\/no\/wp-json\/wp\/v2\/product"}],"about":[{"href":"https:\/\/stylingagenten.com\/no\/wp-json\/wp\/v2\/types\/product"}],"replies":[{"embeddable":true,"href":"https:\/\/stylingagenten.com\/no\/wp-json\/wp\/v2\/comments?post=393105"}],"version-history":[{"count":0,"href":"https:\/\/stylingagenten.com\/no\/wp-json\/wp\/v2\/product\/393105\/revisions"}],"wp:featuredmedia":[{"embeddable":true,"href":"https:\/\/stylingagenten.com\/no\/wp-json\/wp\/v2\/media\/393104"}],"wp:attachment":[{"href":"https:\/\/stylingagenten.com\/no\/wp-json\/wp\/v2\/media?parent=393105"}],"wp:term":[{"taxonomy":"product_brand","embeddable":true,"href":"https:\/\/stylingagenten.com\/no\/wp-json\/wp\/v2\/product_brand?post=393105"},{"taxonomy":"product_cat","embeddable":true,"href":"https:\/\/stylingagenten.com\/no\/wp-json\/wp\/v2\/product_cat?post=393105"},{"taxonomy":"product_tag","embeddable":true,"href":"https:\/\/stylingagenten.com\/no\/wp-json\/wp\/v2\/product_tag?post=393105"},{"taxonomy":"berocket_brand","embeddable":true,"href":"https:\/\/stylingagenten.com\/no\/wp-json\/wp\/v2\/berocket_brand?post=393105"}],"curies":[{"name":"wp","href":"https:\/\/api.w.org\/{rel}","templated":true}]}}