{"id":393099,"date":"2025-05-18T22:12:55","date_gmt":"2025-05-18T22:12:55","guid":{"rendered":"https:\/\/staging2.stylingagenten.com\/no\/produkt\/sebastian-professional-craft-clay-150ml\/"},"modified":"2026-03-16T20:07:40","modified_gmt":"2026-03-16T20:07:40","slug":"sebastian-professional-craft-clay-150ml","status":"publish","type":"product","link":"https:\/\/stylingagenten.com\/no\/produkt\/sebastian-professional-craft-clay-150ml\/","title":{"rendered":"Sebastian Professional Craft Clay 150ml"},"content":{"rendered":"<p>Skap et t\u00f8rt, matt utseende med Sebastian Professional Craft Clay. Denne profesjonelle styleren gir naturlig hold fra r\u00f8ttene og endrer h\u00e5rets tekstur, og gir det en matt finish. Spesialdesignet for kort til middels langt h\u00e5r, Craft Clays omformende strukturer gir volum og sterk definisjon til h\u00e5ret. Sebastians formelleire inneholder jordmineraler og skiller og omformer h\u00e5rets struktur<\/p>\n","protected":false},"excerpt":{"rendered":"<p>Skap et t\u00f8rt, matt utseende med Sebastian Professional Craft Clay. Denne profesjonelle styleren gir naturlig hold fra r\u00f8ttene og endrer h\u00e5rets tekstur, og gir det en matt finish. Spesialdesignet for kort til middels langt h\u00e5r, Craft Clays omformende strukturer gir volum og sterk definisjon til h\u00e5ret. Sebastians formelleire inneholder jordmineraler og skiller og omformer h\u00e5rets [&hellip;]<\/p>\n","protected":false},"featured_media":393098,"comment_status":"open","ping_status":"closed","template":"","meta":{"_trash_the_other_posts":false},"product_brand":[],"product_cat":[700],"product_tag":[3979],"berocket_brand":[1194],"class_list":{"0":"post-393099","1":"product","2":"type-product","3":"status-publish","4":"has-post-thumbnail","6":"product_cat-voks","7":"product_tag-sebastian-professional-craft-clay","8":"pa_brand-sebastian","9":"pa_variant-150ml","10":"berocket_brand-sebastian","12":"first","13":"outofstock","14":"sale","15":"taxable","16":"shipping-taxable","17":"purchasable","18":"product-type-simple"},"_links":{"self":[{"href":"https:\/\/stylingagenten.com\/no\/wp-json\/wp\/v2\/product\/393099","targetHints":{"allow":["GET"]}}],"collection":[{"href":"https:\/\/stylingagenten.com\/no\/wp-json\/wp\/v2\/product"}],"about":[{"href":"https:\/\/stylingagenten.com\/no\/wp-json\/wp\/v2\/types\/product"}],"replies":[{"embeddable":true,"href":"https:\/\/stylingagenten.com\/no\/wp-json\/wp\/v2\/comments?post=393099"}],"version-history":[{"count":0,"href":"https:\/\/stylingagenten.com\/no\/wp-json\/wp\/v2\/product\/393099\/revisions"}],"wp:featuredmedia":[{"embeddable":true,"href":"https:\/\/stylingagenten.com\/no\/wp-json\/wp\/v2\/media\/393098"}],"wp:attachment":[{"href":"https:\/\/stylingagenten.com\/no\/wp-json\/wp\/v2\/media?parent=393099"}],"wp:term":[{"taxonomy":"product_brand","embeddable":true,"href":"https:\/\/stylingagenten.com\/no\/wp-json\/wp\/v2\/product_brand?post=393099"},{"taxonomy":"product_cat","embeddable":true,"href":"https:\/\/stylingagenten.com\/no\/wp-json\/wp\/v2\/product_cat?post=393099"},{"taxonomy":"product_tag","embeddable":true,"href":"https:\/\/stylingagenten.com\/no\/wp-json\/wp\/v2\/product_tag?post=393099"},{"taxonomy":"berocket_brand","embeddable":true,"href":"https:\/\/stylingagenten.com\/no\/wp-json\/wp\/v2\/berocket_brand?post=393099"}],"curies":[{"name":"wp","href":"https:\/\/api.w.org\/{rel}","templated":true}]}}