{"id":393092,"date":"2025-05-18T22:12:49","date_gmt":"2025-05-18T22:12:49","guid":{"rendered":"https:\/\/staging2.stylingagenten.com\/no\/produkt\/fudge-matte-hed-extra-85g\/"},"modified":"2026-04-02T13:57:49","modified_gmt":"2026-04-02T13:57:49","slug":"fudge-matte-hed-extra-85g","status":"publish","type":"product","link":"https:\/\/stylingagenten.com\/no\/produkt\/fudge-matte-hed-extra-85g\/","title":{"rendered":"Fudge Matte Hed Extra 85g"},"content":{"rendered":"<p>Fudge Matte Hed Extra er en matt teksturert pasta med et fast hold. Den gir struktur og former h\u00e5ret med en ekstra matt finish. Fudge Matte Hed Extra tilf\u00f8rer volum og glatt h\u00e5r samtidig som den gir kontroll ved hjelp av Chinaclay og organisk voks. Organiske pleiende stoffer forhindrer fukttap og bevarer h\u00e5rets naturlige kvalitet. Mild duft av agurk og melon.<\/p>\n","protected":false},"excerpt":{"rendered":"<p>Fudge Matte Hed Extra er en matt teksturert pasta med et fast hold. Den gir struktur og former h\u00e5ret med en ekstra matt finish. Fudge Matte Hed Extra tilf\u00f8rer volum og glatt h\u00e5r samtidig som den gir kontroll ved hjelp av Chinaclay og organisk voks. Organiske pleiende stoffer forhindrer fukttap og bevarer h\u00e5rets naturlige kvalitet. [&hellip;]<\/p>\n","protected":false},"featured_media":393090,"comment_status":"open","ping_status":"closed","template":"","meta":{"_trash_the_other_posts":false},"product_brand":[],"product_cat":[705],"product_tag":[],"berocket_brand":[1319],"class_list":{"0":"post-393092","1":"product","2":"type-product","3":"status-publish","4":"has-post-thumbnail","6":"product_cat-paste","7":"pa_brand-fudge","8":"berocket_brand-fudge","10":"first","11":"instock","12":"sale","13":"taxable","14":"shipping-taxable","15":"purchasable","16":"product-type-simple"},"_links":{"self":[{"href":"https:\/\/stylingagenten.com\/no\/wp-json\/wp\/v2\/product\/393092","targetHints":{"allow":["GET"]}}],"collection":[{"href":"https:\/\/stylingagenten.com\/no\/wp-json\/wp\/v2\/product"}],"about":[{"href":"https:\/\/stylingagenten.com\/no\/wp-json\/wp\/v2\/types\/product"}],"replies":[{"embeddable":true,"href":"https:\/\/stylingagenten.com\/no\/wp-json\/wp\/v2\/comments?post=393092"}],"version-history":[{"count":0,"href":"https:\/\/stylingagenten.com\/no\/wp-json\/wp\/v2\/product\/393092\/revisions"}],"wp:featuredmedia":[{"embeddable":true,"href":"https:\/\/stylingagenten.com\/no\/wp-json\/wp\/v2\/media\/393090"}],"wp:attachment":[{"href":"https:\/\/stylingagenten.com\/no\/wp-json\/wp\/v2\/media?parent=393092"}],"wp:term":[{"taxonomy":"product_brand","embeddable":true,"href":"https:\/\/stylingagenten.com\/no\/wp-json\/wp\/v2\/product_brand?post=393092"},{"taxonomy":"product_cat","embeddable":true,"href":"https:\/\/stylingagenten.com\/no\/wp-json\/wp\/v2\/product_cat?post=393092"},{"taxonomy":"product_tag","embeddable":true,"href":"https:\/\/stylingagenten.com\/no\/wp-json\/wp\/v2\/product_tag?post=393092"},{"taxonomy":"berocket_brand","embeddable":true,"href":"https:\/\/stylingagenten.com\/no\/wp-json\/wp\/v2\/berocket_brand?post=393092"}],"curies":[{"name":"wp","href":"https:\/\/api.w.org\/{rel}","templated":true}]}}