{"id":393087,"date":"2025-05-18T22:12:45","date_gmt":"2025-05-18T22:12:45","guid":{"rendered":"https:\/\/staging2.stylingagenten.com\/no\/produkt\/maria-nila-creator-original-100ml\/"},"modified":"2026-03-22T19:27:41","modified_gmt":"2026-03-22T19:27:41","slug":"maria-nila-creator-original-100ml","status":"publish","type":"product","link":"https:\/\/stylingagenten.com\/no\/produkt\/maria-nila-creator-original-100ml\/","title":{"rendered":"Maria Nila Creator Original 100ml"},"content":{"rendered":"<p>Fibervoks egnet for kort til skulderlangt h\u00e5r. Er lett \u00e5 forme uten \u00e5 t\u00f8rke. P\u00e5f\u00f8r i v\u00e5tt eller t\u00f8rt h\u00e5r og style til \u00f8nsket frisyre.<\/p>\n","protected":false},"excerpt":{"rendered":"<p>Fibervoks egnet for kort til skulderlangt h\u00e5r. Er lett \u00e5 forme uten \u00e5 t\u00f8rke. P\u00e5f\u00f8r i v\u00e5tt eller t\u00f8rt h\u00e5r og style til \u00f8nsket frisyre.<\/p>\n","protected":false},"featured_media":393086,"comment_status":"open","ping_status":"closed","template":"","meta":{"_trash_the_other_posts":false},"product_brand":[],"product_cat":[1003,700],"product_tag":[],"berocket_brand":[1388],"class_list":{"0":"post-393087","1":"product","2":"type-product","3":"status-publish","4":"has-post-thumbnail","6":"product_cat-bestselgere","7":"product_cat-voks","8":"pa_brand-maria-nila","9":"berocket_brand-maria-nila","11":"first","12":"instock","13":"sale","14":"taxable","15":"shipping-taxable","16":"purchasable","17":"product-type-simple"},"_links":{"self":[{"href":"https:\/\/stylingagenten.com\/no\/wp-json\/wp\/v2\/product\/393087","targetHints":{"allow":["GET"]}}],"collection":[{"href":"https:\/\/stylingagenten.com\/no\/wp-json\/wp\/v2\/product"}],"about":[{"href":"https:\/\/stylingagenten.com\/no\/wp-json\/wp\/v2\/types\/product"}],"replies":[{"embeddable":true,"href":"https:\/\/stylingagenten.com\/no\/wp-json\/wp\/v2\/comments?post=393087"}],"version-history":[{"count":0,"href":"https:\/\/stylingagenten.com\/no\/wp-json\/wp\/v2\/product\/393087\/revisions"}],"wp:featuredmedia":[{"embeddable":true,"href":"https:\/\/stylingagenten.com\/no\/wp-json\/wp\/v2\/media\/393086"}],"wp:attachment":[{"href":"https:\/\/stylingagenten.com\/no\/wp-json\/wp\/v2\/media?parent=393087"}],"wp:term":[{"taxonomy":"product_brand","embeddable":true,"href":"https:\/\/stylingagenten.com\/no\/wp-json\/wp\/v2\/product_brand?post=393087"},{"taxonomy":"product_cat","embeddable":true,"href":"https:\/\/stylingagenten.com\/no\/wp-json\/wp\/v2\/product_cat?post=393087"},{"taxonomy":"product_tag","embeddable":true,"href":"https:\/\/stylingagenten.com\/no\/wp-json\/wp\/v2\/product_tag?post=393087"},{"taxonomy":"berocket_brand","embeddable":true,"href":"https:\/\/stylingagenten.com\/no\/wp-json\/wp\/v2\/berocket_brand?post=393087"}],"curies":[{"name":"wp","href":"https:\/\/api.w.org\/{rel}","templated":true}]}}