{"id":393059,"date":"2025-05-18T22:12:24","date_gmt":"2025-05-18T22:12:24","guid":{"rendered":"https:\/\/staging2.stylingagenten.com\/no\/produkt\/schwarzkopf-osis-thrill-100ml\/"},"modified":"2026-03-20T16:43:38","modified_gmt":"2026-03-20T16:43:38","slug":"schwarzkopf-osis-thrill-100ml","status":"publish","type":"product","link":"https:\/\/stylingagenten.com\/no\/produkt\/schwarzkopf-osis-thrill-100ml\/","title":{"rendered":"Schwarzkopf Osis Thrill 100ml"},"content":{"rendered":"<p>Schwarzkopf Osis Thrill 100ml<br \/>OSiS Thrill er en vegansk fibervoks med en omformende statut som gir kraftig tekstur og kontroll, separasjon, glans og fleksibel styling. Brukes til \u00e5 definere individuelle h\u00e5rseksjoner, redusere krus eller temme sm\u00e5 h\u00e5r.<\/p>\n","protected":false},"excerpt":{"rendered":"<p>Schwarzkopf Osis Thrill 100mlOSiS Thrill er en vegansk fibervoks med en omformende statut som gir kraftig tekstur og kontroll, separasjon, glans og fleksibel styling. Brukes til \u00e5 definere individuelle h\u00e5rseksjoner, redusere krus eller temme sm\u00e5 h\u00e5r.<\/p>\n","protected":false},"featured_media":393057,"comment_status":"open","ping_status":"closed","template":"","meta":{"_trash_the_other_posts":false},"product_brand":[],"product_cat":[700],"product_tag":[],"berocket_brand":[1060],"class_list":{"0":"post-393059","1":"product","2":"type-product","3":"status-publish","4":"has-post-thumbnail","6":"product_cat-voks","7":"pa_brand-schwarzkopf","8":"berocket_brand-schwarzkopf","10":"first","11":"instock","12":"sale","13":"taxable","14":"shipping-taxable","15":"purchasable","16":"product-type-simple"},"_links":{"self":[{"href":"https:\/\/stylingagenten.com\/no\/wp-json\/wp\/v2\/product\/393059","targetHints":{"allow":["GET"]}}],"collection":[{"href":"https:\/\/stylingagenten.com\/no\/wp-json\/wp\/v2\/product"}],"about":[{"href":"https:\/\/stylingagenten.com\/no\/wp-json\/wp\/v2\/types\/product"}],"replies":[{"embeddable":true,"href":"https:\/\/stylingagenten.com\/no\/wp-json\/wp\/v2\/comments?post=393059"}],"version-history":[{"count":0,"href":"https:\/\/stylingagenten.com\/no\/wp-json\/wp\/v2\/product\/393059\/revisions"}],"wp:featuredmedia":[{"embeddable":true,"href":"https:\/\/stylingagenten.com\/no\/wp-json\/wp\/v2\/media\/393057"}],"wp:attachment":[{"href":"https:\/\/stylingagenten.com\/no\/wp-json\/wp\/v2\/media?parent=393059"}],"wp:term":[{"taxonomy":"product_brand","embeddable":true,"href":"https:\/\/stylingagenten.com\/no\/wp-json\/wp\/v2\/product_brand?post=393059"},{"taxonomy":"product_cat","embeddable":true,"href":"https:\/\/stylingagenten.com\/no\/wp-json\/wp\/v2\/product_cat?post=393059"},{"taxonomy":"product_tag","embeddable":true,"href":"https:\/\/stylingagenten.com\/no\/wp-json\/wp\/v2\/product_tag?post=393059"},{"taxonomy":"berocket_brand","embeddable":true,"href":"https:\/\/stylingagenten.com\/no\/wp-json\/wp\/v2\/berocket_brand?post=393059"}],"curies":[{"name":"wp","href":"https:\/\/api.w.org\/{rel}","templated":true}]}}