{"id":392980,"date":"2025-05-18T22:10:17","date_gmt":"2025-05-18T22:10:17","guid":{"rendered":"https:\/\/staging2.stylingagenten.com\/no\/produkt\/american-crew-whip-85g\/"},"modified":"2026-04-06T09:20:02","modified_gmt":"2026-04-06T09:20:02","slug":"american-crew-whip-85g","status":"publish","type":"product","link":"https:\/\/stylingagenten.com\/no\/produkt\/american-crew-whip-85g\/","title":{"rendered":"American Crew Whip 85g"},"content":{"rendered":"<p>American Crew Whip er en luftig, lett voks som gir tekstur og kontroll for en naturlig, enkel look. Den gir lett, fleksibelt hold og naturlig glans uten \u00e5 tynge h\u00e5ret ned eller bli klissete. Anbefales for fint til grovt h\u00e5r og middels til langt h\u00e5r.<\/p>\n<p>85g<\/p>\n","protected":false},"excerpt":{"rendered":"<p>American Crew Whip er en luftig, lett voks som gir tekstur og kontroll for en naturlig, enkel look. Den gir lett, fleksibelt hold og naturlig glans uten \u00e5 tynge h\u00e5ret ned eller bli klissete. Anbefales for fint til grovt h\u00e5r og middels til langt h\u00e5r. 85g<\/p>\n","protected":false},"featured_media":392979,"comment_status":"open","ping_status":"closed","template":"","meta":{"_trash_the_other_posts":false},"product_brand":[],"product_cat":[700],"product_tag":[],"berocket_brand":[1071],"class_list":{"0":"post-392980","1":"product","2":"type-product","3":"status-publish","4":"has-post-thumbnail","6":"product_cat-voks","7":"pa_brand-american-crew","8":"berocket_brand-american-crew","10":"first","11":"instock","12":"sale","13":"taxable","14":"shipping-taxable","15":"purchasable","16":"product-type-simple"},"_links":{"self":[{"href":"https:\/\/stylingagenten.com\/no\/wp-json\/wp\/v2\/product\/392980","targetHints":{"allow":["GET"]}}],"collection":[{"href":"https:\/\/stylingagenten.com\/no\/wp-json\/wp\/v2\/product"}],"about":[{"href":"https:\/\/stylingagenten.com\/no\/wp-json\/wp\/v2\/types\/product"}],"replies":[{"embeddable":true,"href":"https:\/\/stylingagenten.com\/no\/wp-json\/wp\/v2\/comments?post=392980"}],"version-history":[{"count":0,"href":"https:\/\/stylingagenten.com\/no\/wp-json\/wp\/v2\/product\/392980\/revisions"}],"wp:featuredmedia":[{"embeddable":true,"href":"https:\/\/stylingagenten.com\/no\/wp-json\/wp\/v2\/media\/392979"}],"wp:attachment":[{"href":"https:\/\/stylingagenten.com\/no\/wp-json\/wp\/v2\/media?parent=392980"}],"wp:term":[{"taxonomy":"product_brand","embeddable":true,"href":"https:\/\/stylingagenten.com\/no\/wp-json\/wp\/v2\/product_brand?post=392980"},{"taxonomy":"product_cat","embeddable":true,"href":"https:\/\/stylingagenten.com\/no\/wp-json\/wp\/v2\/product_cat?post=392980"},{"taxonomy":"product_tag","embeddable":true,"href":"https:\/\/stylingagenten.com\/no\/wp-json\/wp\/v2\/product_tag?post=392980"},{"taxonomy":"berocket_brand","embeddable":true,"href":"https:\/\/stylingagenten.com\/no\/wp-json\/wp\/v2\/berocket_brand?post=392980"}],"curies":[{"name":"wp","href":"https:\/\/api.w.org\/{rel}","templated":true}]}}