{"id":392971,"date":"2025-05-18T22:10:15","date_gmt":"2025-05-18T22:10:15","guid":{"rendered":"https:\/\/staging2.stylingagenten.com\/no\/produkt\/loreal-professionnel-tecni-art-depolish-matte-paste-100ml\/"},"modified":"2026-04-09T05:08:41","modified_gmt":"2026-04-09T05:08:41","slug":"loreal-professionnel-tecni-art-depolish-matte-paste-100ml","status":"publish","type":"product","link":"https:\/\/stylingagenten.com\/no\/produkt\/loreal-professionnel-tecni-art-depolish-matte-paste-100ml\/","title":{"rendered":"L&#8217;Oreal Professionnel Tecni.Art Depolish Matte Paste 100ml"},"content":{"rendered":"<p>L&#8217;Or\u00e9al Professionnel Tecni.Art Depolish er en glatt og lettarbeidet paste.<\/p>\n<p>Et must fra TECNI.ART for \u00e5 gj\u00f8re h\u00e5ret matt og fleksibelt for en stilig, avslappet frisyre som kan omformes uendelig mange ganger. Arbeid og omstyl h\u00e5ret for en trendy frisyre uten at h\u00e5ret f\u00f8les stivt. Tenk deg en rufsete, avslappet tekstur og volum som kan omformes p\u00e5 alle h\u00e5rtyper.<\/p>\n<p>100ml<\/p>\n","protected":false},"excerpt":{"rendered":"<p>L&#8217;Or\u00e9al Professionnel Tecni.Art Depolish er en glatt og lettarbeidet paste. Et must fra TECNI.ART for \u00e5 gj\u00f8re h\u00e5ret matt og fleksibelt for en stilig, avslappet frisyre som kan omformes uendelig mange ganger. Arbeid og omstyl h\u00e5ret for en trendy frisyre uten at h\u00e5ret f\u00f8les stivt. Tenk deg en rufsete, avslappet tekstur og volum som kan [&hellip;]<\/p>\n","protected":false},"featured_media":392960,"comment_status":"open","ping_status":"closed","template":"","meta":{"_trash_the_other_posts":false},"product_brand":[],"product_cat":[705],"product_tag":[],"berocket_brand":[2001],"class_list":{"0":"post-392971","1":"product","2":"type-product","3":"status-publish","4":"has-post-thumbnail","6":"product_cat-paste","7":"pa_brand-loreal-paris","8":"berocket_brand-loreal-paris","10":"first","11":"instock","12":"sale","13":"taxable","14":"shipping-taxable","15":"purchasable","16":"product-type-simple"},"_links":{"self":[{"href":"https:\/\/stylingagenten.com\/no\/wp-json\/wp\/v2\/product\/392971","targetHints":{"allow":["GET"]}}],"collection":[{"href":"https:\/\/stylingagenten.com\/no\/wp-json\/wp\/v2\/product"}],"about":[{"href":"https:\/\/stylingagenten.com\/no\/wp-json\/wp\/v2\/types\/product"}],"replies":[{"embeddable":true,"href":"https:\/\/stylingagenten.com\/no\/wp-json\/wp\/v2\/comments?post=392971"}],"version-history":[{"count":0,"href":"https:\/\/stylingagenten.com\/no\/wp-json\/wp\/v2\/product\/392971\/revisions"}],"wp:featuredmedia":[{"embeddable":true,"href":"https:\/\/stylingagenten.com\/no\/wp-json\/wp\/v2\/media\/392960"}],"wp:attachment":[{"href":"https:\/\/stylingagenten.com\/no\/wp-json\/wp\/v2\/media?parent=392971"}],"wp:term":[{"taxonomy":"product_brand","embeddable":true,"href":"https:\/\/stylingagenten.com\/no\/wp-json\/wp\/v2\/product_brand?post=392971"},{"taxonomy":"product_cat","embeddable":true,"href":"https:\/\/stylingagenten.com\/no\/wp-json\/wp\/v2\/product_cat?post=392971"},{"taxonomy":"product_tag","embeddable":true,"href":"https:\/\/stylingagenten.com\/no\/wp-json\/wp\/v2\/product_tag?post=392971"},{"taxonomy":"berocket_brand","embeddable":true,"href":"https:\/\/stylingagenten.com\/no\/wp-json\/wp\/v2\/berocket_brand?post=392971"}],"curies":[{"name":"wp","href":"https:\/\/api.w.org\/{rel}","templated":true}]}}