{"id":392945,"date":"2025-05-18T22:10:09","date_gmt":"2025-05-18T22:10:09","guid":{"rendered":"https:\/\/staging2.stylingagenten.com\/no\/produkt\/wella-eimi-flowing-form-anti-frizz-smoothing-balm-100ml\/"},"modified":"2026-04-09T08:58:35","modified_gmt":"2026-04-09T08:58:35","slug":"wella-eimi-flowing-form-anti-frizz-smoothing-balm-100ml","status":"publish","type":"product","link":"https:\/\/stylingagenten.com\/no\/produkt\/wella-eimi-flowing-form-anti-frizz-smoothing-balm-100ml\/","title":{"rendered":"Wella EIMI Flowing Form Anti-frizz Smoothing Balm 100ml"},"content":{"rendered":"<p style='margin-top:0cm;margin-right:0cm;margin-bottom:8.0pt;margin-left:0cm;font-size:15px;font-family:\"Calibri\",sans-serif'> EIMI Flowing Form er en eksfolierende anti-kruskrem. Produktet hjelper deg med \u00e5 skape en jevn og fleksibel kontroll til frisyren din, og hjelper ogs\u00e5 med \u00e5 redusere krus og beskytter h\u00e5ret mot utt\u00f8rking n\u00e5r du bruker stylingverkt\u00f8y.<\/p>\n<p style='margin: 0cm 0cm 8pt;font-family: \"Calibri\", sans-serif'>Kapasitet: 100 ml<\/p>\n","protected":false},"excerpt":{"rendered":"<p>EIMI Flowing Form er en eksfolierende anti-kruskrem. Produktet hjelper deg med \u00e5 skape en jevn og fleksibel kontroll til frisyren din, og hjelper ogs\u00e5 med \u00e5 redusere krus og beskytter h\u00e5ret mot utt\u00f8rking n\u00e5r du bruker stylingverkt\u00f8y. Kapasitet: 100 ml<\/p>\n","protected":false},"featured_media":392939,"comment_status":"open","ping_status":"closed","template":"","meta":{"_trash_the_other_posts":false},"product_brand":[],"product_cat":[1003,546],"product_tag":[],"berocket_brand":[1030],"class_list":{"0":"post-392945","1":"product","2":"type-product","3":"status-publish","4":"has-post-thumbnail","6":"product_cat-bestselgere","7":"product_cat-harstyling","8":"pa_brand-wella","9":"berocket_brand-wella","11":"first","12":"outofstock","13":"sale","14":"taxable","15":"shipping-taxable","16":"purchasable","17":"product-type-simple"},"_links":{"self":[{"href":"https:\/\/stylingagenten.com\/no\/wp-json\/wp\/v2\/product\/392945","targetHints":{"allow":["GET"]}}],"collection":[{"href":"https:\/\/stylingagenten.com\/no\/wp-json\/wp\/v2\/product"}],"about":[{"href":"https:\/\/stylingagenten.com\/no\/wp-json\/wp\/v2\/types\/product"}],"replies":[{"embeddable":true,"href":"https:\/\/stylingagenten.com\/no\/wp-json\/wp\/v2\/comments?post=392945"}],"version-history":[{"count":0,"href":"https:\/\/stylingagenten.com\/no\/wp-json\/wp\/v2\/product\/392945\/revisions"}],"wp:featuredmedia":[{"embeddable":true,"href":"https:\/\/stylingagenten.com\/no\/wp-json\/wp\/v2\/media\/392939"}],"wp:attachment":[{"href":"https:\/\/stylingagenten.com\/no\/wp-json\/wp\/v2\/media?parent=392945"}],"wp:term":[{"taxonomy":"product_brand","embeddable":true,"href":"https:\/\/stylingagenten.com\/no\/wp-json\/wp\/v2\/product_brand?post=392945"},{"taxonomy":"product_cat","embeddable":true,"href":"https:\/\/stylingagenten.com\/no\/wp-json\/wp\/v2\/product_cat?post=392945"},{"taxonomy":"product_tag","embeddable":true,"href":"https:\/\/stylingagenten.com\/no\/wp-json\/wp\/v2\/product_tag?post=392945"},{"taxonomy":"berocket_brand","embeddable":true,"href":"https:\/\/stylingagenten.com\/no\/wp-json\/wp\/v2\/berocket_brand?post=392945"}],"curies":[{"name":"wp","href":"https:\/\/api.w.org\/{rel}","templated":true}]}}