{"id":392943,"date":"2025-05-18T22:10:08","date_gmt":"2025-05-18T22:10:08","guid":{"rendered":"https:\/\/staging2.stylingagenten.com\/no\/produkt\/paul-mitchell-extra-body-sculpting-foam-200ml\/"},"modified":"2026-04-11T13:48:46","modified_gmt":"2026-04-11T13:48:46","slug":"paul-mitchell-extra-body-sculpting-foam-200ml","status":"publish","type":"product","link":"https:\/\/stylingagenten.com\/no\/produkt\/paul-mitchell-extra-body-sculpting-foam-200ml\/","title":{"rendered":"Paul Mitchell Extra Body Sculpting Foam 200ml"},"content":{"rendered":"<p>Gir maksimalt volum og fleksibel formbarhet.<br \/>Gir glans til h\u00e5ret. Utmerket for h\u00e5r.<br \/>Passer alle h\u00e5rtyper.<\/p>\n","protected":false},"excerpt":{"rendered":"<p>Gir maksimalt volum og fleksibel formbarhet.Gir glans til h\u00e5ret. Utmerket for h\u00e5r.Passer alle h\u00e5rtyper.<\/p>\n","protected":false},"featured_media":392933,"comment_status":"open","ping_status":"closed","template":"","meta":{"_trash_the_other_posts":false},"product_brand":[],"product_cat":[1003,546],"product_tag":[],"berocket_brand":[1053],"class_list":{"0":"post-392943","1":"product","2":"type-product","3":"status-publish","4":"has-post-thumbnail","6":"product_cat-bestselgere","7":"product_cat-harstyling","8":"pa_brand-paul-mitchell","9":"berocket_brand-paul-mitchell","11":"first","12":"outofstock","13":"sale","14":"taxable","15":"shipping-taxable","16":"purchasable","17":"product-type-simple"},"_links":{"self":[{"href":"https:\/\/stylingagenten.com\/no\/wp-json\/wp\/v2\/product\/392943","targetHints":{"allow":["GET"]}}],"collection":[{"href":"https:\/\/stylingagenten.com\/no\/wp-json\/wp\/v2\/product"}],"about":[{"href":"https:\/\/stylingagenten.com\/no\/wp-json\/wp\/v2\/types\/product"}],"replies":[{"embeddable":true,"href":"https:\/\/stylingagenten.com\/no\/wp-json\/wp\/v2\/comments?post=392943"}],"version-history":[{"count":0,"href":"https:\/\/stylingagenten.com\/no\/wp-json\/wp\/v2\/product\/392943\/revisions"}],"wp:featuredmedia":[{"embeddable":true,"href":"https:\/\/stylingagenten.com\/no\/wp-json\/wp\/v2\/media\/392933"}],"wp:attachment":[{"href":"https:\/\/stylingagenten.com\/no\/wp-json\/wp\/v2\/media?parent=392943"}],"wp:term":[{"taxonomy":"product_brand","embeddable":true,"href":"https:\/\/stylingagenten.com\/no\/wp-json\/wp\/v2\/product_brand?post=392943"},{"taxonomy":"product_cat","embeddable":true,"href":"https:\/\/stylingagenten.com\/no\/wp-json\/wp\/v2\/product_cat?post=392943"},{"taxonomy":"product_tag","embeddable":true,"href":"https:\/\/stylingagenten.com\/no\/wp-json\/wp\/v2\/product_tag?post=392943"},{"taxonomy":"berocket_brand","embeddable":true,"href":"https:\/\/stylingagenten.com\/no\/wp-json\/wp\/v2\/berocket_brand?post=392943"}],"curies":[{"name":"wp","href":"https:\/\/api.w.org\/{rel}","templated":true}]}}