{"id":392935,"date":"2025-05-18T22:10:07","date_gmt":"2025-05-18T22:10:07","guid":{"rendered":"https:\/\/staging2.stylingagenten.com\/no\/produkt\/color-wow-dream-coat-supernatural-spray-200ml\/"},"modified":"2026-04-11T13:28:38","modified_gmt":"2026-04-11T13:28:38","slug":"color-wow-dream-coat-supernatural-spray-200ml","status":"publish","type":"product","link":"https:\/\/stylingagenten.com\/no\/produkt\/color-wow-dream-coat-supernatural-spray-200ml\/","title":{"rendered":"Color Wow Dream Coat Supernatural Spray 200ml"},"content":{"rendered":"<p style='margin: 0cm 0cm 8pt;font-family: \"Calibri\", sans-serif'>Merkbar fuktforsegling som hindrer h\u00e5ret i \u00e5 bli en krusbombe i v\u00e5tt og fuktig v\u00e6r. Aktiveres av varme og varer opptil 3 vask. Du m\u00e5 se det for \u00e5 tro det..men det er fuktsikkert! Gir h\u00e5ret en silkeaktig tekstur.<\/p>\n<p style='margin: 0cm 0cm 8pt;font-family: \"Calibri\", sans-serif'>Fargekjemikalier etterlater h\u00e5ret por\u00f8st og s\u00e5rbart for fuktighet. Fuktighet presser inn og h\u00e5ret blir hovne og krusete! &nbsp;DREAM COAT, inspirert av ny tekstilteknologi, dekker alle h\u00e5rstiler; med en usynlig vanntetting. Varmeaktivert polymer fungerer for \u00e5 komprimere, strekke og rive hjertestrengene. H\u00e5ret er glatt, mykt og silkeaktig. I motsetning til typisk &laquo;fuktighetsbeskyttelse&raquo; -serum, Dream Coat vil ikke &rdquo;bygge p\u00e5&aring;&rdquo; i h\u00e5ret, noe som tynger h\u00e5ret ned eller gj\u00f8r det fett. Effekten varer opptil 3 sjamponeringer.<\/p>\n<p style='margin: 0cm 0cm 8pt;font-family: \"Calibri\", sans-serif'>Bruk: P\u00e5f\u00f8r produktet i nyvasket og h\u00e5ndklet\u00f8rt h\u00e5r, del h\u00e5ret i seksjoner. Spray hver seksjon rikelig og gre gjennom. Gre gjennom hver seksjon med en b\u00f8rste for \u00e5 holde h\u00e5ret stramt. Aktivert av varme.<\/p>\n","protected":false},"excerpt":{"rendered":"<p>Merkbar fuktforsegling som hindrer h\u00e5ret i \u00e5 bli en krusbombe i v\u00e5tt og fuktig v\u00e6r. Aktiveres av varme og varer opptil 3 vask. Du m\u00e5 se det for \u00e5 tro det..men det er fuktsikkert! Gir h\u00e5ret en silkeaktig tekstur. Fargekjemikalier etterlater h\u00e5ret por\u00f8st og s\u00e5rbart for fuktighet. Fuktighet presser inn og h\u00e5ret blir hovne og [&hellip;]<\/p>\n","protected":false},"featured_media":392934,"comment_status":"open","ping_status":"closed","template":"","meta":{"_trash_the_other_posts":false},"product_brand":[],"product_cat":[546],"product_tag":[2727],"berocket_brand":[1129],"class_list":{"0":"post-392935","1":"product","2":"type-product","3":"status-publish","4":"has-post-thumbnail","6":"product_cat-harstyling","7":"product_tag-color-wow-dream-coat-supernatural-spray","8":"pa_brand-color-wow","9":"pa_variant-200ml","10":"berocket_brand-color-wow","12":"first","13":"instock","14":"sale","15":"taxable","16":"shipping-taxable","17":"purchasable","18":"product-type-simple"},"_links":{"self":[{"href":"https:\/\/stylingagenten.com\/no\/wp-json\/wp\/v2\/product\/392935","targetHints":{"allow":["GET"]}}],"collection":[{"href":"https:\/\/stylingagenten.com\/no\/wp-json\/wp\/v2\/product"}],"about":[{"href":"https:\/\/stylingagenten.com\/no\/wp-json\/wp\/v2\/types\/product"}],"replies":[{"embeddable":true,"href":"https:\/\/stylingagenten.com\/no\/wp-json\/wp\/v2\/comments?post=392935"}],"version-history":[{"count":0,"href":"https:\/\/stylingagenten.com\/no\/wp-json\/wp\/v2\/product\/392935\/revisions"}],"wp:featuredmedia":[{"embeddable":true,"href":"https:\/\/stylingagenten.com\/no\/wp-json\/wp\/v2\/media\/392934"}],"wp:attachment":[{"href":"https:\/\/stylingagenten.com\/no\/wp-json\/wp\/v2\/media?parent=392935"}],"wp:term":[{"taxonomy":"product_brand","embeddable":true,"href":"https:\/\/stylingagenten.com\/no\/wp-json\/wp\/v2\/product_brand?post=392935"},{"taxonomy":"product_cat","embeddable":true,"href":"https:\/\/stylingagenten.com\/no\/wp-json\/wp\/v2\/product_cat?post=392935"},{"taxonomy":"product_tag","embeddable":true,"href":"https:\/\/stylingagenten.com\/no\/wp-json\/wp\/v2\/product_tag?post=392935"},{"taxonomy":"berocket_brand","embeddable":true,"href":"https:\/\/stylingagenten.com\/no\/wp-json\/wp\/v2\/berocket_brand?post=392935"}],"curies":[{"name":"wp","href":"https:\/\/api.w.org\/{rel}","templated":true}]}}