{"id":392891,"date":"2025-05-18T22:09:57","date_gmt":"2025-05-18T22:09:57","guid":{"rendered":"https:\/\/staging2.stylingagenten.com\/no\/produkt\/wella-eimi-pearl-styler-styling-gel-xxl-150ml\/"},"modified":"2026-04-15T06:19:36","modified_gmt":"2026-04-15T06:19:36","slug":"wella-eimi-pearl-styler-styling-gel-xxl-150ml","status":"publish","type":"product","link":"https:\/\/stylingagenten.com\/no\/produkt\/wella-eimi-pearl-styler-styling-gel-xxl-150ml\/","title":{"rendered":"Wella EIMI Pearl Styler Styling Gel XXL 150ml"},"content":{"rendered":"<p>Wella EIMI Pearl Styler Styling Gel gir deg muligheten til \u00e5 forme h\u00e5ret akkurat som du vil.<br \/>Utforsk fantasien, gi den frie t\u00f8yler og lag fantastiske frisyrer med definert struktur og eksklusiv perleglans.<\/p>\n","protected":false},"excerpt":{"rendered":"<p>Wella EIMI Pearl Styler Styling Gel gir deg muligheten til \u00e5 forme h\u00e5ret akkurat som du vil.Utforsk fantasien, gi den frie t\u00f8yler og lag fantastiske frisyrer med definert struktur og eksklusiv perleglans.<\/p>\n","protected":false},"featured_media":392883,"comment_status":"open","ping_status":"closed","template":"","meta":{"_trash_the_other_posts":false},"product_brand":[],"product_cat":[546],"product_tag":[],"berocket_brand":[1030],"class_list":{"0":"post-392891","1":"product","2":"type-product","3":"status-publish","4":"has-post-thumbnail","6":"product_cat-harstyling","7":"pa_brand-wella","8":"berocket_brand-wella","10":"first","11":"instock","12":"sale","13":"taxable","14":"shipping-taxable","15":"purchasable","16":"product-type-simple"},"_links":{"self":[{"href":"https:\/\/stylingagenten.com\/no\/wp-json\/wp\/v2\/product\/392891","targetHints":{"allow":["GET"]}}],"collection":[{"href":"https:\/\/stylingagenten.com\/no\/wp-json\/wp\/v2\/product"}],"about":[{"href":"https:\/\/stylingagenten.com\/no\/wp-json\/wp\/v2\/types\/product"}],"replies":[{"embeddable":true,"href":"https:\/\/stylingagenten.com\/no\/wp-json\/wp\/v2\/comments?post=392891"}],"version-history":[{"count":0,"href":"https:\/\/stylingagenten.com\/no\/wp-json\/wp\/v2\/product\/392891\/revisions"}],"wp:featuredmedia":[{"embeddable":true,"href":"https:\/\/stylingagenten.com\/no\/wp-json\/wp\/v2\/media\/392883"}],"wp:attachment":[{"href":"https:\/\/stylingagenten.com\/no\/wp-json\/wp\/v2\/media?parent=392891"}],"wp:term":[{"taxonomy":"product_brand","embeddable":true,"href":"https:\/\/stylingagenten.com\/no\/wp-json\/wp\/v2\/product_brand?post=392891"},{"taxonomy":"product_cat","embeddable":true,"href":"https:\/\/stylingagenten.com\/no\/wp-json\/wp\/v2\/product_cat?post=392891"},{"taxonomy":"product_tag","embeddable":true,"href":"https:\/\/stylingagenten.com\/no\/wp-json\/wp\/v2\/product_tag?post=392891"},{"taxonomy":"berocket_brand","embeddable":true,"href":"https:\/\/stylingagenten.com\/no\/wp-json\/wp\/v2\/berocket_brand?post=392891"}],"curies":[{"name":"wp","href":"https:\/\/api.w.org\/{rel}","templated":true}]}}