{"id":392872,"date":"2025-05-18T22:09:53","date_gmt":"2025-05-18T22:09:53","guid":{"rendered":"https:\/\/staging2.stylingagenten.com\/no\/produkt\/paul-mitchell-super-clean-sculpting-gel-200ml\/"},"modified":"2026-04-07T21:09:03","modified_gmt":"2026-04-07T21:09:03","slug":"paul-mitchell-super-clean-sculpting-gel-200ml","status":"publish","type":"product","link":"https:\/\/stylingagenten.com\/no\/produkt\/paul-mitchell-super-clean-sculpting-gel-200ml\/","title":{"rendered":"Paul Mitchell Super Clean Sculpting Gel 200ml"},"content":{"rendered":"<p>Gel for maksimal charter. Inneholder verdifull aloe vera. <br \/>For v\u00e5tt&ndash; og t\u00f8rt utseende. Lett \u00e5 b\u00f8rste ut.<\/p>\n","protected":false},"excerpt":{"rendered":"<p>Gel for maksimal charter. Inneholder verdifull aloe vera. For v\u00e5tt&ndash; og t\u00f8rt utseende. Lett \u00e5 b\u00f8rste ut.<\/p>\n","protected":false},"featured_media":392870,"comment_status":"open","ping_status":"closed","template":"","meta":{"_trash_the_other_posts":false},"product_brand":[],"product_cat":[546],"product_tag":[],"berocket_brand":[1053],"class_list":{"0":"post-392872","1":"product","2":"type-product","3":"status-publish","4":"has-post-thumbnail","6":"product_cat-harstyling","7":"pa_brand-paul-mitchell","8":"berocket_brand-paul-mitchell","10":"first","11":"instock","12":"sale","13":"taxable","14":"shipping-taxable","15":"purchasable","16":"product-type-simple"},"_links":{"self":[{"href":"https:\/\/stylingagenten.com\/no\/wp-json\/wp\/v2\/product\/392872","targetHints":{"allow":["GET"]}}],"collection":[{"href":"https:\/\/stylingagenten.com\/no\/wp-json\/wp\/v2\/product"}],"about":[{"href":"https:\/\/stylingagenten.com\/no\/wp-json\/wp\/v2\/types\/product"}],"replies":[{"embeddable":true,"href":"https:\/\/stylingagenten.com\/no\/wp-json\/wp\/v2\/comments?post=392872"}],"version-history":[{"count":0,"href":"https:\/\/stylingagenten.com\/no\/wp-json\/wp\/v2\/product\/392872\/revisions"}],"wp:featuredmedia":[{"embeddable":true,"href":"https:\/\/stylingagenten.com\/no\/wp-json\/wp\/v2\/media\/392870"}],"wp:attachment":[{"href":"https:\/\/stylingagenten.com\/no\/wp-json\/wp\/v2\/media?parent=392872"}],"wp:term":[{"taxonomy":"product_brand","embeddable":true,"href":"https:\/\/stylingagenten.com\/no\/wp-json\/wp\/v2\/product_brand?post=392872"},{"taxonomy":"product_cat","embeddable":true,"href":"https:\/\/stylingagenten.com\/no\/wp-json\/wp\/v2\/product_cat?post=392872"},{"taxonomy":"product_tag","embeddable":true,"href":"https:\/\/stylingagenten.com\/no\/wp-json\/wp\/v2\/product_tag?post=392872"},{"taxonomy":"berocket_brand","embeddable":true,"href":"https:\/\/stylingagenten.com\/no\/wp-json\/wp\/v2\/berocket_brand?post=392872"}],"curies":[{"name":"wp","href":"https:\/\/api.w.org\/{rel}","templated":true}]}}