{"id":392864,"date":"2025-05-18T22:09:52","date_gmt":"2025-05-18T22:09:52","guid":{"rendered":"https:\/\/staging2.stylingagenten.com\/no\/produkt\/paul-mitchell-kids-taming-spray-250ml\/"},"modified":"2026-03-28T18:08:37","modified_gmt":"2026-03-28T18:08:37","slug":"paul-mitchell-kids-taming-spray-250ml","status":"publish","type":"product","link":"https:\/\/stylingagenten.com\/no\/produkt\/paul-mitchell-kids-taming-spray-250ml\/","title":{"rendered":"Paul Mitchell Kids Taming Spray 250ml"},"content":{"rendered":"<p>Taming Spray er en pleiespray som er spesielt utviklet for barn.<br \/>Sprayen l\u00f8ser effektivt ut floker og h\u00e5ret blir mykt og skinnende. Kan brukes i b\u00e5de t\u00f8rt og v\u00e5tt h\u00e5r.<\/p>\n","protected":false},"excerpt":{"rendered":"<p>Taming Spray er en pleiespray som er spesielt utviklet for barn.Sprayen l\u00f8ser effektivt ut floker og h\u00e5ret blir mykt og skinnende. Kan brukes i b\u00e5de t\u00f8rt og v\u00e5tt h\u00e5r.<\/p>\n","protected":false},"featured_media":457745,"comment_status":"open","ping_status":"closed","template":"","meta":{"_trash_the_other_posts":false},"product_brand":[],"product_cat":[546],"product_tag":[],"berocket_brand":[1053],"class_list":{"0":"post-392864","1":"product","2":"type-product","3":"status-publish","4":"has-post-thumbnail","6":"product_cat-harstyling","7":"pa_brand-paul-mitchell","8":"berocket_brand-paul-mitchell","10":"first","11":"outofstock","12":"sale","13":"taxable","14":"shipping-taxable","15":"purchasable","16":"product-type-simple"},"_links":{"self":[{"href":"https:\/\/stylingagenten.com\/no\/wp-json\/wp\/v2\/product\/392864","targetHints":{"allow":["GET"]}}],"collection":[{"href":"https:\/\/stylingagenten.com\/no\/wp-json\/wp\/v2\/product"}],"about":[{"href":"https:\/\/stylingagenten.com\/no\/wp-json\/wp\/v2\/types\/product"}],"replies":[{"embeddable":true,"href":"https:\/\/stylingagenten.com\/no\/wp-json\/wp\/v2\/comments?post=392864"}],"version-history":[{"count":0,"href":"https:\/\/stylingagenten.com\/no\/wp-json\/wp\/v2\/product\/392864\/revisions"}],"wp:featuredmedia":[{"embeddable":true,"href":"https:\/\/stylingagenten.com\/no\/wp-json\/wp\/v2\/media\/457745"}],"wp:attachment":[{"href":"https:\/\/stylingagenten.com\/no\/wp-json\/wp\/v2\/media?parent=392864"}],"wp:term":[{"taxonomy":"product_brand","embeddable":true,"href":"https:\/\/stylingagenten.com\/no\/wp-json\/wp\/v2\/product_brand?post=392864"},{"taxonomy":"product_cat","embeddable":true,"href":"https:\/\/stylingagenten.com\/no\/wp-json\/wp\/v2\/product_cat?post=392864"},{"taxonomy":"product_tag","embeddable":true,"href":"https:\/\/stylingagenten.com\/no\/wp-json\/wp\/v2\/product_tag?post=392864"},{"taxonomy":"berocket_brand","embeddable":true,"href":"https:\/\/stylingagenten.com\/no\/wp-json\/wp\/v2\/berocket_brand?post=392864"}],"curies":[{"name":"wp","href":"https:\/\/api.w.org\/{rel}","templated":true}]}}