{"id":392856,"date":"2025-05-18T22:09:49","date_gmt":"2025-05-18T22:09:49","guid":{"rendered":"https:\/\/staging2.stylingagenten.com\/no\/produkt\/paul-mitchell-flexible-style-super-sculpt-250ml\/"},"modified":"2026-02-18T11:05:34","modified_gmt":"2026-02-18T11:05:34","slug":"paul-mitchell-flexible-style-super-sculpt-250ml","status":"publish","type":"product","link":"https:\/\/stylingagenten.com\/no\/produkt\/paul-mitchell-flexible-style-super-sculpt-250ml\/","title":{"rendered":"Paul Mitchell Flexible Style Super Sculpt 250ml"},"content":{"rendered":"<p>Styler h\u00e5ret med denne hurtigt\u00f8rkende Super Sculpt-glasuren fra Paul Mitchell.<br \/>Beskytter ogs\u00e5 mot h\u00e5rets t\u00f8rkeeffekt og bevarer fuktigheten i h\u00e5ret. Den gir maksimalt volum ved h\u00e5rt\u00f8rking, godt hold og fantastisk glans.<br \/>Har konsistens som flytende gel&eacute; og er lett \u00e5 jobbe med. Kontrollerer kruset h\u00e5r og vilt h\u00e5r.<\/p>\n","protected":false},"excerpt":{"rendered":"<p>Styler h\u00e5ret med denne hurtigt\u00f8rkende Super Sculpt-glasuren fra Paul Mitchell.Beskytter ogs\u00e5 mot h\u00e5rets t\u00f8rkeeffekt og bevarer fuktigheten i h\u00e5ret. Den gir maksimalt volum ved h\u00e5rt\u00f8rking, godt hold og fantastisk glans.Har konsistens som flytende gel&eacute; og er lett \u00e5 jobbe med. Kontrollerer kruset h\u00e5r og vilt h\u00e5r.<\/p>\n","protected":false},"featured_media":465843,"comment_status":"open","ping_status":"closed","template":"","meta":{"_trash_the_other_posts":false},"product_brand":[],"product_cat":[546],"product_tag":[],"berocket_brand":[1053],"class_list":{"0":"post-392856","1":"product","2":"type-product","3":"status-publish","4":"has-post-thumbnail","6":"product_cat-harstyling","7":"pa_brand-paul-mitchell","8":"berocket_brand-paul-mitchell","10":"first","11":"instock","12":"sale","13":"taxable","14":"shipping-taxable","15":"purchasable","16":"product-type-simple"},"_links":{"self":[{"href":"https:\/\/stylingagenten.com\/no\/wp-json\/wp\/v2\/product\/392856","targetHints":{"allow":["GET"]}}],"collection":[{"href":"https:\/\/stylingagenten.com\/no\/wp-json\/wp\/v2\/product"}],"about":[{"href":"https:\/\/stylingagenten.com\/no\/wp-json\/wp\/v2\/types\/product"}],"replies":[{"embeddable":true,"href":"https:\/\/stylingagenten.com\/no\/wp-json\/wp\/v2\/comments?post=392856"}],"version-history":[{"count":0,"href":"https:\/\/stylingagenten.com\/no\/wp-json\/wp\/v2\/product\/392856\/revisions"}],"wp:featuredmedia":[{"embeddable":true,"href":"https:\/\/stylingagenten.com\/no\/wp-json\/wp\/v2\/media\/465843"}],"wp:attachment":[{"href":"https:\/\/stylingagenten.com\/no\/wp-json\/wp\/v2\/media?parent=392856"}],"wp:term":[{"taxonomy":"product_brand","embeddable":true,"href":"https:\/\/stylingagenten.com\/no\/wp-json\/wp\/v2\/product_brand?post=392856"},{"taxonomy":"product_cat","embeddable":true,"href":"https:\/\/stylingagenten.com\/no\/wp-json\/wp\/v2\/product_cat?post=392856"},{"taxonomy":"product_tag","embeddable":true,"href":"https:\/\/stylingagenten.com\/no\/wp-json\/wp\/v2\/product_tag?post=392856"},{"taxonomy":"berocket_brand","embeddable":true,"href":"https:\/\/stylingagenten.com\/no\/wp-json\/wp\/v2\/berocket_brand?post=392856"}],"curies":[{"name":"wp","href":"https:\/\/api.w.org\/{rel}","templated":true}]}}