{"id":392814,"date":"2025-05-18T22:09:39","date_gmt":"2025-05-18T22:09:39","guid":{"rendered":"https:\/\/staging2.stylingagenten.com\/no\/produkt\/kevin-murphy-anti-gravity-150ml\/"},"modified":"2026-03-11T21:57:04","modified_gmt":"2026-03-11T21:57:04","slug":"kevin-murphy-anti-gravity-150ml","status":"publish","type":"product","link":"https:\/\/stylingagenten.com\/no\/produkt\/kevin-murphy-anti-gravity-150ml\/","title":{"rendered":"Kevin Murphy Anti Gravity 150ml"},"content":{"rendered":"<p>Lag stiler som er ute av denne verden med denne vektl\u00f8se ANTI.GRAVITY-kremen.<br \/>Denne oljefrie volumgivende lotionen og teksturizeren lar deg umiddelbart lage st\u00f8rre og tykkere h\u00e5r ;r.<br \/>Det hjelper for \u00e5 holde frisyren p\u00e5; plass enten den er lang, kort, buet eller utbl\u00e5st.<br \/>Tar kontroll over; flyktig h\u00e5r og gir glans, UV-beskyttelse og vektl\u00f8st volum.<\/p>\n<p>sulfat, paraben og grusomhetsfri<\/p>\n","protected":false},"excerpt":{"rendered":"<p>Lag stiler som er ute av denne verden med denne vektl\u00f8se ANTI.GRAVITY-kremen.Denne oljefrie volumgivende lotionen og teksturizeren lar deg umiddelbart lage st\u00f8rre og tykkere h\u00e5r ;r.Det hjelper for \u00e5 holde frisyren p\u00e5; plass enten den er lang, kort, buet eller utbl\u00e5st.Tar kontroll over; flyktig h\u00e5r og gir glans, UV-beskyttelse og vektl\u00f8st volum. sulfat, paraben og [&hellip;]<\/p>\n","protected":false},"featured_media":392809,"comment_status":"open","ping_status":"closed","template":"","meta":{"_trash_the_other_posts":false},"product_brand":[],"product_cat":[546],"product_tag":[3115],"berocket_brand":[1165],"class_list":{"0":"post-392814","1":"product","2":"type-product","3":"status-publish","4":"has-post-thumbnail","6":"product_cat-harstyling","7":"product_tag-kevin-murphy-anti-gravity","8":"pa_brand-kevin-murphy","9":"pa_variant-150ml","10":"berocket_brand-kevin-murphy","12":"first","13":"instock","14":"sale","15":"taxable","16":"shipping-taxable","17":"purchasable","18":"product-type-simple"},"_links":{"self":[{"href":"https:\/\/stylingagenten.com\/no\/wp-json\/wp\/v2\/product\/392814","targetHints":{"allow":["GET"]}}],"collection":[{"href":"https:\/\/stylingagenten.com\/no\/wp-json\/wp\/v2\/product"}],"about":[{"href":"https:\/\/stylingagenten.com\/no\/wp-json\/wp\/v2\/types\/product"}],"replies":[{"embeddable":true,"href":"https:\/\/stylingagenten.com\/no\/wp-json\/wp\/v2\/comments?post=392814"}],"version-history":[{"count":0,"href":"https:\/\/stylingagenten.com\/no\/wp-json\/wp\/v2\/product\/392814\/revisions"}],"wp:featuredmedia":[{"embeddable":true,"href":"https:\/\/stylingagenten.com\/no\/wp-json\/wp\/v2\/media\/392809"}],"wp:attachment":[{"href":"https:\/\/stylingagenten.com\/no\/wp-json\/wp\/v2\/media?parent=392814"}],"wp:term":[{"taxonomy":"product_brand","embeddable":true,"href":"https:\/\/stylingagenten.com\/no\/wp-json\/wp\/v2\/product_brand?post=392814"},{"taxonomy":"product_cat","embeddable":true,"href":"https:\/\/stylingagenten.com\/no\/wp-json\/wp\/v2\/product_cat?post=392814"},{"taxonomy":"product_tag","embeddable":true,"href":"https:\/\/stylingagenten.com\/no\/wp-json\/wp\/v2\/product_tag?post=392814"},{"taxonomy":"berocket_brand","embeddable":true,"href":"https:\/\/stylingagenten.com\/no\/wp-json\/wp\/v2\/berocket_brand?post=392814"}],"curies":[{"name":"wp","href":"https:\/\/api.w.org\/{rel}","templated":true}]}}