{"id":392791,"date":"2025-05-18T22:09:35","date_gmt":"2025-05-18T22:09:35","guid":{"rendered":"https:\/\/staging2.stylingagenten.com\/no\/produkt\/loreal-tecni-art-liss-control-gel-cream-150ml\/"},"modified":"2026-04-04T17:38:31","modified_gmt":"2026-04-04T17:38:31","slug":"loreal-tecni-art-liss-control-gel-cream-150ml","status":"publish","type":"product","link":"https:\/\/stylingagenten.com\/no\/produkt\/loreal-tecni-art-liss-control-gel-cream-150ml\/","title":{"rendered":"L&#8217;Oreal Tecni.Art Liss Control Gel Cream 150ml"},"content":{"rendered":"<p>L&#8217;Or\u00e9al Tecni.Art Liss Control 150ml En gel for uh\u00e5ndterlig h\u00e5r som lett blir flokete. Gelen tilf\u00f8rer glans til frisyren din og gj\u00f8r h\u00e5ret lettere \u00e5 gre. L&#8217;Or\u00e9al Professionnel tecni.art Liss Control Gel Cream Force 2 er ikke-klebrig og etterlater ingen rester. Den er perfekt for \u00e5 jevne ut h\u00e5ret samtidig som den gir maksimal beskyttelse, inkludert et UV-filter.<\/p>\n","protected":false},"excerpt":{"rendered":"<p>L&#8217;Or\u00e9al Tecni.Art Liss Control 150ml En gel for uh\u00e5ndterlig h\u00e5r som lett blir flokete. Gelen tilf\u00f8rer glans til frisyren din og gj\u00f8r h\u00e5ret lettere \u00e5 gre. L&#8217;Or\u00e9al Professionnel tecni.art Liss Control Gel Cream Force 2 er ikke-klebrig og etterlater ingen rester. Den er perfekt for \u00e5 jevne ut h\u00e5ret samtidig som den gir maksimal beskyttelse, [&hellip;]<\/p>\n","protected":false},"featured_media":392789,"comment_status":"open","ping_status":"closed","template":"","meta":{"_trash_the_other_posts":false},"product_brand":[],"product_cat":[546],"product_tag":[],"berocket_brand":[2001],"class_list":{"0":"post-392791","1":"product","2":"type-product","3":"status-publish","4":"has-post-thumbnail","6":"product_cat-harstyling","7":"pa_brand-loreal-paris-2","8":"berocket_brand-loreal-paris","10":"first","11":"instock","12":"sale","13":"taxable","14":"shipping-taxable","15":"purchasable","16":"product-type-simple"},"_links":{"self":[{"href":"https:\/\/stylingagenten.com\/no\/wp-json\/wp\/v2\/product\/392791","targetHints":{"allow":["GET"]}}],"collection":[{"href":"https:\/\/stylingagenten.com\/no\/wp-json\/wp\/v2\/product"}],"about":[{"href":"https:\/\/stylingagenten.com\/no\/wp-json\/wp\/v2\/types\/product"}],"replies":[{"embeddable":true,"href":"https:\/\/stylingagenten.com\/no\/wp-json\/wp\/v2\/comments?post=392791"}],"version-history":[{"count":0,"href":"https:\/\/stylingagenten.com\/no\/wp-json\/wp\/v2\/product\/392791\/revisions"}],"wp:featuredmedia":[{"embeddable":true,"href":"https:\/\/stylingagenten.com\/no\/wp-json\/wp\/v2\/media\/392789"}],"wp:attachment":[{"href":"https:\/\/stylingagenten.com\/no\/wp-json\/wp\/v2\/media?parent=392791"}],"wp:term":[{"taxonomy":"product_brand","embeddable":true,"href":"https:\/\/stylingagenten.com\/no\/wp-json\/wp\/v2\/product_brand?post=392791"},{"taxonomy":"product_cat","embeddable":true,"href":"https:\/\/stylingagenten.com\/no\/wp-json\/wp\/v2\/product_cat?post=392791"},{"taxonomy":"product_tag","embeddable":true,"href":"https:\/\/stylingagenten.com\/no\/wp-json\/wp\/v2\/product_tag?post=392791"},{"taxonomy":"berocket_brand","embeddable":true,"href":"https:\/\/stylingagenten.com\/no\/wp-json\/wp\/v2\/berocket_brand?post=392791"}],"curies":[{"name":"wp","href":"https:\/\/api.w.org\/{rel}","templated":true}]}}