{"id":392779,"date":"2025-05-18T22:09:33","date_gmt":"2025-05-18T22:09:33","guid":{"rendered":"https:\/\/staging2.stylingagenten.com\/no\/produkt\/goldwell-dualsenses-ultra-volume-bodifying-spray-150ml\/"},"modified":"2026-04-09T18:37:44","modified_gmt":"2026-04-09T18:37:44","slug":"goldwell-dualsenses-ultra-volume-bodifying-spray-150ml","status":"publish","type":"product","link":"https:\/\/stylingagenten.com\/no\/produkt\/goldwell-dualsenses-ultra-volume-bodifying-spray-150ml\/","title":{"rendered":"Goldwell Dualsenses Ultra Volume Bodifying Spray 150ml"},"content":{"rendered":"<p>Goldwell Dualsenses Ultra Volume Bodifying Spray er en volumgivende leave-in spray som styrker og gir fylde til fint og tynt h\u00e5r. Bodifying spray tilf\u00f8rer lettvektsverdi og forbedrer h\u00e5rets elastisitet samtidig som den styrker h\u00e5rfibrene og gj\u00f8r h\u00e5ret lettere \u00e5 gre ut. Formelen er utviklet med innebygd fargebeskyttelse for \u00e5 forhindre falming og bruker styrkende risprotein for \u00f8kt volum og for \u00e5 skape synlig tykkere h\u00e5r.<\/p>\n","protected":false},"excerpt":{"rendered":"<p>Goldwell Dualsenses Ultra Volume Bodifying Spray er en volumgivende leave-in spray som styrker og gir fylde til fint og tynt h\u00e5r. Bodifying spray tilf\u00f8rer lettvektsverdi og forbedrer h\u00e5rets elastisitet samtidig som den styrker h\u00e5rfibrene og gj\u00f8r h\u00e5ret lettere \u00e5 gre ut. Formelen er utviklet med innebygd fargebeskyttelse for \u00e5 forhindre falming og bruker styrkende risprotein [&hellip;]<\/p>\n","protected":false},"featured_media":392778,"comment_status":"open","ping_status":"closed","template":"","meta":{"_trash_the_other_posts":false},"product_brand":[],"product_cat":[546],"product_tag":[],"berocket_brand":[1328],"class_list":{"0":"post-392779","1":"product","2":"type-product","3":"status-publish","4":"has-post-thumbnail","6":"product_cat-harstyling","7":"pa_brand-goldwell","8":"berocket_brand-goldwell","10":"first","11":"instock","12":"sale","13":"taxable","14":"shipping-taxable","15":"purchasable","16":"product-type-simple"},"_links":{"self":[{"href":"https:\/\/stylingagenten.com\/no\/wp-json\/wp\/v2\/product\/392779","targetHints":{"allow":["GET"]}}],"collection":[{"href":"https:\/\/stylingagenten.com\/no\/wp-json\/wp\/v2\/product"}],"about":[{"href":"https:\/\/stylingagenten.com\/no\/wp-json\/wp\/v2\/types\/product"}],"replies":[{"embeddable":true,"href":"https:\/\/stylingagenten.com\/no\/wp-json\/wp\/v2\/comments?post=392779"}],"version-history":[{"count":0,"href":"https:\/\/stylingagenten.com\/no\/wp-json\/wp\/v2\/product\/392779\/revisions"}],"wp:featuredmedia":[{"embeddable":true,"href":"https:\/\/stylingagenten.com\/no\/wp-json\/wp\/v2\/media\/392778"}],"wp:attachment":[{"href":"https:\/\/stylingagenten.com\/no\/wp-json\/wp\/v2\/media?parent=392779"}],"wp:term":[{"taxonomy":"product_brand","embeddable":true,"href":"https:\/\/stylingagenten.com\/no\/wp-json\/wp\/v2\/product_brand?post=392779"},{"taxonomy":"product_cat","embeddable":true,"href":"https:\/\/stylingagenten.com\/no\/wp-json\/wp\/v2\/product_cat?post=392779"},{"taxonomy":"product_tag","embeddable":true,"href":"https:\/\/stylingagenten.com\/no\/wp-json\/wp\/v2\/product_tag?post=392779"},{"taxonomy":"berocket_brand","embeddable":true,"href":"https:\/\/stylingagenten.com\/no\/wp-json\/wp\/v2\/berocket_brand?post=392779"}],"curies":[{"name":"wp","href":"https:\/\/api.w.org\/{rel}","templated":true}]}}