{"id":392772,"date":"2025-05-18T22:09:30","date_gmt":"2025-05-18T22:09:30","guid":{"rendered":"https:\/\/staging2.stylingagenten.com\/no\/produkt\/paul-mitchell-platinum-blonde-toning-spray-150ml\/"},"modified":"2026-03-11T21:50:54","modified_gmt":"2026-03-11T21:50:54","slug":"paul-mitchell-platinum-blonde-toning-spray-150ml","status":"publish","type":"product","link":"https:\/\/stylingagenten.com\/no\/produkt\/paul-mitchell-platinum-blonde-toning-spray-150ml\/","title":{"rendered":"Paul Mitchell Platinum Blonde Toning Spray 150ml"},"content":{"rendered":"<p>Paul Mitchell Platinum Blond Toning Spray er en prisvinnende leave-in balsamspray som tilf\u00f8rer glans og mykgj\u00f8r det blonde, s\u00f8lvfargede eller hvite h\u00e5ret ditt. Formulert for \u00e5 n\u00f8ytralisere messingtoner og styrke tr\u00e5dene for en sunn og vakker svelling. &nbsp; &nbsp;<\/p>\n","protected":false},"excerpt":{"rendered":"<p>Paul Mitchell Platinum Blond Toning Spray er en prisvinnende leave-in balsamspray som tilf\u00f8rer glans og mykgj\u00f8r det blonde, s\u00f8lvfargede eller hvite h\u00e5ret ditt. Formulert for \u00e5 n\u00f8ytralisere messingtoner og styrke tr\u00e5dene for en sunn og vakker svelling. &nbsp; &nbsp;<\/p>\n","protected":false},"featured_media":392765,"comment_status":"open","ping_status":"closed","template":"","meta":{"_trash_the_other_posts":false},"product_brand":[],"product_cat":[546],"product_tag":[],"berocket_brand":[1053],"class_list":{"0":"post-392772","1":"product","2":"type-product","3":"status-publish","4":"has-post-thumbnail","6":"product_cat-harstyling","7":"pa_brand-paul-mitchell","8":"berocket_brand-paul-mitchell","10":"first","11":"instock","12":"sale","13":"taxable","14":"shipping-taxable","15":"purchasable","16":"product-type-simple"},"_links":{"self":[{"href":"https:\/\/stylingagenten.com\/no\/wp-json\/wp\/v2\/product\/392772","targetHints":{"allow":["GET"]}}],"collection":[{"href":"https:\/\/stylingagenten.com\/no\/wp-json\/wp\/v2\/product"}],"about":[{"href":"https:\/\/stylingagenten.com\/no\/wp-json\/wp\/v2\/types\/product"}],"replies":[{"embeddable":true,"href":"https:\/\/stylingagenten.com\/no\/wp-json\/wp\/v2\/comments?post=392772"}],"version-history":[{"count":0,"href":"https:\/\/stylingagenten.com\/no\/wp-json\/wp\/v2\/product\/392772\/revisions"}],"wp:featuredmedia":[{"embeddable":true,"href":"https:\/\/stylingagenten.com\/no\/wp-json\/wp\/v2\/media\/392765"}],"wp:attachment":[{"href":"https:\/\/stylingagenten.com\/no\/wp-json\/wp\/v2\/media?parent=392772"}],"wp:term":[{"taxonomy":"product_brand","embeddable":true,"href":"https:\/\/stylingagenten.com\/no\/wp-json\/wp\/v2\/product_brand?post=392772"},{"taxonomy":"product_cat","embeddable":true,"href":"https:\/\/stylingagenten.com\/no\/wp-json\/wp\/v2\/product_cat?post=392772"},{"taxonomy":"product_tag","embeddable":true,"href":"https:\/\/stylingagenten.com\/no\/wp-json\/wp\/v2\/product_tag?post=392772"},{"taxonomy":"berocket_brand","embeddable":true,"href":"https:\/\/stylingagenten.com\/no\/wp-json\/wp\/v2\/berocket_brand?post=392772"}],"curies":[{"name":"wp","href":"https:\/\/api.w.org\/{rel}","templated":true}]}}