{"id":392761,"date":"2025-05-18T22:09:29","date_gmt":"2025-05-18T22:09:29","guid":{"rendered":"https:\/\/staging2.stylingagenten.com\/no\/produkt\/ellwo-moisturizing-leave-in-cream-250ml\/"},"modified":"2026-04-07T08:39:22","modified_gmt":"2026-04-07T08:39:22","slug":"ellwo-moisturizing-leave-in-cream-250ml","status":"publish","type":"product","link":"https:\/\/stylingagenten.com\/no\/produkt\/ellwo-moisturizing-leave-in-cream-250ml\/","title":{"rendered":"Ellwo Moisturizing Leave-in Cream 250ml"},"content":{"rendered":"<p>Ellwo Moisturizing Leave-in Cream er en unders\u00f8kende krem \u200b\u200bsom myker og fukter h\u00e5ret p\u00e5 dybden. Kremen beskytter ved bruk av h\u00e5rf\u00f8ner eller strykejern. Beriket med avokadoolje, epleolje og solsikkeolje.<\/p>\n<p>Fri sulfat og parabener<br \/>Veganer<br \/>Varmebeskyttende<\/p>\n","protected":false},"excerpt":{"rendered":"<p>Ellwo Moisturizing Leave-in Cream er en unders\u00f8kende krem \u200b\u200bsom myker og fukter h\u00e5ret p\u00e5 dybden. Kremen beskytter ved bruk av h\u00e5rf\u00f8ner eller strykejern. Beriket med avokadoolje, epleolje og solsikkeolje. Fri sulfat og parabenerVeganerVarmebeskyttende<\/p>\n","protected":false},"featured_media":392760,"comment_status":"open","ping_status":"closed","template":"","meta":{"_trash_the_other_posts":false},"product_brand":[],"product_cat":[546],"product_tag":[],"berocket_brand":[1305],"class_list":{"0":"post-392761","1":"product","2":"type-product","3":"status-publish","4":"has-post-thumbnail","6":"product_cat-harstyling","7":"pa_brand-ellwo-professional","8":"berocket_brand-ellwo-professional","10":"first","11":"instock","12":"sale","13":"taxable","14":"shipping-taxable","15":"purchasable","16":"product-type-simple"},"_links":{"self":[{"href":"https:\/\/stylingagenten.com\/no\/wp-json\/wp\/v2\/product\/392761","targetHints":{"allow":["GET"]}}],"collection":[{"href":"https:\/\/stylingagenten.com\/no\/wp-json\/wp\/v2\/product"}],"about":[{"href":"https:\/\/stylingagenten.com\/no\/wp-json\/wp\/v2\/types\/product"}],"replies":[{"embeddable":true,"href":"https:\/\/stylingagenten.com\/no\/wp-json\/wp\/v2\/comments?post=392761"}],"version-history":[{"count":0,"href":"https:\/\/stylingagenten.com\/no\/wp-json\/wp\/v2\/product\/392761\/revisions"}],"wp:featuredmedia":[{"embeddable":true,"href":"https:\/\/stylingagenten.com\/no\/wp-json\/wp\/v2\/media\/392760"}],"wp:attachment":[{"href":"https:\/\/stylingagenten.com\/no\/wp-json\/wp\/v2\/media?parent=392761"}],"wp:term":[{"taxonomy":"product_brand","embeddable":true,"href":"https:\/\/stylingagenten.com\/no\/wp-json\/wp\/v2\/product_brand?post=392761"},{"taxonomy":"product_cat","embeddable":true,"href":"https:\/\/stylingagenten.com\/no\/wp-json\/wp\/v2\/product_cat?post=392761"},{"taxonomy":"product_tag","embeddable":true,"href":"https:\/\/stylingagenten.com\/no\/wp-json\/wp\/v2\/product_tag?post=392761"},{"taxonomy":"berocket_brand","embeddable":true,"href":"https:\/\/stylingagenten.com\/no\/wp-json\/wp\/v2\/berocket_brand?post=392761"}],"curies":[{"name":"wp","href":"https:\/\/api.w.org\/{rel}","templated":true}]}}