{"id":392697,"date":"2025-05-18T22:09:14","date_gmt":"2025-05-18T22:09:14","guid":{"rendered":"https:\/\/staging2.stylingagenten.com\/no\/produkt\/american-crew-firm-hold-styling-gel-250ml\/"},"modified":"2026-03-19T12:17:45","modified_gmt":"2026-03-19T12:17:45","slug":"american-crew-firm-hold-styling-gel-250ml","status":"publish","type":"product","link":"https:\/\/stylingagenten.com\/no\/produkt\/american-crew-firm-hold-styling-gel-250ml\/","title":{"rendered":"American Crew Firm Hold Styling Gel 250ml"},"content":{"rendered":"<p>American Crew Styling Gel Firm Hold gir h\u00f8yt hold og volum til h\u00e5ret. Alkoholfri formel og lav pH-verdi opprettholder fuktigheten i h\u00e5ret og hodebunnen.<\/p>\n<p>Bruk:<br \/>Arbeid en liten mengde inn i v\u00e5tt eller h\u00e5ndklet\u00f8rt h\u00e5r r. Style h\u00e5ret slik du vil ha det og la det t\u00f8rke naturlig.<\/p>\n","protected":false},"excerpt":{"rendered":"<p>American Crew Styling Gel Firm Hold gir h\u00f8yt hold og volum til h\u00e5ret. Alkoholfri formel og lav pH-verdi opprettholder fuktigheten i h\u00e5ret og hodebunnen. Bruk:Arbeid en liten mengde inn i v\u00e5tt eller h\u00e5ndklet\u00f8rt h\u00e5r r. Style h\u00e5ret slik du vil ha det og la det t\u00f8rke naturlig.<\/p>\n","protected":false},"featured_media":392696,"comment_status":"open","ping_status":"closed","template":"","meta":{"_trash_the_other_posts":false},"product_brand":[],"product_cat":[546],"product_tag":[2365],"berocket_brand":[1071],"class_list":{"0":"post-392697","1":"product","2":"type-product","3":"status-publish","4":"has-post-thumbnail","6":"product_cat-harstyling","7":"product_tag-american-crew-firm-hold-styling-gel","8":"pa_brand-american-crew","9":"pa_variant-250ml","10":"berocket_brand-american-crew","12":"first","13":"outofstock","14":"sale","15":"taxable","16":"shipping-taxable","17":"purchasable","18":"product-type-simple"},"_links":{"self":[{"href":"https:\/\/stylingagenten.com\/no\/wp-json\/wp\/v2\/product\/392697","targetHints":{"allow":["GET"]}}],"collection":[{"href":"https:\/\/stylingagenten.com\/no\/wp-json\/wp\/v2\/product"}],"about":[{"href":"https:\/\/stylingagenten.com\/no\/wp-json\/wp\/v2\/types\/product"}],"replies":[{"embeddable":true,"href":"https:\/\/stylingagenten.com\/no\/wp-json\/wp\/v2\/comments?post=392697"}],"version-history":[{"count":0,"href":"https:\/\/stylingagenten.com\/no\/wp-json\/wp\/v2\/product\/392697\/revisions"}],"wp:featuredmedia":[{"embeddable":true,"href":"https:\/\/stylingagenten.com\/no\/wp-json\/wp\/v2\/media\/392696"}],"wp:attachment":[{"href":"https:\/\/stylingagenten.com\/no\/wp-json\/wp\/v2\/media?parent=392697"}],"wp:term":[{"taxonomy":"product_brand","embeddable":true,"href":"https:\/\/stylingagenten.com\/no\/wp-json\/wp\/v2\/product_brand?post=392697"},{"taxonomy":"product_cat","embeddable":true,"href":"https:\/\/stylingagenten.com\/no\/wp-json\/wp\/v2\/product_cat?post=392697"},{"taxonomy":"product_tag","embeddable":true,"href":"https:\/\/stylingagenten.com\/no\/wp-json\/wp\/v2\/product_tag?post=392697"},{"taxonomy":"berocket_brand","embeddable":true,"href":"https:\/\/stylingagenten.com\/no\/wp-json\/wp\/v2\/berocket_brand?post=392697"}],"curies":[{"name":"wp","href":"https:\/\/api.w.org\/{rel}","templated":true}]}}